{"id":212,"date":"2022-10-03T13:09:10","date_gmt":"2022-10-03T12:09:10","guid":{"rendered":"http:\/\/mmabay.co.uk\/xpickup\/"},"modified":"2022-10-03T13:09:10","modified_gmt":"2022-10-03T12:09:10","slug":"xpickup","status":"publish","type":"page","link":"https:\/\/mmabay.co.uk\/pl\/xpickup\/","title":{"rendered":"XPickup"},"content":{"rendered":"<p>Istnieje kilka r\u00f3\u017cnych rodzaj\u00f3w <a href=\"http:\/\/mmabay.co.uk\/onebbw\/\">stron erotycznych<\/a>. Niekt\u00f3re s\u0105 nastawione na pomaganie ludziom w \u0142\u0105czeniu si\u0119 z nieznajomymi na jedn\u0105 noc. Inne s\u0105 bardziej podobne do aplikacji randkowych, ale z dodatkow\u0105 funkcj\u0105 pomagaj\u0105c\u0105 znale\u017a\u0107 kogo\u015b, z kim mo\u017cna uprawia\u0107 seks.<\/p>\n<p>Je\u015bli szukasz stoiska na jedn\u0105 noc, dobrym rozwi\u0105zaniem mo\u017ce by\u0107 strona taka jak Pure lub Tinder. Te strony polegaj\u0105 na spotkaniu z kim\u015b, a nast\u0119pnie zabraniu si\u0119 do pracy. Nie ma potrzeby bawi\u0107 si\u0119 w ma\u0142e rozmowy lub martwi\u0107 si\u0119 o to, co robi\u0107 dalej.<\/p>\n<p>Je\u015bli szukasz czego\u015b bardziej powa\u017cnego, lepsz\u0105 opcj\u0105 mo\u017ce by\u0107 strona taka jak OkCupid. Te strony nadal s\u0105 o pod\u0142\u0105czeniu, ale pozwalaj\u0105 r\u00f3wnie\u017c pozna\u0107 kogo\u015b troch\u0119 lepiej, zanim si\u0119 spotkasz. Mo\u017ce to pom\u00f3c upewni\u0107 si\u0119, \u017ce oboje jeste\u015bcie na tej samej stronie, zanim staniecie si\u0119 fizyczni.<\/p>\n<h2>Typ funkcji<\/h2>\n<p>Istnieje wiele r\u00f3\u017cnych rodzaj\u00f3w funkcji, kt\u00f3re mo\u017cna znale\u017a\u0107 w aplikacjach randkowych. Niekt\u00f3re z najpopularniejszych obejmuj\u0105 mo\u017cliwo\u015b\u0107 wyszukiwania innych u\u017cytkownik\u00f3w wed\u0142ug lokalizacji, wieku, p\u0142ci i zainteresowa\u0144; mo\u017cliwo\u015b\u0107 wysy\u0142ania wiadomo\u015bci do innych u\u017cytkownik\u00f3w; mo\u017cliwo\u015b\u0107 zobaczenia, kto przegl\u0105da\u0142 Tw\u00f3j profil; i mo\u017cliwo\u015b\u0107 zobaczenia, kto jest online. Inne funkcje, kt\u00f3re staj\u0105 si\u0119 coraz bardziej powszechne, to mo\u017cliwo\u015b\u0107 zobaczenia, kto polubi\u0142 Tw\u00f3j profil, mo\u017cliwo\u015b\u0107 zobaczenia, kto Ci\u0119 ulubi\u0142, oraz mo\u017cliwo\u015b\u0107 zobaczenia, kto wys\u0142a\u0142 Ci flirt.<\/p>\n<h2>Tw\u00f3j wyb\u00f3r<\/h2>\n<p>W dzisiejszych czasach istnieje wiele aplikacji randkowych do wyboru i mo\u017ce by\u0107 trudno dowiedzie\u0107 si\u0119, kt\u00f3ra z nich jest odpowiednia dla Ciebie. Ale je\u015bli szukasz czego\u015b nieco innego, XPickup mo\u017ce by\u0107 wart sprawdzenia.<\/p>\n<p>W przeciwie\u0144stwie do innych aplikacji randkowych, XPickup polega na tym, aby da\u0107 u\u017cytkownikom mo\u017cliwo\u015b\u0107 wyboru, z kim chc\u0105 rozmawia\u0107. Mo\u017cesz przegl\u0105da\u0107 profile i wybiera\u0107 te, kt\u00f3re Ci\u0119 interesuj\u0105. A je\u015bli nie masz pewno\u015bci co do kogo\u015b, zawsze mo\u017cesz po prostu wys\u0142a\u0107 mu &#8222;odbi\u00f3r&#8221; i sprawdzi\u0107, czy jest zainteresowany.<\/p>\n<p>XPickup jest r\u00f3wnie\u017c \u015bwietny dla os\u00f3b nie\u015bmia\u0142ych lub introwertycznych, poniewa\u017c mo\u017cesz po\u015bwi\u0119ci\u0107 troch\u0119 czasu i wybra\u0107, z kim chcesz porozmawia\u0107. Nie ma presji, aby od razu wys\u0142a\u0107 komukolwiek wiadomo\u015b\u0107 i mo\u017cesz po prostu porozmawia\u0107, gdy b\u0119dziesz gotowy.<\/p>\n<p>Wi\u0119c je\u015bli jeste\u015b zm\u0119czony tymi samymi starymi aplikacjami randkowymi, spr\u00f3buj XPickup. To mo\u017ce by\u0107 po prostu pick-me-up<\/p>\n<p>Istnieje wiele aplikacji randkowych, a ka\u017cda z nich ma inn\u0105 cen\u0119. Niekt\u00f3re s\u0105 bezp\u0142atne, podczas gdy inne pobieraj\u0105 miesi\u0119czn\u0105 lub roczn\u0105 op\u0142at\u0119. XPickup to jedna z bardziej przyst\u0119pnych cenowo aplikacji randkowych, kosztuj\u0105ca zaledwie 9,99 USD miesi\u0119cznie. To sprawia, \u017ce jest to \u015bwietna opcja dla os\u00f3b z ograniczonym bud\u017cetem. Co wi\u0119cej, XPickup oferuje 7-dniowy okres pr\u00f3bny, dzi\u0119ki czemu mo\u017cesz go wypr\u00f3bowa\u0107 przed zobowi\u0105zaniem si\u0119 do p\u0142atnej subskrypcji. To \u015bwietny spos\u00f3b, aby sprawdzi\u0107, czy aplikacja jest dla Ciebie odpowiednia. Je\u015bli szukasz aplikacji randkowej, kt\u00f3ra nie rozbije banku, XPickup jest zdecydowanie wart sprawdzenia.<\/p>\n<h2>Proces cz\u0142onkostwa<\/h2>\n<p>XPickup to nowa aplikacja randkowa, kt\u00f3ra pozwala u\u017cytkownikom \u0142\u0105czy\u0107 si\u0119 z potencjalnymi meczami w ich okolicy. Aplikacj\u0119 mo\u017cna pobra\u0107 bezp\u0142atnie i utworzy\u0107 profil. Aby zosta\u0107 cz\u0142onkiem, u\u017cytkownicy musz\u0105 zarejestrowa\u0107 si\u0119 w miesi\u0119cznej subskrypcji. Subskrypcja daje u\u017cytkownikom dost\u0119p do ekskluzywnych funkcji XPickup, takich jak mo\u017cliwo\u015b\u0107 zobaczenia, kto przegl\u0105da\u0142 ich profil, wysy\u0142ania nieograniczonej liczby wiadomo\u015bci i przegl\u0105dania profili potencjalnych dopasowa\u0144. XPickup oferuje r\u00f3wnie\u017c cz\u0142onkostwo VIP, kt\u00f3re daje u\u017cytkownikom jeszcze wi\u0119kszy dost\u0119p do ekskluzywnych funkcji, takich jak mo\u017cliwo\u015b\u0107 zobaczenia, kto polubi\u0142 ich profil, wysy\u0142ania nieograniczonej liczby wiadomo\u015bci i przegl\u0105dania profili potencjalnych dopasowa\u0144.<\/p>\n<h2>Okolice podobne do XPickup<\/h2>\n<p>Na rynku dost\u0119pnych jest wiele aplikacji randkowych, z kt\u00f3rych ka\u017cda ma swoje unikalne funkcje. Jednak jedn\u0105 z rzeczy, kt\u00f3re wiele z tych aplikacji ma wsp\u00f3lnego, jest mo\u017cliwo\u015b\u0107 umo\u017cliwienia u\u017cytkownikom &#8222;odebrania&#8221; innych u\u017cytkownik\u00f3w, kt\u00f3rzy s\u0105 w pobli\u017cu. Ta funkcja jest niezwykle przydatna dla u\u017cytkownik\u00f3w, kt\u00f3rzy chc\u0105 pozna\u0107 nowych ludzi w swojej okolicy.<\/p>\n<p>XPickup to aplikacja randkowa, kt\u00f3ra idzie o krok dalej. Nie tylko pozwala u\u017cytkownikom wybra\u0107 innych u\u017cytkownik\u00f3w, kt\u00f3rzy s\u0105 w pobli\u017cu, ale tak\u017ce pozwala im zobaczy\u0107 map\u0119, gdzie ci u\u017cytkownicy si\u0119 znajduj\u0105. Dzi\u0119ki temu jeszcze \u0142atwiej jest znale\u017a\u0107 kogo\u015b, kto jest w pobli\u017cu i kogo mo\u017cesz chcie\u0107 spotka\u0107.<\/p>\n<p>Je\u015bli jeste\u015b zm\u0119czony tymi samymi starymi aplikacjami randkowymi, to XPickup jest zdecydowanie wart sprawdzenia. To \u015bwietny spos\u00f3b na poznanie nowych ludzi w Twojej okolicy i nigdy nie wiesz, mo\u017cesz po prostu znale\u017a\u0107 idealne dopasowanie.<\/p>\n<h2>Bezpiecze\u0144stwo<\/h2>\n<p>Istnieje wiele aplikacji randkowych i mo\u017ce by\u0107 trudno wiedzie\u0107, kt\u00f3re z nich s\u0105 bezpieczne w u\u017cyciu. XPickup to aplikacja randkowa, kt\u00f3ra koncentruje si\u0119 na bezpiecze\u0144stwie i ochronie. Maj\u0105 zesp\u00f3\u0142 ekspert\u00f3w, kt\u00f3rzy ci\u0119\u017cko pracuj\u0105, aby zapewni\u0107 bezpiecze\u0144stwo aplikacji dla u\u017cytkownik\u00f3w. XPickup ma r\u00f3wnie\u017c wiele funkcji, kt\u00f3re pomagaj\u0105 zapewni\u0107 bezpiecze\u0144stwo u\u017cytkownikom, takich jak system weryfikacji zdj\u0119\u0107. Oznacza to, \u017ce mo\u017cesz by\u0107 pewien, \u017ce osoba, z kt\u00f3r\u0105 rozmawiasz, jest tym, za kogo si\u0119 podaje. XPickup to \u015bwietna opcja dla tych, kt\u00f3rzy szukaj\u0105 bezpiecznej aplikacji randkowej.<\/p>\n<h2>Czy XPickup jest tego wart?<\/h2>\n<p>Istnieje wiele r\u00f3\u017cnych aplikacji randkowych i mo\u017ce by\u0107 trudno zdecydowa\u0107, kt\u00f3ra z nich jest odpowiednia dla Ciebie. Je\u015bli szukasz czego\u015b bardziej powa\u017cnego ni\u017c pod\u0142\u0105czenie, XPickup mo\u017ce by\u0107 wart swojej ceny. Aplikacja zosta\u0142a zaprojektowana, aby pom\u00f3c Ci znale\u017a\u0107 d\u0142ugoterminowe relacje, wi\u0119c jest to dobra opcja, je\u015bli chcesz si\u0119 ustatkowa\u0107. Jednak wa\u017cne jest, aby pami\u0119ta\u0107, \u017ce \u017cadna aplikacja randkowa nie jest idealna i nadal b\u0119dziesz musia\u0142 w\u0142o\u017cy\u0107 troch\u0119 wysi\u0142ku, aby znale\u017a\u0107 kompatybilne dopasowanie.<\/p>\n","protected":false},"excerpt":{"rendered":"<div class=\"mh-excerpt\"><p>Istnieje kilka r\u00f3\u017cnych rodzaj\u00f3w stron erotycznych. Niekt\u00f3re s\u0105 nastawione na pomaganie ludziom w \u0142\u0105czeniu si\u0119 z nieznajomymi na jedn\u0105 noc. Inne s\u0105 bardziej podobne do <a class=\"mh-excerpt-more\" href=\"https:\/\/mmabay.co.uk\/pl\/xpickup\/\" title=\"XPickup\">[&#8230;]<\/a><\/p>\n<\/div>","protected":false},"author":1,"featured_media":0,"parent":0,"menu_order":0,"comment_status":"closed","ping_status":"closed","template":"","meta":[],"yoast_head":"<!-- This site is optimized with the Yoast SEO plugin v17.7.1 - https:\/\/yoast.com\/wordpress\/plugins\/seo\/ -->\n<title>XPickup - Bay Reviews<\/title>\n<meta name=\"robots\" content=\"index, follow, max-snippet:-1, max-image-preview:large, max-video-preview:-1\" \/>\n<link rel=\"canonical\" href=\"https:\/\/mmabay.co.uk\/pl\/xpickup\/\" \/>\n<meta property=\"og:locale\" content=\"pl_PL\" \/>\n<meta property=\"og:type\" content=\"article\" \/>\n<meta property=\"og:title\" content=\"XPickup - Bay Reviews\" \/>\n<meta property=\"og:description\" content=\"Istnieje kilka r\u00f3\u017cnych rodzaj\u00f3w stron erotycznych. Niekt\u00f3re s\u0105 nastawione na pomaganie ludziom w \u0142\u0105czeniu si\u0119 z nieznajomymi na jedn\u0105 noc. Inne s\u0105 bardziej podobne do [...]\" \/>\n<meta property=\"og:url\" content=\"https:\/\/mmabay.co.uk\/pl\/xpickup\/\" \/>\n<meta property=\"og:site_name\" content=\"Bay Reviews\" \/>\n<meta name=\"twitter:card\" content=\"summary_large_image\" \/>\n<meta name=\"twitter:label1\" content=\"Szacowany czas czytania\" \/>\n\t<meta name=\"twitter:data1\" content=\"5 minut\" \/>\n<script type=\"application\/ld+json\" class=\"yoast-schema-graph\">{\"@context\":\"https:\/\/schema.org\",\"@graph\":[{\"@type\":\"WebSite\",\"@id\":\"https:\/\/mmabay.co.uk\/pl\/#website\",\"url\":\"https:\/\/mmabay.co.uk\/pl\/\",\"name\":\"Bay Reviews\",\"description\":\"Casual Hookup Finder\",\"potentialAction\":[{\"@type\":\"SearchAction\",\"target\":{\"@type\":\"EntryPoint\",\"urlTemplate\":\"https:\/\/mmabay.co.uk\/pl\/?s={search_term_string}\"},\"query-input\":\"required name=search_term_string\"}],\"inLanguage\":\"pl-PL\"},{\"@type\":\"WebPage\",\"@id\":\"https:\/\/mmabay.co.uk\/pl\/xpickup\/#webpage\",\"url\":\"https:\/\/mmabay.co.uk\/pl\/xpickup\/\",\"name\":\"XPickup - Bay Reviews\",\"isPartOf\":{\"@id\":\"https:\/\/mmabay.co.uk\/pl\/#website\"},\"datePublished\":\"2022-10-03T12:09:10+00:00\",\"dateModified\":\"2022-10-03T12:09:10+00:00\",\"breadcrumb\":{\"@id\":\"https:\/\/mmabay.co.uk\/pl\/xpickup\/#breadcrumb\"},\"inLanguage\":\"pl-PL\",\"potentialAction\":[{\"@type\":\"ReadAction\",\"target\":[\"https:\/\/mmabay.co.uk\/pl\/xpickup\/\"]}]},{\"@type\":\"BreadcrumbList\",\"@id\":\"https:\/\/mmabay.co.uk\/pl\/xpickup\/#breadcrumb\",\"itemListElement\":[{\"@type\":\"ListItem\",\"position\":1,\"name\":\"Home\",\"item\":\"https:\/\/mmabay.co.uk\/pl\/\"},{\"@type\":\"ListItem\",\"position\":2,\"name\":\"XPickup\"}]}]}<\/script>\n<!-- \/ Yoast SEO plugin. -->","yoast_head_json":{"title":"XPickup - Bay Reviews","robots":{"index":"index","follow":"follow","max-snippet":"max-snippet:-1","max-image-preview":"max-image-preview:large","max-video-preview":"max-video-preview:-1"},"canonical":"https:\/\/mmabay.co.uk\/pl\/xpickup\/","og_locale":"pl_PL","og_type":"article","og_title":"XPickup - Bay Reviews","og_description":"Istnieje kilka r\u00f3\u017cnych rodzaj\u00f3w stron erotycznych. Niekt\u00f3re s\u0105 nastawione na pomaganie ludziom w \u0142\u0105czeniu si\u0119 z nieznajomymi na jedn\u0105 noc. Inne s\u0105 bardziej podobne do [...]","og_url":"https:\/\/mmabay.co.uk\/pl\/xpickup\/","og_site_name":"Bay Reviews","twitter_card":"summary_large_image","twitter_misc":{"Szacowany czas czytania":"5 minut"},"schema":{"@context":"https:\/\/schema.org","@graph":[{"@type":"WebSite","@id":"https:\/\/mmabay.co.uk\/pl\/#website","url":"https:\/\/mmabay.co.uk\/pl\/","name":"Bay Reviews","description":"Casual Hookup Finder","potentialAction":[{"@type":"SearchAction","target":{"@type":"EntryPoint","urlTemplate":"https:\/\/mmabay.co.uk\/pl\/?s={search_term_string}"},"query-input":"required name=search_term_string"}],"inLanguage":"pl-PL"},{"@type":"WebPage","@id":"https:\/\/mmabay.co.uk\/pl\/xpickup\/#webpage","url":"https:\/\/mmabay.co.uk\/pl\/xpickup\/","name":"XPickup - Bay Reviews","isPartOf":{"@id":"https:\/\/mmabay.co.uk\/pl\/#website"},"datePublished":"2022-10-03T12:09:10+00:00","dateModified":"2022-10-03T12:09:10+00:00","breadcrumb":{"@id":"https:\/\/mmabay.co.uk\/pl\/xpickup\/#breadcrumb"},"inLanguage":"pl-PL","potentialAction":[{"@type":"ReadAction","target":["https:\/\/mmabay.co.uk\/pl\/xpickup\/"]}]},{"@type":"BreadcrumbList","@id":"https:\/\/mmabay.co.uk\/pl\/xpickup\/#breadcrumb","itemListElement":[{"@type":"ListItem","position":1,"name":"Home","item":"https:\/\/mmabay.co.uk\/pl\/"},{"@type":"ListItem","position":2,"name":"XPickup"}]}]}},"_links":{"self":[{"href":"https:\/\/mmabay.co.uk\/pl\/wp-json\/wp\/v2\/pages\/212"}],"collection":[{"href":"https:\/\/mmabay.co.uk\/pl\/wp-json\/wp\/v2\/pages"}],"about":[{"href":"https:\/\/mmabay.co.uk\/pl\/wp-json\/wp\/v2\/types\/page"}],"author":[{"embeddable":true,"href":"https:\/\/mmabay.co.uk\/pl\/wp-json\/wp\/v2\/users\/1"}],"replies":[{"embeddable":true,"href":"https:\/\/mmabay.co.uk\/pl\/wp-json\/wp\/v2\/comments?post=212"}],"version-history":[{"count":0,"href":"https:\/\/mmabay.co.uk\/pl\/wp-json\/wp\/v2\/pages\/212\/revisions"}],"wp:attachment":[{"href":"https:\/\/mmabay.co.uk\/pl\/wp-json\/wp\/v2\/media?parent=212"}],"curies":[{"name":"wp","href":"https:\/\/api.w.org\/{rel}","templated":true}]}}