{"id":217,"date":"2022-10-03T13:08:25","date_gmt":"2022-10-03T12:08:25","guid":{"rendered":"http:\/\/mmabay.co.uk\/kasual\/"},"modified":"2022-10-03T13:08:25","modified_gmt":"2022-10-03T12:08:25","slug":"kasual","status":"publish","type":"page","link":"https:\/\/mmabay.co.uk\/pl\/kasual\/","title":{"rendered":"Kasual \u2022"},"content":{"rendered":"<p>Kasual to nowa aplikacja randkowa, kt\u00f3ra wstrz\u0105sa scen\u0105 randkow\u0105 online w od\u015bwie\u017caj\u0105cy spos\u00f3b. Aplikacja koncentruje si\u0119 na lokalnych randkach, co oznacza, \u017ce mo\u017cesz znale\u017a\u0107 mecze w pobli\u017cu bez konieczno\u015bci podr\u00f3\u017cowania daleko. Jest to idealne rozwi\u0105zanie dla zapracowanych os\u00f3b, kt\u00f3re nie maj\u0105 czasu na randki na d\u0142ugich dystansach. Kasual posiada r\u00f3wnie\u017c unikaln\u0105 funkcj\u0119, kt\u00f3ra pozwala przegl\u0105da\u0107 profile os\u00f3b, kt\u00f3re s\u0105 w pobli\u017cu i kt\u00f3re maj\u0105 podobne zainteresowania do Ciebie. U\u0142atwia to znalezienie dopasowania, z kt\u00f3rym jeste\u015b zgodny. Aplikacja jest bezp\u0142atna do pobrania i u\u017cywania i jest dost\u0119pna zar\u00f3wno na urz\u0105dzeniach z systemem iOS, jak i Android. Wi\u0119c je\u015bli szukasz nowej aplikacji randkowej do wypr\u00f3bowania, koniecznie sprawd\u017a Kasual.<\/p>\n<h2>Interfejs<\/h2>\n<p>Kasual to aplikacja randkowa znana z interfejsu. Interfejs jest prosty i \u0142atwy w u\u017cyciu, co czyni go dobrym wyborem dla tych, kt\u00f3rzy s\u0105 nowicjuszami w \u015bwiecie randek online. Aplikacja ma r\u00f3wnie\u017c dobr\u0105 reputacj\u0119 jako niezawodna i przyjazna dla u\u017cytkownika.<\/p>\n<p>Kasual to aplikacja randkowa, kt\u00f3ra <a href=\"http:\/\/mmabay.co.uk\/instasex\/\">daje u\u017cytkownikom mo\u017cliwo\u015b\u0107 dokonywania wybor\u00f3w<\/a> dotycz\u0105cych rodzaju os\u00f3b, kt\u00f3re chc\u0105 pozna\u0107. Aplikacja pozwala u\u017cytkownikom wybra\u0107 preferowan\u0105 p\u0142e\u0107, przedzia\u0142 wiekowy i lokalizacj\u0119. Kasual oferuje r\u00f3wnie\u017c opcj\u0119 dodawania zainteresowa\u0144, co mo\u017ce pom\u00f3c w dopasowaniu u\u017cytkownik\u00f3w do innych, kt\u00f3rzy maj\u0105 podobne zainteresowania. Aplikacja jest bezp\u0142atna do pobrania i u\u017cytkowania i jest dost\u0119pna zar\u00f3wno dla urz\u0105dze\u0144 z systemem iOS, jak i Android.<\/p>\n<h2>Koszty cz\u0142onkostwa<\/h2>\n<p>Kasual to nowa aplikacja randkowa, kt\u00f3ra oferuje us\u0142ug\u0119 opart\u0105 na subskrypcji. Aplikacja zosta\u0142a zaprojektowana, aby pom\u00f3c Ci pozna\u0107 nowych ludzi i nawi\u0105za\u0107 kontakty z innymi, kt\u00f3rzy podzielaj\u0105 Twoje zainteresowania. Miesi\u0119czna op\u0142ata cz\u0142onkowska wynosi 9,99 USD. Dzi\u0119ki Kasual mo\u017cesz wyszukiwa\u0107 osoby, kt\u00f3re s\u0105 w pobli\u017cu i przegl\u0105da\u0107 ich informacje profilowe. Mo\u017cesz tak\u017ce wysy\u0142a\u0107 wiadomo\u015bci i czatowa\u0107 z innymi cz\u0142onkami. Kasual jest obecnie dost\u0119pny w USA i Kanadzie.<\/p>\n<h2>Czy rejestracja by\u0142a \u0142atwa?<\/h2>\n<p>Proces rejestracji w Kasual by\u0142 bardzo \u0142atwy i trwa\u0142 tylko kilka minut. Uda\u0142o mi si\u0119 stworzy\u0107 profil i od razu zacz\u0105\u0107 przegl\u0105da\u0107 potencjalne mecze. Aplikacja jest dobrze zaprojektowana i \u0142atwa w u\u017cyciu, co sprawi\u0142o, \u017ce znajdowanie dopasowa\u0144 by\u0142o dziecinnie proste. Og\u00f3lnie rzecz bior\u0105c, by\u0142em bardzo zadowolony z procesu rejestracji i poleci\u0142bym Kasual ka\u017cdemu, kto szuka nowej aplikacji randkowej.<\/p>\n<h2>Podobne do aplikacji Kasual<\/h2>\n<p>Je\u015bli szukasz aplikacji randkowej podobnej do Kasual, mo\u017cesz wypr\u00f3bowa\u0107 Hinge. Hinge to aplikacja randkowa podobna do Kasual, poniewa\u017c \u0142\u0105czy Ci\u0119 z potencjalnymi dopasowaniami za po\u015brednictwem znajomych na Facebooku. Jednak Hinge jest nieco bardziej selektywny ni\u017c Kasual i pokazuje tylko potencjalne mecze, z kt\u00f3rymi uwa\u017ca, \u017ce masz du\u017ce prawdopodobie\u0144stwo kompatybilno\u015bci.<\/p>\n<p>Aplikacja Kasual to jedna z najbezpieczniejszych dost\u0119pnych aplikacji randkowych. Wykorzystuje rygorystyczny proces weryfikacji, aby upewni\u0107 si\u0119, \u017ce wszyscy u\u017cytkownicy s\u0105 prawdziwi i nie udost\u0119pnia Twoich danych osobowych firmom zewn\u0119trznym. Aplikacja Kasual oferuje r\u00f3wnie\u017c szereg funkcji bezpiecze\u0144stwa, takich jak mo\u017cliwo\u015b\u0107 blokowania i zg\u0142aszania u\u017cytkownik\u00f3w, a tak\u017ce ma \u015bcis\u0142\u0105 polityk\u0119 antyspamow\u0105. Og\u00f3lnie rzecz bior\u0105c, Kasual App to bezpieczna aplikacja randkowa, kt\u00f3rej mo\u017cesz zaufa\u0107.<\/p>\n<h2>Czy aplikacja Kasual jest tego warta?<\/h2>\n<p>Istnieje wiele r\u00f3\u017cnych aplikacji randkowych i mo\u017ce by\u0107 trudno zdecydowa\u0107, z kt\u00f3r\u0105 z nich si\u0119 uda\u0107. Aplikacja Kasual to nowsza opcja, kt\u00f3ra ma wiele obietnic. Zosta\u0142 zaprojektowany tak, aby by\u0142 bardziej swobodny i zabawny ni\u017c niekt\u00f3re inne opcje i nie kosztuje nic. To powiedziawszy, jest nadal w fazie rozwoju i nie ma wszystkich funkcji niekt\u00f3rych innych aplikacji. Warto rozwa\u017cy\u0107, czy szukasz czego\u015b troch\u0119 innego, ale mo\u017ce to nie by\u0107 najlepsza opcja, je\u015bli szukasz powa\u017cnego zwi\u0105zku.<\/p>\n","protected":false},"excerpt":{"rendered":"<div class=\"mh-excerpt\"><p>Kasual to nowa aplikacja randkowa, kt\u00f3ra wstrz\u0105sa scen\u0105 randkow\u0105 online w od\u015bwie\u017caj\u0105cy spos\u00f3b. Aplikacja koncentruje si\u0119 na lokalnych randkach, co oznacza, \u017ce mo\u017cesz znale\u017a\u0107 mecze <a class=\"mh-excerpt-more\" href=\"https:\/\/mmabay.co.uk\/pl\/kasual\/\" title=\"Kasual \u2022\">[&#8230;]<\/a><\/p>\n<\/div>","protected":false},"author":1,"featured_media":0,"parent":0,"menu_order":0,"comment_status":"closed","ping_status":"closed","template":"","meta":[],"yoast_head":"<!-- This site is optimized with the Yoast SEO plugin v17.7.1 - https:\/\/yoast.com\/wordpress\/plugins\/seo\/ -->\n<title>Kasual \u2022 - Bay Reviews<\/title>\n<meta name=\"robots\" content=\"index, follow, max-snippet:-1, max-image-preview:large, max-video-preview:-1\" \/>\n<link rel=\"canonical\" href=\"https:\/\/mmabay.co.uk\/pl\/kasual\/\" \/>\n<meta property=\"og:locale\" content=\"pl_PL\" \/>\n<meta property=\"og:type\" content=\"article\" \/>\n<meta property=\"og:title\" content=\"Kasual \u2022 - Bay Reviews\" \/>\n<meta property=\"og:description\" content=\"Kasual to nowa aplikacja randkowa, kt\u00f3ra wstrz\u0105sa scen\u0105 randkow\u0105 online w od\u015bwie\u017caj\u0105cy spos\u00f3b. Aplikacja koncentruje si\u0119 na lokalnych randkach, co oznacza, \u017ce mo\u017cesz znale\u017a\u0107 mecze [...]\" \/>\n<meta property=\"og:url\" content=\"https:\/\/mmabay.co.uk\/pl\/kasual\/\" \/>\n<meta property=\"og:site_name\" content=\"Bay Reviews\" \/>\n<meta name=\"twitter:card\" content=\"summary_large_image\" \/>\n<meta name=\"twitter:label1\" content=\"Szacowany czas czytania\" \/>\n\t<meta name=\"twitter:data1\" content=\"3 minuty\" \/>\n<script type=\"application\/ld+json\" class=\"yoast-schema-graph\">{\"@context\":\"https:\/\/schema.org\",\"@graph\":[{\"@type\":\"WebSite\",\"@id\":\"https:\/\/mmabay.co.uk\/pl\/#website\",\"url\":\"https:\/\/mmabay.co.uk\/pl\/\",\"name\":\"Bay Reviews\",\"description\":\"Casual Hookup Finder\",\"potentialAction\":[{\"@type\":\"SearchAction\",\"target\":{\"@type\":\"EntryPoint\",\"urlTemplate\":\"https:\/\/mmabay.co.uk\/pl\/?s={search_term_string}\"},\"query-input\":\"required name=search_term_string\"}],\"inLanguage\":\"pl-PL\"},{\"@type\":\"WebPage\",\"@id\":\"https:\/\/mmabay.co.uk\/pl\/kasual\/#webpage\",\"url\":\"https:\/\/mmabay.co.uk\/pl\/kasual\/\",\"name\":\"Kasual \\u2022 - Bay Reviews\",\"isPartOf\":{\"@id\":\"https:\/\/mmabay.co.uk\/pl\/#website\"},\"datePublished\":\"2022-10-03T12:08:25+00:00\",\"dateModified\":\"2022-10-03T12:08:25+00:00\",\"breadcrumb\":{\"@id\":\"https:\/\/mmabay.co.uk\/pl\/kasual\/#breadcrumb\"},\"inLanguage\":\"pl-PL\",\"potentialAction\":[{\"@type\":\"ReadAction\",\"target\":[\"https:\/\/mmabay.co.uk\/pl\/kasual\/\"]}]},{\"@type\":\"BreadcrumbList\",\"@id\":\"https:\/\/mmabay.co.uk\/pl\/kasual\/#breadcrumb\",\"itemListElement\":[{\"@type\":\"ListItem\",\"position\":1,\"name\":\"Home\",\"item\":\"https:\/\/mmabay.co.uk\/pl\/\"},{\"@type\":\"ListItem\",\"position\":2,\"name\":\"Kasual \\u2022\"}]}]}<\/script>\n<!-- \/ Yoast SEO plugin. -->","yoast_head_json":{"title":"Kasual \u2022 - Bay Reviews","robots":{"index":"index","follow":"follow","max-snippet":"max-snippet:-1","max-image-preview":"max-image-preview:large","max-video-preview":"max-video-preview:-1"},"canonical":"https:\/\/mmabay.co.uk\/pl\/kasual\/","og_locale":"pl_PL","og_type":"article","og_title":"Kasual \u2022 - Bay Reviews","og_description":"Kasual to nowa aplikacja randkowa, kt\u00f3ra wstrz\u0105sa scen\u0105 randkow\u0105 online w od\u015bwie\u017caj\u0105cy spos\u00f3b. Aplikacja koncentruje si\u0119 na lokalnych randkach, co oznacza, \u017ce mo\u017cesz znale\u017a\u0107 mecze [...]","og_url":"https:\/\/mmabay.co.uk\/pl\/kasual\/","og_site_name":"Bay Reviews","twitter_card":"summary_large_image","twitter_misc":{"Szacowany czas czytania":"3 minuty"},"schema":{"@context":"https:\/\/schema.org","@graph":[{"@type":"WebSite","@id":"https:\/\/mmabay.co.uk\/pl\/#website","url":"https:\/\/mmabay.co.uk\/pl\/","name":"Bay Reviews","description":"Casual Hookup Finder","potentialAction":[{"@type":"SearchAction","target":{"@type":"EntryPoint","urlTemplate":"https:\/\/mmabay.co.uk\/pl\/?s={search_term_string}"},"query-input":"required name=search_term_string"}],"inLanguage":"pl-PL"},{"@type":"WebPage","@id":"https:\/\/mmabay.co.uk\/pl\/kasual\/#webpage","url":"https:\/\/mmabay.co.uk\/pl\/kasual\/","name":"Kasual \u2022 - Bay Reviews","isPartOf":{"@id":"https:\/\/mmabay.co.uk\/pl\/#website"},"datePublished":"2022-10-03T12:08:25+00:00","dateModified":"2022-10-03T12:08:25+00:00","breadcrumb":{"@id":"https:\/\/mmabay.co.uk\/pl\/kasual\/#breadcrumb"},"inLanguage":"pl-PL","potentialAction":[{"@type":"ReadAction","target":["https:\/\/mmabay.co.uk\/pl\/kasual\/"]}]},{"@type":"BreadcrumbList","@id":"https:\/\/mmabay.co.uk\/pl\/kasual\/#breadcrumb","itemListElement":[{"@type":"ListItem","position":1,"name":"Home","item":"https:\/\/mmabay.co.uk\/pl\/"},{"@type":"ListItem","position":2,"name":"Kasual \u2022"}]}]}},"_links":{"self":[{"href":"https:\/\/mmabay.co.uk\/pl\/wp-json\/wp\/v2\/pages\/217"}],"collection":[{"href":"https:\/\/mmabay.co.uk\/pl\/wp-json\/wp\/v2\/pages"}],"about":[{"href":"https:\/\/mmabay.co.uk\/pl\/wp-json\/wp\/v2\/types\/page"}],"author":[{"embeddable":true,"href":"https:\/\/mmabay.co.uk\/pl\/wp-json\/wp\/v2\/users\/1"}],"replies":[{"embeddable":true,"href":"https:\/\/mmabay.co.uk\/pl\/wp-json\/wp\/v2\/comments?post=217"}],"version-history":[{"count":0,"href":"https:\/\/mmabay.co.uk\/pl\/wp-json\/wp\/v2\/pages\/217\/revisions"}],"wp:attachment":[{"href":"https:\/\/mmabay.co.uk\/pl\/wp-json\/wp\/v2\/media?parent=217"}],"curies":[{"name":"wp","href":"https:\/\/api.w.org\/{rel}","templated":true}]}}