{"id":227,"date":"2022-10-03T13:08:00","date_gmt":"2022-10-03T12:08:00","guid":{"rendered":"http:\/\/mmabay.co.uk\/instasex\/"},"modified":"2022-10-03T13:08:00","modified_gmt":"2022-10-03T12:08:00","slug":"instasex","status":"publish","type":"page","link":"https:\/\/mmabay.co.uk\/pl\/instasex\/","title":{"rendered":"Instasex"},"content":{"rendered":"<p>Je\u015bli szukasz nowego sposobu na urozmaicenie swojego \u017cycia randkowego, nie szukaj dalej ni\u017c Instasex. Ta nowa aplikacja zosta\u0142a zaprojektowana specjalnie, aby pom\u00f3c Ci znale\u017a\u0107 nowych partner\u00f3w seksualnych, niezale\u017cnie od tego, czy jeste\u015b singlem, czy w zwi\u0105zku. Instasex sprawia, \u017ce znalezienie nowych partner\u00f3w jest \u0142atwe i przyjemne, a nawet mo\u017cesz wyszukiwa\u0107 okre\u015blone typy partner\u00f3w na podstawie swoich preferencji seksualnych. Wi\u0119c je\u015bli szukasz nowego sposobu na u\u0142o\u017cenie si\u0119 lub po prostu chcesz doda\u0107 troch\u0119 pikanterii do swojego \u017cycia seksualnego, koniecznie sprawd\u017a Instasex.<\/p>\n<h2>System dopasowywania<\/h2>\n<p>Instasex Matching System to rewolucyjna nowa <a href=\"http:\/\/mmabay.co.uk\/findmyflings\/\">aplikacja randkowa<\/a> , kt\u00f3ra wykorzystuje unikalny algorytm do dopasowywania u\u017cytkownik\u00f3w do potencjalnych partner\u00f3w seksualnych. Aplikacja zosta\u0142a zaprojektowana, aby pom\u00f3c u\u017cytkownikom znale\u017a\u0107 idealne dopasowanie, a algorytm bierze pod uwag\u0119 wiele czynnik\u00f3w, w tym preferencje seksualne, lokalizacj\u0119 i zainteresowania. Aplikacja jest obecnie dost\u0119pna na iOS i Androida, a u\u017cytkownicy mog\u0105 zarejestrowa\u0107 si\u0119 za darmo.<\/p>\n<h2>Opcje<\/h2>\n<p>Instasex to opcja, kt\u00f3ra pozwala u\u017cytkownikom szybko i \u0142atwo znale\u017a\u0107 partner\u00f3w seksualnych. Jest to jedna z najpopularniejszych opcji w aplikacjach randkowych i witrynach internetowych. Instasex u\u0142atwia znalezienie kogo\u015b, kto jest zainteresowany tym samym, co Ty. Wszystko, co musisz zrobi\u0107, to przesun\u0105\u0107 palcem w prawo na ich profilu i mo\u017cesz rozpocz\u0105\u0107 rozmow\u0119.<\/p>\n<p>Instasex to \u015bwietna opcja dla os\u00f3b, kt\u00f3re szukaj\u0105 szybkiego pod\u0142\u0105czenia. Jest to r\u00f3wnie\u017c dobra opcja dla os\u00f3b, kt\u00f3re s\u0105 nowe na scenie randkowej i nie s\u0105 pewne, czego szukaj\u0105. Instasex to bezpieczny i \u0142atwy spos\u00f3b na znalezienie partner\u00f3w seksualnych.<\/p>\n<p>Aplikacja pozwala u\u017cytkownikom wybra\u0107 dat\u0119, a nast\u0119pnie zap\u0142aci\u0107 za ni\u0105 za po\u015brednictwem aplikacji. W ten spos\u00f3b u\u017cytkownicy mog\u0105 unikn\u0105\u0107 k\u0142opot\u00f3w z noszeniem got\u00f3wki lub korzystaniem z karty kredytowej. Aplikacja jest obecnie dost\u0119pna w Stanach Zjednoczonych i Wielkiej Brytanii.<\/p>\n<h2>Rejestracja cz\u0142onkostwa<\/h2>\n<p>Instasex to nowa aplikacja randkowa, kt\u00f3ra szybko staje si\u0119 popularna w\u015br\u00f3d u\u017cytkownik\u00f3w. Aplikacja pozwala u\u017cytkownikom znale\u017a\u0107 potencjalnych partner\u00f3w seksualnych w swojej okolicy, a nast\u0119pnie rozmawia\u0107, wymienia\u0107 zdj\u0119cia i umawia\u0107 si\u0119 na spotkanie. Aplikacja jest bezp\u0142atna do pobrania i u\u017cywania, ale istnieje r\u00f3wnie\u017c opcja p\u0142atnego cz\u0142onkostwa, kt\u00f3ra daje u\u017cytkownikom dost\u0119p do dodatkowych funkcji.<\/p>\n<p>P\u0142atne cz\u0142onkostwo daje u\u017cytkownikom mo\u017cliwo\u015b\u0107 zobaczenia, kto przegl\u0105da\u0142 ich profil, wysy\u0142ania nieograniczonej liczby wiadomo\u015bci i sprawdzania, kto jest online, gdy s\u0105. Pozwala r\u00f3wnie\u017c u\u017cytkownikom przegl\u0105da\u0107 nieograniczon\u0105 liczb\u0119 profili i zobaczy\u0107, kto jest nowy w ich okolicy. P\u0142atne cz\u0142onkostwo wynosi 9,99 USD miesi\u0119cznie, ale dost\u0119pny jest r\u00f3wnie\u017c 7-dniowy bezp\u0142atny okres pr\u00f3bny.<\/p>\n<p>Instasex to \u015bwietna opcja dla tych, kt\u00f3rzy szukaj\u0105 nowego sposobu na poznanie potencjalnych partner\u00f3w seksualnych. Aplikacja jest \u0142atwa w u\u017cyciu i ma wiele funkcji, kt\u00f3re s\u0105 korzystne dla u\u017cytkownik\u00f3w. P\u0142atne cz\u0142onkostwo jest zdecydowanie warte swojej ceny dla tych, kt\u00f3rzy chc\u0105 jak najlepiej wykorzysta\u0107 aplikacj\u0119.<\/p>\n<h2>Strony internetowe takie jak Instasex<\/h2>\n<p>Istnieje wiele stron internetowych, takich jak Instasex, kt\u00f3re koncentruj\u0105 si\u0119 na pomaganiu ludziom w kontaktach z innymi w kontaktach seksualnych. Strony te mog\u0105 by\u0107 bardzo pomocne dla tych, kt\u00f3rzy chc\u0105 urozmaici\u0107 swoje \u017cycie seksualne lub dla tych, kt\u00f3rzy po prostu szukaj\u0105 nowego partnera. Wiele z tych witryn oferuje wiele r\u00f3\u017cnych funkcji, takich jak pokoje rozm\u00f3w, wiadomo\u015bci b\u0142yskawiczne, a nawet czat wideo, kt\u00f3re mog\u0105 znacznie u\u0142atwi\u0107 znalezienie odpowiedniej osoby.<\/p>\n<p>Instasex to jedna z najbezpieczniejszych dost\u0119pnych aplikacji randkowych. Wykorzystuje \u015bcis\u0142y proces weryfikacji, aby upewni\u0107 si\u0119, \u017ce wszyscy u\u017cytkownicy s\u0105 prawdziwi, i zatrudnia zesp\u00f3\u0142 moderator\u00f3w, kt\u00f3rzy maj\u0105 oko na aplikacj\u0119 24 godziny na dob\u0119, 7 dni w tygodniu, aby upewni\u0107 si\u0119, \u017ce nie s\u0105 publikowane \u017cadne nieodpowiednie tre\u015bci. Ponadto aplikacja oferuje szereg funkcji, kt\u00f3re pomagaj\u0105 zapewni\u0107 bezpiecze\u0144stwo u\u017cytkownikom, takich jak mo\u017cliwo\u015b\u0107 zg\u0142aszania i blokowania innych u\u017cytkownik\u00f3w oraz wbudowana funkcja czatu, kt\u00f3ra pozwala u\u017cytkownikom pozna\u0107 si\u0119 przed osobistym spotkaniem. Og\u00f3lnie rzecz bior\u0105c, Instasex jest bezpieczn\u0105 i niezawodn\u0105 opcj\u0105 dla tych, kt\u00f3rzy szukaj\u0105 bezpiecznego i wygodnego sposobu na poznanie nowych ludzi.<\/p>\n<h2>Czy Instasex jest tego wart?<\/h2>\n<p>Nie ma \u0142atwej odpowiedzi, je\u015bli chodzi o to, czy aplikacja randkowa Instasex jest warta swojej ceny. Z jednej strony aplikacja oferuje unikalne wra\u017cenia, kt\u00f3re pozwalaj\u0105 u\u017cytkownikom \u0142\u0105czy\u0107 si\u0119 ze sob\u0105 w bardziej intymny spos\u00f3b. Z drugiej strony aplikacja jest do\u015b\u0107 droga i nie jest jasne, czy oferuje wystarczaj\u0105c\u0105 warto\u015b\u0107, aby uzasadni\u0107 koszt. Ostatecznie decyzja o tym, czy korzysta\u0107 z Instasex, czy nie, sprowadza si\u0119 do potrzeb i bud\u017cetu ka\u017cdej osoby.<\/p>\n","protected":false},"excerpt":{"rendered":"<div class=\"mh-excerpt\"><p>Je\u015bli szukasz nowego sposobu na urozmaicenie swojego \u017cycia randkowego, nie szukaj dalej ni\u017c Instasex. Ta nowa aplikacja zosta\u0142a zaprojektowana specjalnie, aby pom\u00f3c Ci znale\u017a\u0107 nowych <a class=\"mh-excerpt-more\" href=\"https:\/\/mmabay.co.uk\/pl\/instasex\/\" title=\"Instasex\">[&#8230;]<\/a><\/p>\n<\/div>","protected":false},"author":1,"featured_media":0,"parent":0,"menu_order":0,"comment_status":"closed","ping_status":"closed","template":"","meta":[],"yoast_head":"<!-- This site is optimized with the Yoast SEO plugin v17.7.1 - https:\/\/yoast.com\/wordpress\/plugins\/seo\/ -->\n<title>Instasex - Bay Reviews<\/title>\n<meta name=\"robots\" content=\"index, follow, max-snippet:-1, max-image-preview:large, max-video-preview:-1\" \/>\n<link rel=\"canonical\" href=\"https:\/\/mmabay.co.uk\/pl\/instasex\/\" \/>\n<meta property=\"og:locale\" content=\"pl_PL\" \/>\n<meta property=\"og:type\" content=\"article\" \/>\n<meta property=\"og:title\" content=\"Instasex - Bay Reviews\" \/>\n<meta property=\"og:description\" content=\"Je\u015bli szukasz nowego sposobu na urozmaicenie swojego \u017cycia randkowego, nie szukaj dalej ni\u017c Instasex. Ta nowa aplikacja zosta\u0142a zaprojektowana specjalnie, aby pom\u00f3c Ci znale\u017a\u0107 nowych [...]\" \/>\n<meta property=\"og:url\" content=\"https:\/\/mmabay.co.uk\/pl\/instasex\/\" \/>\n<meta property=\"og:site_name\" content=\"Bay Reviews\" \/>\n<meta name=\"twitter:card\" content=\"summary_large_image\" \/>\n<meta name=\"twitter:label1\" content=\"Szacowany czas czytania\" \/>\n\t<meta name=\"twitter:data1\" content=\"4 minuty\" \/>\n<script type=\"application\/ld+json\" class=\"yoast-schema-graph\">{\"@context\":\"https:\/\/schema.org\",\"@graph\":[{\"@type\":\"WebSite\",\"@id\":\"https:\/\/mmabay.co.uk\/pl\/#website\",\"url\":\"https:\/\/mmabay.co.uk\/pl\/\",\"name\":\"Bay Reviews\",\"description\":\"Casual Hookup Finder\",\"potentialAction\":[{\"@type\":\"SearchAction\",\"target\":{\"@type\":\"EntryPoint\",\"urlTemplate\":\"https:\/\/mmabay.co.uk\/pl\/?s={search_term_string}\"},\"query-input\":\"required name=search_term_string\"}],\"inLanguage\":\"pl-PL\"},{\"@type\":\"WebPage\",\"@id\":\"https:\/\/mmabay.co.uk\/pl\/instasex\/#webpage\",\"url\":\"https:\/\/mmabay.co.uk\/pl\/instasex\/\",\"name\":\"Instasex - Bay Reviews\",\"isPartOf\":{\"@id\":\"https:\/\/mmabay.co.uk\/pl\/#website\"},\"datePublished\":\"2022-10-03T12:08:00+00:00\",\"dateModified\":\"2022-10-03T12:08:00+00:00\",\"breadcrumb\":{\"@id\":\"https:\/\/mmabay.co.uk\/pl\/instasex\/#breadcrumb\"},\"inLanguage\":\"pl-PL\",\"potentialAction\":[{\"@type\":\"ReadAction\",\"target\":[\"https:\/\/mmabay.co.uk\/pl\/instasex\/\"]}]},{\"@type\":\"BreadcrumbList\",\"@id\":\"https:\/\/mmabay.co.uk\/pl\/instasex\/#breadcrumb\",\"itemListElement\":[{\"@type\":\"ListItem\",\"position\":1,\"name\":\"Home\",\"item\":\"https:\/\/mmabay.co.uk\/pl\/\"},{\"@type\":\"ListItem\",\"position\":2,\"name\":\"Instasex\"}]}]}<\/script>\n<!-- \/ Yoast SEO plugin. -->","yoast_head_json":{"title":"Instasex - Bay Reviews","robots":{"index":"index","follow":"follow","max-snippet":"max-snippet:-1","max-image-preview":"max-image-preview:large","max-video-preview":"max-video-preview:-1"},"canonical":"https:\/\/mmabay.co.uk\/pl\/instasex\/","og_locale":"pl_PL","og_type":"article","og_title":"Instasex - Bay Reviews","og_description":"Je\u015bli szukasz nowego sposobu na urozmaicenie swojego \u017cycia randkowego, nie szukaj dalej ni\u017c Instasex. Ta nowa aplikacja zosta\u0142a zaprojektowana specjalnie, aby pom\u00f3c Ci znale\u017a\u0107 nowych [...]","og_url":"https:\/\/mmabay.co.uk\/pl\/instasex\/","og_site_name":"Bay Reviews","twitter_card":"summary_large_image","twitter_misc":{"Szacowany czas czytania":"4 minuty"},"schema":{"@context":"https:\/\/schema.org","@graph":[{"@type":"WebSite","@id":"https:\/\/mmabay.co.uk\/pl\/#website","url":"https:\/\/mmabay.co.uk\/pl\/","name":"Bay Reviews","description":"Casual Hookup Finder","potentialAction":[{"@type":"SearchAction","target":{"@type":"EntryPoint","urlTemplate":"https:\/\/mmabay.co.uk\/pl\/?s={search_term_string}"},"query-input":"required name=search_term_string"}],"inLanguage":"pl-PL"},{"@type":"WebPage","@id":"https:\/\/mmabay.co.uk\/pl\/instasex\/#webpage","url":"https:\/\/mmabay.co.uk\/pl\/instasex\/","name":"Instasex - Bay Reviews","isPartOf":{"@id":"https:\/\/mmabay.co.uk\/pl\/#website"},"datePublished":"2022-10-03T12:08:00+00:00","dateModified":"2022-10-03T12:08:00+00:00","breadcrumb":{"@id":"https:\/\/mmabay.co.uk\/pl\/instasex\/#breadcrumb"},"inLanguage":"pl-PL","potentialAction":[{"@type":"ReadAction","target":["https:\/\/mmabay.co.uk\/pl\/instasex\/"]}]},{"@type":"BreadcrumbList","@id":"https:\/\/mmabay.co.uk\/pl\/instasex\/#breadcrumb","itemListElement":[{"@type":"ListItem","position":1,"name":"Home","item":"https:\/\/mmabay.co.uk\/pl\/"},{"@type":"ListItem","position":2,"name":"Instasex"}]}]}},"_links":{"self":[{"href":"https:\/\/mmabay.co.uk\/pl\/wp-json\/wp\/v2\/pages\/227"}],"collection":[{"href":"https:\/\/mmabay.co.uk\/pl\/wp-json\/wp\/v2\/pages"}],"about":[{"href":"https:\/\/mmabay.co.uk\/pl\/wp-json\/wp\/v2\/types\/page"}],"author":[{"embeddable":true,"href":"https:\/\/mmabay.co.uk\/pl\/wp-json\/wp\/v2\/users\/1"}],"replies":[{"embeddable":true,"href":"https:\/\/mmabay.co.uk\/pl\/wp-json\/wp\/v2\/comments?post=227"}],"version-history":[{"count":0,"href":"https:\/\/mmabay.co.uk\/pl\/wp-json\/wp\/v2\/pages\/227\/revisions"}],"wp:attachment":[{"href":"https:\/\/mmabay.co.uk\/pl\/wp-json\/wp\/v2\/media?parent=227"}],"curies":[{"name":"wp","href":"https:\/\/api.w.org\/{rel}","templated":true}]}}