{"id":233,"date":"2022-10-03T13:07:24","date_gmt":"2022-10-03T12:07:24","guid":{"rendered":"http:\/\/mmabay.co.uk\/tryskanie\/"},"modified":"2022-10-03T13:07:24","modified_gmt":"2022-10-03T12:07:24","slug":"tryskanie","status":"publish","type":"page","link":"https:\/\/mmabay.co.uk\/pl\/tryskanie\/","title":{"rendered":"Tryskanie"},"content":{"rendered":"<p>Dost\u0119pnych jest wiele r\u00f3\u017cnych aplikacji randkowych, z kt\u00f3rych ka\u017cda ma w\u0142asne funkcje i grup\u0119 docelow\u0105. Jednak jedn\u0105 z aplikacji, kt\u00f3ra ostatnio zyskuje na popularno\u015bci, jest Squirt. Ta aplikacja jest wyj\u0105tkowa, poniewa\u017c zosta\u0142a zaprojektowana specjalnie dla os\u00f3b, kt\u00f3re s\u0105 zainteresowane znalezieniem przypadkowych, seksualnych spotka\u0144.<\/p>\n<p>Chocia\u017c mo\u017ce to brzmie\u0107 jak aplikacja do pod\u0142\u0105czania, mo\u017ce by\u0107 r\u00f3wnie\u017c u\u017cywana do randek. Wiele os\u00f3b u\u017cywa go do poznawania nowych ludzi i sprawdzania, czy istnieje zwi\u0105zek seksualny. Je\u015bli tak, to mog\u0105 przenie\u015b\u0107 rzeczy na wy\u017cszy poziom i spotka\u0107 si\u0119 osobi\u015bcie. Je\u015bli nie, mog\u0105 po prostu przej\u015b\u0107 dalej i porozmawia\u0107 z kim\u015b innym. Squirt to \u015bwietna opcja dla os\u00f3b, kt\u00f3re szukaj\u0105 czego\u015b nieco innego ni\u017c tradycyjna aplikacja randkowa. Jest idealny dla tych, kt\u00f3rzy chc\u0105 urozmaici\u0107 swoje \u017cycie mi\u0142osne lub po prostu pozna\u0107 nowych ludzi dla swobodnej zabawy.<\/p>\n<h2>Typ funkcji<\/h2>\n<p>Squirt to stosunkowo nowa aplikacja randkowa, kt\u00f3ra oferuje wyj\u0105tkowe podej\u015bcie do randek online. W przeciwie\u0144stwie do wi\u0119kszo\u015bci aplikacji randkowych, Squirt pozwala wyszukiwa\u0107 potencjalne dopasowania przy u\u017cyciu r\u00f3\u017cnych kryteri\u00f3w. Obejmuje to takie rzeczy, jak lokalizacja, wiek, zainteresowania, a nawet atrybuty fizyczne.<\/p>\n<p>Jedn\u0105 z najlepszych cech Squirt jest mo\u017cliwo\u015b\u0107 zobaczenia, kto jest online w tym samym czasie co Ty. U\u0142atwia to znalezienie kogo\u015b, z kim mo\u017cna porozmawia\u0107, a nawet spotka\u0107 si\u0119 osobi\u015bcie. Kolejn\u0105 \u015bwietn\u0105 funkcj\u0105 jest mo\u017cliwo\u015b\u0107 filtrowania wynik\u00f3w wyszukiwania. Oznacza to, \u017ce mo\u017cesz znale\u017a\u0107 dok\u0142adnie to, czego szukasz, niezale\u017cnie od tego, czy jest to zwyk\u0142e po\u0142\u0105czenie, czy co\u015b powa\u017cniejszego. Og\u00f3lnie rzecz bior\u0105c, Squirt to \u015bwietna opcja dla ka\u017cdego, kto szuka bardziej elastycznego i dostosowanego do\u015bwiadczenia randkowego online. Je\u015bli jeste\u015b zm\u0119czony tym samym starym, tym samym starym, spr\u00f3buj Squirt.<\/p>\n<h2>Pakiety do wypr\u00f3bowania<\/h2>\n<p>Istnieje kilka r\u00f3\u017cnych &#8222;pakiet\u00f3w squirt&#8221;, kt\u00f3re mo\u017cesz wypr\u00f3bowa\u0107 w niekt\u00f3rych popularnych aplikacjach randkowych. Pierwszym z nich jest pakiet &#8222;Tinder Plus&#8221;, kt\u00f3ry daje dost\u0119p do funkcji premium w aplikacji za miesi\u0119czn\u0105 op\u0142at\u0105. Mo\u017ce to obejmowa\u0107 takie rzeczy, jak nieograniczona liczba polubie\u0144, mo\u017cliwo\u015b\u0107 przewijania do ty\u0142u ostatniego przesuni\u0119cia i wiele innych. Drugi to pakiet &#8222;Bumble Boost&#8221;, kt\u00f3ry daje dost\u0119p do funkcji premium w aplikacji za miesi\u0119czn\u0105 op\u0142at\u0105. Mo\u017ce to obejmowa\u0107 takie rzeczy, jak mo\u017cliwo\u015b\u0107 zobaczenia, kto ju\u017c Ci\u0119 polubi\u0142, przed\u0142u\u017cenie mecz\u00f3w o kolejne 24 godziny i wiele innych. Trzeci to pakiet &#8222;OkCupid A-List&#8221;, kt\u00f3ry zapewnia dost\u0119p do funkcji premium w aplikacji za miesi\u0119czn\u0105 op\u0142at\u0105. Mo\u017ce to obejmowa\u0107 takie rzeczy, jak sprawdzanie, kto Ci\u0119 lubi, zanim je polubisz, zaawansowane filtry wyszukiwania i inne.<\/p>\n<h2>Koszt<\/h2>\n<p>Squirt to nowa aplikacja randkowa, kt\u00f3ra pozwala u\u017cytkownikom p\u0142aci\u0107 za wysy\u0142anie zalotnych wiadomo\u015bci do potencjalnych dopasowa\u0144. Aplikacja jest obecnie dost\u0119pna w Stanach Zjednoczonych i Wielkiej Brytanii. Koszt korzystania z aplikacji r\u00f3\u017cni si\u0119 w zale\u017cno\u015bci od liczby wiadomo\u015bci, kt\u00f3re chcesz wys\u0142a\u0107. Pojedyncza wiadomo\u015b\u0107 kosztuje 0,99 USD, a pakiet 10 wiadomo\u015bci kosztuje 4,99 USD. Istnieje r\u00f3wnie\u017c opcja miesi\u0119cznej subskrypcji, kt\u00f3ra zapewnia nieograniczon\u0105 liczb\u0119 wiadomo\u015bci za 9,99 USD.<\/p>\n<h2>Konfiguracja profilu<\/h2>\n<p>Je\u015bli chcesz utworzy\u0107 profil w aplikacji randkowej, takiej jak Squirt, musisz poda\u0107 kilka podstawowych informacji o sobie. Obejmuje to takie rzeczy, jak imi\u0119 i nazwisko, wiek i lokalizacja. Musisz tak\u017ce napisa\u0107 kr\u00f3tk\u0105 biografi\u0119 o sobie. W swojej biografii powiniene\u015b wspomnie\u0107 o takich rzeczach, jak twoje zainteresowania i to, czego szukasz u partnera. Po utworzeniu profilu mo\u017cesz zacz\u0105\u0107 przegl\u0105da\u0107 profile innych u\u017cytkownik\u00f3w i wysy\u0142a\u0107 wiadomo\u015bci.<\/p>\n<h2>Strony podobne do Squirt<\/h2>\n<p>Istnieje sporo witryn i aplikacji, kt\u00f3re s\u0105 podobne do Squirt pod wzgl\u0119dem funkcjonalno\u015bci i celu. Nale\u017c\u0105 do nich Grindr, Scruff i Jack&#8217;d. Wszystkie te aplikacje pozwalaj\u0105 u\u017cytkownikom znale\u017a\u0107 potencjalne po\u0142\u0105czenia lub daty w ich okolicy. Wszystkie maj\u0105 r\u00f3wnie\u017c funkcje, kt\u00f3re pozwalaj\u0105 u\u017cytkownikom rozmawia\u0107 i wymienia\u0107 zdj\u0119cia lub filmy. Pod wzgl\u0119dem r\u00f3\u017cnic ka\u017cda z tych aplikacji ma swoje unikalne funkcje i baz\u0119 u\u017cytkownik\u00f3w. Grindr, na przyk\u0142ad, jest nastawiony bardziej na gej\u00f3w i biseksualnych m\u0119\u017cczyzn, podczas gdy Scruff jest bardziej nastawiony na facet\u00f3w, kt\u00f3rzy s\u0105 w nied\u017awiedziach i ow\u0142osionych m\u0119\u017cczyznach.<\/p>\n<p>Squirt to bezpieczna aplikacja randkowa, kt\u00f3ra pozwala u\u017cytkownikom \u0142\u0105czy\u0107 si\u0119 z podobnie my\u015bl\u0105cymi lud\u017ami w ich okolicy. Aplikacja jest przeznaczona do u\u017cytku przez osoby doros\u0142e w wieku powy\u017cej 18 lat i nie jest przeznaczona do u\u017cytku przez osoby niepe\u0142noletnie. Aplikacja jest bezp\u0142atna do pobrania i u\u017cywania, a zakupy w aplikacji nie s\u0105 wymagane. Squirt to bezpieczny i \u0142atwy spos\u00f3b na poznanie nowych ludzi i odkrywanie swojej seksualno\u015bci.<\/p>\n<h2>Czy Squirt jest tego wart?<\/h2>\n<p>Istnieje wiele aplikacji randkowych i mo\u017ce by\u0107 trudno zdecydowa\u0107, z kt\u00f3r\u0105 z nich si\u0119 wybra\u0107. Niekt\u00f3rzy ludzie przysi\u0119gaj\u0105 na Squirta i m\u00f3wi\u0105, \u017ce jest to warte swojej ceny. Inni uwa\u017caj\u0105 to za strat\u0119 pieni\u0119dzy. To naprawd\u0119 zale\u017cy od tego, czego szukasz i ile jeste\u015b got\u00f3w wyda\u0107.<\/p>\n","protected":false},"excerpt":{"rendered":"<div class=\"mh-excerpt\"><p>Dost\u0119pnych jest wiele r\u00f3\u017cnych aplikacji randkowych, z kt\u00f3rych ka\u017cda ma w\u0142asne funkcje i grup\u0119 docelow\u0105. Jednak jedn\u0105 z aplikacji, kt\u00f3ra ostatnio zyskuje na popularno\u015bci, jest <a class=\"mh-excerpt-more\" href=\"https:\/\/mmabay.co.uk\/pl\/tryskanie\/\" title=\"Tryskanie\">[&#8230;]<\/a><\/p>\n<\/div>","protected":false},"author":1,"featured_media":0,"parent":0,"menu_order":0,"comment_status":"closed","ping_status":"closed","template":"","meta":[],"yoast_head":"<!-- This site is optimized with the Yoast SEO plugin v17.7.1 - https:\/\/yoast.com\/wordpress\/plugins\/seo\/ -->\n<title>Tryskanie - Bay Reviews<\/title>\n<meta name=\"robots\" content=\"index, follow, max-snippet:-1, max-image-preview:large, max-video-preview:-1\" \/>\n<link rel=\"canonical\" href=\"https:\/\/mmabay.co.uk\/pl\/tryskanie\/\" \/>\n<meta property=\"og:locale\" content=\"pl_PL\" \/>\n<meta property=\"og:type\" content=\"article\" \/>\n<meta property=\"og:title\" content=\"Tryskanie - Bay Reviews\" \/>\n<meta property=\"og:description\" content=\"Dost\u0119pnych jest wiele r\u00f3\u017cnych aplikacji randkowych, z kt\u00f3rych ka\u017cda ma w\u0142asne funkcje i grup\u0119 docelow\u0105. Jednak jedn\u0105 z aplikacji, kt\u00f3ra ostatnio zyskuje na popularno\u015bci, jest [...]\" \/>\n<meta property=\"og:url\" content=\"https:\/\/mmabay.co.uk\/pl\/tryskanie\/\" \/>\n<meta property=\"og:site_name\" content=\"Bay Reviews\" \/>\n<meta name=\"twitter:card\" content=\"summary_large_image\" \/>\n<meta name=\"twitter:label1\" content=\"Szacowany czas czytania\" \/>\n\t<meta name=\"twitter:data1\" content=\"4 minuty\" \/>\n<script type=\"application\/ld+json\" class=\"yoast-schema-graph\">{\"@context\":\"https:\/\/schema.org\",\"@graph\":[{\"@type\":\"WebSite\",\"@id\":\"https:\/\/mmabay.co.uk\/pl\/#website\",\"url\":\"https:\/\/mmabay.co.uk\/pl\/\",\"name\":\"Bay Reviews\",\"description\":\"Casual Hookup Finder\",\"potentialAction\":[{\"@type\":\"SearchAction\",\"target\":{\"@type\":\"EntryPoint\",\"urlTemplate\":\"https:\/\/mmabay.co.uk\/pl\/?s={search_term_string}\"},\"query-input\":\"required name=search_term_string\"}],\"inLanguage\":\"pl-PL\"},{\"@type\":\"WebPage\",\"@id\":\"https:\/\/mmabay.co.uk\/pl\/tryskanie\/#webpage\",\"url\":\"https:\/\/mmabay.co.uk\/pl\/tryskanie\/\",\"name\":\"Tryskanie - Bay Reviews\",\"isPartOf\":{\"@id\":\"https:\/\/mmabay.co.uk\/pl\/#website\"},\"datePublished\":\"2022-10-03T12:07:24+00:00\",\"dateModified\":\"2022-10-03T12:07:24+00:00\",\"breadcrumb\":{\"@id\":\"https:\/\/mmabay.co.uk\/pl\/tryskanie\/#breadcrumb\"},\"inLanguage\":\"pl-PL\",\"potentialAction\":[{\"@type\":\"ReadAction\",\"target\":[\"https:\/\/mmabay.co.uk\/pl\/tryskanie\/\"]}]},{\"@type\":\"BreadcrumbList\",\"@id\":\"https:\/\/mmabay.co.uk\/pl\/tryskanie\/#breadcrumb\",\"itemListElement\":[{\"@type\":\"ListItem\",\"position\":1,\"name\":\"Home\",\"item\":\"https:\/\/mmabay.co.uk\/pl\/\"},{\"@type\":\"ListItem\",\"position\":2,\"name\":\"Tryskanie\"}]}]}<\/script>\n<!-- \/ Yoast SEO plugin. -->","yoast_head_json":{"title":"Tryskanie - Bay Reviews","robots":{"index":"index","follow":"follow","max-snippet":"max-snippet:-1","max-image-preview":"max-image-preview:large","max-video-preview":"max-video-preview:-1"},"canonical":"https:\/\/mmabay.co.uk\/pl\/tryskanie\/","og_locale":"pl_PL","og_type":"article","og_title":"Tryskanie - Bay Reviews","og_description":"Dost\u0119pnych jest wiele r\u00f3\u017cnych aplikacji randkowych, z kt\u00f3rych ka\u017cda ma w\u0142asne funkcje i grup\u0119 docelow\u0105. Jednak jedn\u0105 z aplikacji, kt\u00f3ra ostatnio zyskuje na popularno\u015bci, jest [...]","og_url":"https:\/\/mmabay.co.uk\/pl\/tryskanie\/","og_site_name":"Bay Reviews","twitter_card":"summary_large_image","twitter_misc":{"Szacowany czas czytania":"4 minuty"},"schema":{"@context":"https:\/\/schema.org","@graph":[{"@type":"WebSite","@id":"https:\/\/mmabay.co.uk\/pl\/#website","url":"https:\/\/mmabay.co.uk\/pl\/","name":"Bay Reviews","description":"Casual Hookup Finder","potentialAction":[{"@type":"SearchAction","target":{"@type":"EntryPoint","urlTemplate":"https:\/\/mmabay.co.uk\/pl\/?s={search_term_string}"},"query-input":"required name=search_term_string"}],"inLanguage":"pl-PL"},{"@type":"WebPage","@id":"https:\/\/mmabay.co.uk\/pl\/tryskanie\/#webpage","url":"https:\/\/mmabay.co.uk\/pl\/tryskanie\/","name":"Tryskanie - Bay Reviews","isPartOf":{"@id":"https:\/\/mmabay.co.uk\/pl\/#website"},"datePublished":"2022-10-03T12:07:24+00:00","dateModified":"2022-10-03T12:07:24+00:00","breadcrumb":{"@id":"https:\/\/mmabay.co.uk\/pl\/tryskanie\/#breadcrumb"},"inLanguage":"pl-PL","potentialAction":[{"@type":"ReadAction","target":["https:\/\/mmabay.co.uk\/pl\/tryskanie\/"]}]},{"@type":"BreadcrumbList","@id":"https:\/\/mmabay.co.uk\/pl\/tryskanie\/#breadcrumb","itemListElement":[{"@type":"ListItem","position":1,"name":"Home","item":"https:\/\/mmabay.co.uk\/pl\/"},{"@type":"ListItem","position":2,"name":"Tryskanie"}]}]}},"_links":{"self":[{"href":"https:\/\/mmabay.co.uk\/pl\/wp-json\/wp\/v2\/pages\/233"}],"collection":[{"href":"https:\/\/mmabay.co.uk\/pl\/wp-json\/wp\/v2\/pages"}],"about":[{"href":"https:\/\/mmabay.co.uk\/pl\/wp-json\/wp\/v2\/types\/page"}],"author":[{"embeddable":true,"href":"https:\/\/mmabay.co.uk\/pl\/wp-json\/wp\/v2\/users\/1"}],"replies":[{"embeddable":true,"href":"https:\/\/mmabay.co.uk\/pl\/wp-json\/wp\/v2\/comments?post=233"}],"version-history":[{"count":0,"href":"https:\/\/mmabay.co.uk\/pl\/wp-json\/wp\/v2\/pages\/233\/revisions"}],"wp:attachment":[{"href":"https:\/\/mmabay.co.uk\/pl\/wp-json\/wp\/v2\/media?parent=233"}],"curies":[{"name":"wp","href":"https:\/\/api.w.org\/{rel}","templated":true}]}}