{"id":242,"date":"2022-10-03T13:07:38","date_gmt":"2022-10-03T12:07:38","guid":{"rendered":"http:\/\/mmabay.co.uk\/findmyflings\/"},"modified":"2022-10-03T13:07:38","modified_gmt":"2022-10-03T12:07:38","slug":"findmyflings","status":"publish","type":"page","link":"https:\/\/mmabay.co.uk\/pl\/findmyflings\/","title":{"rendered":"FindMyFlings"},"content":{"rendered":"<p>FindMyFlings to <a href=\"http:\/\/mmabay.co.uk\/squirt\/\">\u015bwietna nowa aplikacja randkowa<\/a> , kt\u00f3ra pomaga znale\u017a\u0107 lokalnych singli, kt\u00f3rzy szukaj\u0105 tego samego co Ty. Niezale\u017cnie od tego, czy szukasz przypadkowego po\u0142\u0105czenia, czy powa\u017cniejszego zwi\u0105zku, FindMyFlings mo\u017ce pom\u00f3c Ci znale\u017a\u0107 idealne dopasowanie. Aplikacja jest \u0142atwa w u\u017cyciu i ma mn\u00f3stwo wspania\u0142ych funkcji, takich jak wbudowany system czatu i funkcja &#8222;flirtowania&#8221;, kt\u00f3ra pozwala poinformowa\u0107 innych u\u017cytkownik\u00f3w, \u017ce jeste\u015b nimi zainteresowany. Co najlepsze, korzystanie z niego jest ca\u0142kowicie bezp\u0142atne!<\/p>\n<h2>Funkcje pod\u0142\u0105czenia<\/h2>\n<p>FindMyFlings to aplikacja do pod\u0142\u0105czania, kt\u00f3ra pozwala znale\u017a\u0107 potencjalne po\u0142\u0105czenia w pobli\u017cu. Aplikacja jest bezp\u0142atna do pobrania i u\u017cytkowania i oferuje wiele funkcji, kt\u00f3re pomog\u0105 Ci znale\u017a\u0107 dopasowanie. Mo\u017cesz przegl\u0105da\u0107 profile innych u\u017cytkownik\u00f3w, wysy\u0142a\u0107 wiadomo\u015bci i zdj\u0119cia, a nawet spotyka\u0107 si\u0119 osobi\u015bcie, je\u015bli oboje jeste\u015bcie zainteresowani. Aplikacja ma r\u00f3wnie\u017c funkcj\u0119 &#8222;fling finder&#8221;, kt\u00f3ra pozwala wyszukiwa\u0107 potencjalne po\u0142\u0105czenia w Twojej okolicy. Niezale\u017cnie od tego, czy szukasz jednorazowego po\u0142\u0105czenia, czy d\u0142ugoterminowego zwi\u0105zku, FindMyFlings mo\u017ce pom\u00f3c Ci znale\u017a\u0107 to, czego szukasz.<\/p>\n<h2>Opcje cz\u0142onkostwa<\/h2>\n<p>Istnieje kilka r\u00f3\u017cnych opcji cz\u0142onkostwa dla FindMyFlings. Mo\u017cesz za\u0142o\u017cy\u0107 bezp\u0142atne konto, kt\u00f3re daje ograniczony dost\u0119p do witryny, lub mo\u017cesz przej\u015b\u0107 na konto p\u0142atne. P\u0142atne konta zaczynaj\u0105 si\u0119 od $ 9.99 miesi\u0119cznie i s\u0105 wyposa\u017cone w kilka dodatkowych funkcji, takich jak nieograniczona liczba wiadomo\u015bci i dost\u0119p do filtr\u00f3w wyszukiwania premium.<\/p>\n<p>Je\u015bli szukasz aplikacji randkowej, kt\u00f3ra pomo\u017ce Ci znale\u017a\u0107 przypadkowy fling, to FindMyFlings jest zdecydowanie wart sprawdzenia. Darmowe konto to \u015bwietny spos\u00f3b na rozpocz\u0119cie, ale je\u015bli naprawd\u0119 chcesz jak najlepiej wykorzysta\u0107 witryn\u0119, uaktualnienie do p\u0142atnego konta jest zdecydowanie tego warte.<\/p>\n<h2>Sk\u0142adek<\/h2>\n<p>FindMyFlings oferuje wiele opcji cz\u0142onkostwa dostosowanych do Twoich potrzeb. Mo\u017cesz p\u0142aci\u0107 miesi\u0119cznie, kwartalnie lub rocznie. Op\u0142ata miesi\u0119czna wynosi 24,99 USD, op\u0142ata kwartalna wynosi 69,99 USD, a op\u0142ata roczna wynosi 119,99 USD. FindMyFlings oferuje r\u00f3wnie\u017c 7-dniowy bezp\u0142atny okres pr\u00f3bny, dzi\u0119ki czemu mo\u017cesz wypr\u00f3bowa\u0107 przed zakupem.<\/p>\n<p>FindMyFlings to \u015bwietna opcja dla tych, kt\u00f3rzy szukaj\u0105 aplikacji randkowej, kt\u00f3ra oferuje r\u00f3\u017cnorodne funkcje i opcje. Op\u0142aty cz\u0142onkowskie s\u0105 rozs\u0105dne, a 7-dniowy bezp\u0142atny okres pr\u00f3bny to \u015bwietny spos\u00f3b na wypr\u00f3bowanie aplikacji przed zobowi\u0105zaniem si\u0119 do p\u0142atnego cz\u0142onkostwa.<\/p>\n<h2>Profil i zarejestruj si\u0119<\/h2>\n<p>Je\u015bli szukasz flingu, FindMyFlings to aplikacja randkowa dla Ciebie. Z ponad 50 milionami u\u017cytkownik\u00f3w, FindMyFlings jest najwi\u0119ksz\u0105 aplikacj\u0105 randkow\u0105 dla singli szukaj\u0105cych flingu. FindMyFlings mo\u017cna pobra\u0107 i u\u017cywa\u0107 za darmo, a mo\u017cesz za\u0142o\u017cy\u0107 konto w ci\u0105gu zaledwie kilku sekund. Po zarejestrowaniu si\u0119 mo\u017cesz zacz\u0105\u0107 przegl\u0105da\u0107 profile singli w Twojej okolicy. Gdy znajdziesz kogo\u015b, kto Ci\u0119 interesuje, mo\u017cesz wys\u0142a\u0107 mu wiadomo\u015b\u0107 i rozpocz\u0105\u0107 rozmow\u0119. FindMyFlings to \u015bwietny spos\u00f3b na poznanie nowych ludzi i \u015bwietn\u0105 zabaw\u0119.<\/p>\n<h2>Strony takie jak FindMyFlings<\/h2>\n<p>Istnieje wiele aplikacji, kt\u00f3re zaspokajaj\u0105 r\u00f3\u017cne potrzeby, je\u015bli chodzi o randki. FindMyFlings to jedna z opcji, kt\u00f3ra koncentruje si\u0119 na \u0142\u0105czeniu ludzi na przypadkowe spotkania. Aplikacja jest dost\u0119pna za darmo na iOS i Androida i jest to jeden z bardziej popularnych wybor\u00f3w dla os\u00f3b szukaj\u0105cych flingu.<\/p>\n<p>FindMyFlings jest do\u015b\u0107 prosty &#8211; tworzysz profil ze zdj\u0119ciami i troch\u0119 o sobie, a nast\u0119pnie mo\u017cesz przegl\u0105da\u0107 profile innych u\u017cytkownik\u00f3w w Twojej okolicy. Je\u015bli znajdziesz kogo\u015b, kto Ci\u0119 interesuje, mo\u017cesz wys\u0142a\u0107 mu wiadomo\u015b\u0107 i sprawdzi\u0107, czy istnieje po\u0142\u0105czenie.<\/p>\n<p>Aplikacja jest u\u017cywana g\u0142\u00f3wnie przez osoby w wieku 20 i 30 lat i jest to \u015bwietny spos\u00f3b na spotkanie z kim\u015b na nieformalne spotkanie, je\u015bli tego w\u0142a\u015bnie szukasz. Poniewa\u017c jednak koncentruje si\u0119 na pod\u0142\u0105czeniach, mo\u017ce nie by\u0107 najlepszym wyborem, je\u015bli szukasz<\/p>\n<p>FindMyFlings to bezpieczna aplikacja randkowa, kt\u00f3ra pozwala znale\u017a\u0107 potencjalnych partner\u00f3w w Twojej okolicy. Aplikacja wykorzystuje Twoj\u0105 lokalizacj\u0119 do znajdowania dopasowa\u0144 i umo\u017cliwia czatowanie z nimi. Mo\u017cesz tak\u017ce przegl\u0105da\u0107 ich profile i zdj\u0119cia. FindMyFlings to bezpieczna aplikacja, kt\u00f3ra wykorzystuje szyfrowanie SSL do ochrony danych. Aplikacja ma r\u00f3wnie\u017c polityk\u0119 prywatno\u015bci, kt\u00f3ra pozwala kontrolowa\u0107, kto mo\u017ce zobaczy\u0107 Twoje informacje. FindMyFlings to bezpieczna aplikacja randkowa, kt\u00f3rej mo\u017cesz u\u017cy\u0107, aby znale\u017a\u0107 potencjalnych partner\u00f3w w swojej okolicy.<\/p>\n<h2>Czy FindMyFlings jest tego warte?<\/h2>\n<p>Na rynku jest tak wiele aplikacji randkowych, \u017ce mo\u017ce by\u0107 trudno wiedzie\u0107, kt\u00f3ra z nich jest odpowiednia dla Ciebie. Je\u015bli szukasz czego\u015b powa\u017cnego, FindMyFlings mo\u017ce by\u0107 wart swojej ceny. Jest to popularna aplikacja o dobrej reputacji, kt\u00f3ra pomaga ludziom znale\u017a\u0107 d\u0142ugoterminowe relacje. Minusem jest to, \u017ce nie mo\u017cna go u\u017cywa\u0107 za darmo, wi\u0119c musisz zdecydowa\u0107, czy warto zainwestowa\u0107.<\/p>\n","protected":false},"excerpt":{"rendered":"<div class=\"mh-excerpt\"><p>FindMyFlings to \u015bwietna nowa aplikacja randkowa , kt\u00f3ra pomaga znale\u017a\u0107 lokalnych singli, kt\u00f3rzy szukaj\u0105 tego samego co Ty. Niezale\u017cnie od tego, czy szukasz przypadkowego po\u0142\u0105czenia, <a class=\"mh-excerpt-more\" href=\"https:\/\/mmabay.co.uk\/pl\/findmyflings\/\" title=\"FindMyFlings\">[&#8230;]<\/a><\/p>\n<\/div>","protected":false},"author":1,"featured_media":0,"parent":0,"menu_order":0,"comment_status":"closed","ping_status":"closed","template":"","meta":[],"yoast_head":"<!-- This site is optimized with the Yoast SEO plugin v17.7.1 - https:\/\/yoast.com\/wordpress\/plugins\/seo\/ -->\n<title>FindMyFlings - Bay Reviews<\/title>\n<meta name=\"robots\" content=\"index, follow, max-snippet:-1, max-image-preview:large, max-video-preview:-1\" \/>\n<link rel=\"canonical\" href=\"https:\/\/mmabay.co.uk\/pl\/findmyflings\/\" \/>\n<meta property=\"og:locale\" content=\"pl_PL\" \/>\n<meta property=\"og:type\" content=\"article\" \/>\n<meta property=\"og:title\" content=\"FindMyFlings - Bay Reviews\" \/>\n<meta property=\"og:description\" content=\"FindMyFlings to \u015bwietna nowa aplikacja randkowa , kt\u00f3ra pomaga znale\u017a\u0107 lokalnych singli, kt\u00f3rzy szukaj\u0105 tego samego co Ty. Niezale\u017cnie od tego, czy szukasz przypadkowego po\u0142\u0105czenia, [...]\" \/>\n<meta property=\"og:url\" content=\"https:\/\/mmabay.co.uk\/pl\/findmyflings\/\" \/>\n<meta property=\"og:site_name\" content=\"Bay Reviews\" \/>\n<meta name=\"twitter:card\" content=\"summary_large_image\" \/>\n<meta name=\"twitter:label1\" content=\"Szacowany czas czytania\" \/>\n\t<meta name=\"twitter:data1\" content=\"4 minuty\" \/>\n<script type=\"application\/ld+json\" class=\"yoast-schema-graph\">{\"@context\":\"https:\/\/schema.org\",\"@graph\":[{\"@type\":\"WebSite\",\"@id\":\"https:\/\/mmabay.co.uk\/pl\/#website\",\"url\":\"https:\/\/mmabay.co.uk\/pl\/\",\"name\":\"Bay Reviews\",\"description\":\"Casual Hookup Finder\",\"potentialAction\":[{\"@type\":\"SearchAction\",\"target\":{\"@type\":\"EntryPoint\",\"urlTemplate\":\"https:\/\/mmabay.co.uk\/pl\/?s={search_term_string}\"},\"query-input\":\"required name=search_term_string\"}],\"inLanguage\":\"pl-PL\"},{\"@type\":\"WebPage\",\"@id\":\"https:\/\/mmabay.co.uk\/pl\/findmyflings\/#webpage\",\"url\":\"https:\/\/mmabay.co.uk\/pl\/findmyflings\/\",\"name\":\"FindMyFlings - Bay Reviews\",\"isPartOf\":{\"@id\":\"https:\/\/mmabay.co.uk\/pl\/#website\"},\"datePublished\":\"2022-10-03T12:07:38+00:00\",\"dateModified\":\"2022-10-03T12:07:38+00:00\",\"breadcrumb\":{\"@id\":\"https:\/\/mmabay.co.uk\/pl\/findmyflings\/#breadcrumb\"},\"inLanguage\":\"pl-PL\",\"potentialAction\":[{\"@type\":\"ReadAction\",\"target\":[\"https:\/\/mmabay.co.uk\/pl\/findmyflings\/\"]}]},{\"@type\":\"BreadcrumbList\",\"@id\":\"https:\/\/mmabay.co.uk\/pl\/findmyflings\/#breadcrumb\",\"itemListElement\":[{\"@type\":\"ListItem\",\"position\":1,\"name\":\"Home\",\"item\":\"https:\/\/mmabay.co.uk\/pl\/\"},{\"@type\":\"ListItem\",\"position\":2,\"name\":\"FindMyFlings\"}]}]}<\/script>\n<!-- \/ Yoast SEO plugin. -->","yoast_head_json":{"title":"FindMyFlings - Bay Reviews","robots":{"index":"index","follow":"follow","max-snippet":"max-snippet:-1","max-image-preview":"max-image-preview:large","max-video-preview":"max-video-preview:-1"},"canonical":"https:\/\/mmabay.co.uk\/pl\/findmyflings\/","og_locale":"pl_PL","og_type":"article","og_title":"FindMyFlings - Bay Reviews","og_description":"FindMyFlings to \u015bwietna nowa aplikacja randkowa , kt\u00f3ra pomaga znale\u017a\u0107 lokalnych singli, kt\u00f3rzy szukaj\u0105 tego samego co Ty. Niezale\u017cnie od tego, czy szukasz przypadkowego po\u0142\u0105czenia, [...]","og_url":"https:\/\/mmabay.co.uk\/pl\/findmyflings\/","og_site_name":"Bay Reviews","twitter_card":"summary_large_image","twitter_misc":{"Szacowany czas czytania":"4 minuty"},"schema":{"@context":"https:\/\/schema.org","@graph":[{"@type":"WebSite","@id":"https:\/\/mmabay.co.uk\/pl\/#website","url":"https:\/\/mmabay.co.uk\/pl\/","name":"Bay Reviews","description":"Casual Hookup Finder","potentialAction":[{"@type":"SearchAction","target":{"@type":"EntryPoint","urlTemplate":"https:\/\/mmabay.co.uk\/pl\/?s={search_term_string}"},"query-input":"required name=search_term_string"}],"inLanguage":"pl-PL"},{"@type":"WebPage","@id":"https:\/\/mmabay.co.uk\/pl\/findmyflings\/#webpage","url":"https:\/\/mmabay.co.uk\/pl\/findmyflings\/","name":"FindMyFlings - Bay Reviews","isPartOf":{"@id":"https:\/\/mmabay.co.uk\/pl\/#website"},"datePublished":"2022-10-03T12:07:38+00:00","dateModified":"2022-10-03T12:07:38+00:00","breadcrumb":{"@id":"https:\/\/mmabay.co.uk\/pl\/findmyflings\/#breadcrumb"},"inLanguage":"pl-PL","potentialAction":[{"@type":"ReadAction","target":["https:\/\/mmabay.co.uk\/pl\/findmyflings\/"]}]},{"@type":"BreadcrumbList","@id":"https:\/\/mmabay.co.uk\/pl\/findmyflings\/#breadcrumb","itemListElement":[{"@type":"ListItem","position":1,"name":"Home","item":"https:\/\/mmabay.co.uk\/pl\/"},{"@type":"ListItem","position":2,"name":"FindMyFlings"}]}]}},"_links":{"self":[{"href":"https:\/\/mmabay.co.uk\/pl\/wp-json\/wp\/v2\/pages\/242"}],"collection":[{"href":"https:\/\/mmabay.co.uk\/pl\/wp-json\/wp\/v2\/pages"}],"about":[{"href":"https:\/\/mmabay.co.uk\/pl\/wp-json\/wp\/v2\/types\/page"}],"author":[{"embeddable":true,"href":"https:\/\/mmabay.co.uk\/pl\/wp-json\/wp\/v2\/users\/1"}],"replies":[{"embeddable":true,"href":"https:\/\/mmabay.co.uk\/pl\/wp-json\/wp\/v2\/comments?post=242"}],"version-history":[{"count":0,"href":"https:\/\/mmabay.co.uk\/pl\/wp-json\/wp\/v2\/pages\/242\/revisions"}],"wp:attachment":[{"href":"https:\/\/mmabay.co.uk\/pl\/wp-json\/wp\/v2\/media?parent=242"}],"curies":[{"name":"wp","href":"https:\/\/api.w.org\/{rel}","templated":true}]}}