{"id":118,"date":"2022-10-03T11:16:22","date_gmt":"2022-10-03T10:16:22","guid":{"rendered":"http:\/\/mmabay.co.uk\/gratis-online-dating-webbplatser-hitta-sex-i-ditt-omrade\/"},"modified":"2022-10-03T11:16:22","modified_gmt":"2022-10-03T10:16:22","slug":"gratis-online-dating-webbplatser-hitta-sex-i-ditt-omrade","status":"publish","type":"page","link":"https:\/\/mmabay.co.uk\/sv\/","title":{"rendered":"Gratis online dating webbplatser &#8211; Hitta sex i ditt omr\u00e5de"},"content":{"rendered":"<p>Casual dating skiljer sig fr\u00e5n casual sex eftersom det inneb\u00e4r mycket mindre risk. Medan avslappnad sex ofta kr\u00e4ver en viss niv\u00e5 av f\u00f6rtroende och komfort, kr\u00e4ver avslappnad dejting inte n\u00e5got liknande. Du beh\u00f6ver inte oroa dig f\u00f6r att bli s\u00e5rad eller bli besviken. Det finns ingen press att g\u00f6ra n\u00e5got du inte vill g\u00f6ra. Om du best\u00e4mmer dig f\u00f6r att bryta upp med n\u00e5gon, slutar du helt enkelt se varandra. Och om du b\u00f6rjar tr\u00e4ffa n\u00e5gon annan forts\u00e4tter du bara att g\u00f6ra det du har gjort.<\/p>\n<p>Casual dating kan fungera bra f\u00f6r de flesta. Det finns m\u00e5nga anledningar till varf\u00f6r det kan passa dig perfekt. Till exempel kanske du nyligen har kommit ur ett l\u00e5ngvarigt f\u00f6rh\u00e5llande och du inte riktigt vill hoppa in i n\u00e5got f\u00f6r allvarligt vid denna tidpunkt i ditt liv. Kanske vill du utforska dejtingscenen p\u00e5 dina egna villkor och utan att beh\u00f6va oroa dig f\u00f6r f\u00f6rv\u00e4ntningar eller press. Eller kanske du helt enkelt inte vill engagera dig f\u00f6r en person i taget.<\/p>\n<h2>F\u00f6r- och nackdelar<\/h2>\n<p>Det finns m\u00e5nga nackdelar med avslappnad dejting, och n\u00e5gra av dem kan \u00f6verraska dig. Om du har funderat p\u00e5 att prova avslappnad dejting, h\u00e4r \u00e4r \u00e5tta saker du kanske inte inser om denna typ av relation.<\/p>\n<h3>Casual dating leder inte alltid till engagemang<\/h3>\n<p>Du kanske tror att eftersom du har tr\u00e4ffat n\u00e5gon tillf\u00e4lligt under en tid nu, kommer du s\u00e5 sm\u00e5ningom att g\u00e5 in i ett engagerat f\u00f6rh\u00e5llande tillsammans. Detta \u00e4r dock inte n\u00f6dv\u00e4ndigtvis sant. Vissa m\u00e4nniskor slutar aldrig g\u00e5 vidare med ett f\u00f6rh\u00e5llande, medan andra best\u00e4mmer sig f\u00f6r att bryta sina avslappnade kontakter. Hur som helst, avslappnad dejting garanterar inte en framtid tillsammans.<\/p>\n<h3>Det finns ingen garanti f\u00f6r kompatibilitet<\/h3>\n<p>N\u00e4r du b\u00f6rjar tr\u00e4ffa n\u00e5gon tillf\u00e4lligt kan du anta att ni b\u00e5da kommer att vara kompatibla med varandra. Men s\u00e5 \u00e4r s\u00e4llan fallet. \u00c4ven om du kanske k\u00e4nner att du k\u00e4nner varandra tillr\u00e4ckligt bra f\u00f6r att g\u00f6ra antaganden om hur ni skulle arbeta tillsammans, har du fortfarande inte spenderat mycket tid p\u00e5 att l\u00e4ra k\u00e4nna varandra. Och eftersom du faktiskt aldrig har beh\u00f6vt s\u00e4tta dig sj\u00e4lv d\u00e4r ute och st\u00e4lla fr\u00e5gor, kanske du inte f\u00f6rst\u00e5r vissa delar av en annan persons personlighet. Detta kan orsaka problem p\u00e5 v\u00e4gen.<\/p>\n<h3>Du kan g\u00e5 miste om m\u00f6jligheter<\/h3>\n<p>Om du tillf\u00e4lligt dejtar n\u00e5gon har du ingen anledning att g\u00e5 ut p\u00e5 datum med andra m\u00e4nniskor. N\u00e4r du \u00e4r singel har du vanligtvis m\u00f6jlighet att tr\u00e4ffa m\u00e5nga olika m\u00e4nniskor och se vart saker och ting g\u00e5r. Men n\u00e4r du redan dejtar n\u00e5gon kanske du inte har chansen att g\u00f6ra det. Du kan ocks\u00e5 missa att tr\u00e4ffa potentiella partners som inte \u00e4r intresserade av avslappnad dejting.<\/p>\n<h2>Heta val av sexanslutningsappar<\/h2>\n<p>Om du n\u00e5gonsin har provat online dating, vet du hur sv\u00e5rt det kan vara att hitta n\u00e5gon speciell. Och \u00e4ven om det finns gott om webbplatser d\u00e4r ute som hj\u00e4lper dig att f\u00e5 kontakt med m\u00e4nniskor, \u00e4r de flesta av dem inte utformade f\u00f6r att g\u00f6ra det enkelt att hitta k\u00e4rlek. S\u00e5 vad g\u00f6r du?<\/p>\n<h3>G\u00e5ngj\u00e4rn<\/h3>\n<p>Hinge \u00e4r en av de appar d\u00e4r det tar lite tid att v\u00e4nja sig vid. Du f\u00e5r en lista \u00f6ver potentiella matchningar baserat p\u00e5 gemensamma v\u00e4nner, gemensamma platser och delade intressen. N\u00e4r du sveper \u00e5t v\u00e4nster eller h\u00f6ger tas du till n\u00e4sta sk\u00e4rm, d\u00e4r du kan l\u00e4ra dig mer om personen du just matchade med. Denna process forts\u00e4tter tills du hittar n\u00e5gon du gillar tillr\u00e4ckligt f\u00f6r att forts\u00e4tta chatta.<\/p>\n<p>Appen har n\u00e5gra begr\u00e4nsningar. F\u00f6rst och fr\u00e4mst finns det inga obegr\u00e4nsade svep om du inte betalar $ 4.99 per m\u00e5nad f\u00f6r en premiumprenumeration. F\u00f6r det andra kan du inte skicka meddelanden till personer i din k\u00f6 om du inte betalar f\u00f6r en premiumprenumeration. F\u00f6r det tredje visas det bara tre profiler samtidigt, vilket g\u00f6r det sv\u00e5rt att h\u00e5lla reda p\u00e5 vad du g\u00f6r. Och slutligen, om du inte gillar personen du tr\u00e4ffade, sveper du helt enkelt bort utan att ha en chans att s\u00e4ga adj\u00f6.<\/p>\n<h3>T\u00e4ndsticka<\/h3>\n<p>Match \u00e4r en av de mest popul\u00e4ra dejtingsajterna i Nordamerika. Med miljontals m\u00e4nniskor registrerade \u00f6ver hela v\u00e4rlden erbjuder det ett brett utbud av alternativ f\u00f6r att hitta k\u00e4rlek. Oavsett om du vill dejta avslappnat, starta en familj eller helt enkelt letar efter v\u00e4nner, erbjuder Match en m\u00e4ngd olika s\u00e4tt att f\u00e5 kontakt med andra.<\/p>\n<p>Webbplatsen har ett stort antal medlemmar, vilket g\u00f6r det enkelt att bl\u00e4ddra bland profiler och hitta potentiella datum. N\u00e4r du registrerar dig v\u00e4ljer du vilken typ av person du s\u00f6ker &#8211; avslappnad, v\u00e4nskap, romantik etc. Du v\u00e4ljer ocks\u00e5 hur m\u00e5nga fr\u00e5gor du vill ha svar p\u00e5 om dig sj\u00e4lv. N\u00e4r du har slutf\u00f6rt dessa steg kan du s\u00f6ka efter matchningar baserat p\u00e5 plats, k\u00f6n, intressen, hobbyer och till och med \u00e5lder.<\/p>\n<p>N\u00e4r du har hittat n\u00e5gon du gillar kan du skicka meddelanden och utbyta telefonnummer. Men om du best\u00e4mmer dig f\u00f6r att g\u00e5 l\u00e4ngre kan du uppgradera ditt medlemskap till Premium, vilket g\u00f6r att du kan se ytterligare information om varje medlem. Du kan till exempel ta reda p\u00e5 om de \u00e4r singlar, gifta, skilda, f\u00f6rlovade eller en del av ett annat par. Premium l\u00e5ser ocks\u00e5 upp tillg\u00e5ng till exklusiva funktioner som VIP-chattrum, d\u00e4r du kan tr\u00e4ffa singlar i verkligheten.<\/p>\n<h3>Fn\u00f6ske<\/h3>\n<p>Tinder regerar h\u00f6gst p\u00e5 den h\u00e4r arenan eftersom det \u00e4r l\u00e4tt att anv\u00e4nda, gratis och det finns inga hinder f\u00f6r intr\u00e4de. Du beh\u00f6ver inte ens ladda ner appen &#8211; du kan komma \u00e5t den via mobilwebbl\u00e4sare. Och medan du kan tr\u00e4ffa m\u00e4nniskor f\u00f6r informella datum eller avslappnad sex p\u00e5 de flesta av dessa appar, \u00e4r Tinder den d\u00e4r m\u00e4nniskor letar efter n\u00e5got mer meningsfullt.<\/p>\n<p>Appen \u00e4r extremt enkel att f\u00f6rst\u00e5, men det betyder att m\u00e4nniskor g\u00f6r snabba snapbed\u00f6mningar, som ibland kan \u00f6verg\u00e5 till att fokusera tyngre p\u00e5 n\u00e5gons foton \u00e4n deras profil och intressen. Om du vill f\u00e5 kontakt med n\u00e5gon m\u00e5ste du g\u00e5 ut\u00f6ver ytniv\u00e5n f\u00f6r att se om de potentiellt kan passa bra.<\/p>\n<p>F\u00f6r att matcha takten, f\u00f6rs\u00f6k att vara uppm\u00e4rksam p\u00e5 dina bilder och f\u00f6rs\u00f6k att skildra dig sj\u00e4lv i b\u00e4sta m\u00f6jliga ljus. Till exempel rekommenderar Schneider att ladda upp bilder som visar upp ditt leende, eftersom leende ofta anses vara attraktivt. Hon f\u00f6resl\u00e5r ocks\u00e5 att du ser till att ditt ansikte inte \u00e4r f\u00f6r n\u00e4ra kameran, eftersom det g\u00f6r att du ser mindre tillg\u00e4nglig ut.<\/p>\n<p>Du kan ocks\u00e5 \u00f6verv\u00e4ga att ta n\u00e5gra minuter att skriva en kort beskrivning som inneh\u00e5ller dina hobbyer, karri\u00e4rm\u00e5l och ambitioner. P\u00e5 s\u00e5 s\u00e4tt vet folk varf\u00f6r du \u00e4r intresserad av att f\u00e5 kontakt med dem.<\/p>\n<p>Slutligen rekommenderar Schneider att h\u00e5lla saker roliga. Ta inte dig sj\u00e4lv p\u00e5 f\u00f6r stort allvar och t\u00e4nk inte \u00f6ver saker. Bara slappna av och njut av processen.<\/p>\n","protected":false},"excerpt":{"rendered":"<div class=\"mh-excerpt\"><p>Casual dating skiljer sig fr\u00e5n casual sex eftersom det inneb\u00e4r mycket mindre risk. Medan avslappnad sex ofta kr\u00e4ver en viss niv\u00e5 av f\u00f6rtroende och komfort, <a class=\"mh-excerpt-more\" href=\"https:\/\/mmabay.co.uk\/sv\/\" title=\"Gratis online dating webbplatser &#8211; Hitta sex i ditt omr\u00e5de\">[&#8230;]<\/a><\/p>\n<\/div>","protected":false},"author":1,"featured_media":0,"parent":0,"menu_order":0,"comment_status":"closed","ping_status":"closed","template":"","meta":[],"yoast_head":"<!-- This site is optimized with the Yoast SEO plugin v17.7.1 - https:\/\/yoast.com\/wordpress\/plugins\/seo\/ -->\n<title>Gratis online dating webbplatser - Hitta sex i ditt omr\u00e5de - Bay Reviews<\/title>\n<meta name=\"robots\" content=\"index, follow, max-snippet:-1, max-image-preview:large, max-video-preview:-1\" \/>\n<link rel=\"canonical\" href=\"https:\/\/mmabay.co.uk\/sv\/\" \/>\n<meta property=\"og:locale\" content=\"sv_SE\" \/>\n<meta property=\"og:type\" content=\"article\" \/>\n<meta property=\"og:title\" content=\"Gratis online dating webbplatser - Hitta sex i ditt omr\u00e5de - Bay Reviews\" \/>\n<meta property=\"og:description\" content=\"Casual dating skiljer sig fr\u00e5n casual sex eftersom det inneb\u00e4r mycket mindre risk. Medan avslappnad sex ofta kr\u00e4ver en viss niv\u00e5 av f\u00f6rtroende och komfort, [...]\" \/>\n<meta property=\"og:url\" content=\"https:\/\/mmabay.co.uk\/sv\/\" \/>\n<meta property=\"og:site_name\" content=\"Bay Reviews\" \/>\n<meta name=\"twitter:card\" content=\"summary_large_image\" \/>\n<meta name=\"twitter:label1\" content=\"Ber\u00e4knad l\u00e4stid\" \/>\n\t<meta name=\"twitter:data1\" content=\"7 minuter\" \/>\n<script type=\"application\/ld+json\" class=\"yoast-schema-graph\">{\"@context\":\"https:\/\/schema.org\",\"@graph\":[{\"@type\":\"WebSite\",\"@id\":\"https:\/\/mmabay.co.uk\/sv\/#website\",\"url\":\"https:\/\/mmabay.co.uk\/sv\/\",\"name\":\"Bay Reviews\",\"description\":\"Casual Hookup Finder\",\"potentialAction\":[{\"@type\":\"SearchAction\",\"target\":{\"@type\":\"EntryPoint\",\"urlTemplate\":\"https:\/\/mmabay.co.uk\/sv\/?s={search_term_string}\"},\"query-input\":\"required name=search_term_string\"}],\"inLanguage\":\"sv-SE\"},{\"@type\":\"WebPage\",\"@id\":\"https:\/\/mmabay.co.uk\/sv\/#webpage\",\"url\":\"https:\/\/mmabay.co.uk\/sv\/\",\"name\":\"Gratis online dating webbplatser - Hitta sex i ditt omr\\u00e5de - Bay Reviews\",\"isPartOf\":{\"@id\":\"https:\/\/mmabay.co.uk\/sv\/#website\"},\"datePublished\":\"2022-10-03T10:16:22+00:00\",\"dateModified\":\"2022-10-03T10:16:22+00:00\",\"breadcrumb\":{\"@id\":\"https:\/\/mmabay.co.uk\/sv\/#breadcrumb\"},\"inLanguage\":\"sv-SE\",\"potentialAction\":[{\"@type\":\"ReadAction\",\"target\":[\"https:\/\/mmabay.co.uk\/sv\/\"]}]},{\"@type\":\"BreadcrumbList\",\"@id\":\"https:\/\/mmabay.co.uk\/sv\/#breadcrumb\",\"itemListElement\":[{\"@type\":\"ListItem\",\"position\":1,\"name\":\"Home\",\"item\":\"https:\/\/mmabay.co.uk\/sv\/\"},{\"@type\":\"ListItem\",\"position\":2,\"name\":\"Gratis online dating webbplatser &#8211; Hitta sex i ditt omr\\u00e5de\"}]}]}<\/script>\n<!-- \/ Yoast SEO plugin. -->","yoast_head_json":{"title":"Gratis online dating webbplatser - Hitta sex i ditt omr\u00e5de - Bay Reviews","robots":{"index":"index","follow":"follow","max-snippet":"max-snippet:-1","max-image-preview":"max-image-preview:large","max-video-preview":"max-video-preview:-1"},"canonical":"https:\/\/mmabay.co.uk\/sv\/","og_locale":"sv_SE","og_type":"article","og_title":"Gratis online dating webbplatser - Hitta sex i ditt omr\u00e5de - Bay Reviews","og_description":"Casual dating skiljer sig fr\u00e5n casual sex eftersom det inneb\u00e4r mycket mindre risk. Medan avslappnad sex ofta kr\u00e4ver en viss niv\u00e5 av f\u00f6rtroende och komfort, [...]","og_url":"https:\/\/mmabay.co.uk\/sv\/","og_site_name":"Bay Reviews","twitter_card":"summary_large_image","twitter_misc":{"Ber\u00e4knad l\u00e4stid":"7 minuter"},"schema":{"@context":"https:\/\/schema.org","@graph":[{"@type":"WebSite","@id":"https:\/\/mmabay.co.uk\/sv\/#website","url":"https:\/\/mmabay.co.uk\/sv\/","name":"Bay Reviews","description":"Casual Hookup Finder","potentialAction":[{"@type":"SearchAction","target":{"@type":"EntryPoint","urlTemplate":"https:\/\/mmabay.co.uk\/sv\/?s={search_term_string}"},"query-input":"required name=search_term_string"}],"inLanguage":"sv-SE"},{"@type":"WebPage","@id":"https:\/\/mmabay.co.uk\/sv\/#webpage","url":"https:\/\/mmabay.co.uk\/sv\/","name":"Gratis online dating webbplatser - Hitta sex i ditt omr\u00e5de - Bay Reviews","isPartOf":{"@id":"https:\/\/mmabay.co.uk\/sv\/#website"},"datePublished":"2022-10-03T10:16:22+00:00","dateModified":"2022-10-03T10:16:22+00:00","breadcrumb":{"@id":"https:\/\/mmabay.co.uk\/sv\/#breadcrumb"},"inLanguage":"sv-SE","potentialAction":[{"@type":"ReadAction","target":["https:\/\/mmabay.co.uk\/sv\/"]}]},{"@type":"BreadcrumbList","@id":"https:\/\/mmabay.co.uk\/sv\/#breadcrumb","itemListElement":[{"@type":"ListItem","position":1,"name":"Home","item":"https:\/\/mmabay.co.uk\/sv\/"},{"@type":"ListItem","position":2,"name":"Gratis online dating webbplatser &#8211; Hitta sex i ditt omr\u00e5de"}]}]}},"_links":{"self":[{"href":"https:\/\/mmabay.co.uk\/sv\/wp-json\/wp\/v2\/pages\/118"}],"collection":[{"href":"https:\/\/mmabay.co.uk\/sv\/wp-json\/wp\/v2\/pages"}],"about":[{"href":"https:\/\/mmabay.co.uk\/sv\/wp-json\/wp\/v2\/types\/page"}],"author":[{"embeddable":true,"href":"https:\/\/mmabay.co.uk\/sv\/wp-json\/wp\/v2\/users\/1"}],"replies":[{"embeddable":true,"href":"https:\/\/mmabay.co.uk\/sv\/wp-json\/wp\/v2\/comments?post=118"}],"version-history":[{"count":0,"href":"https:\/\/mmabay.co.uk\/sv\/wp-json\/wp\/v2\/pages\/118\/revisions"}],"wp:attachment":[{"href":"https:\/\/mmabay.co.uk\/sv\/wp-json\/wp\/v2\/media?parent=118"}],"curies":[{"name":"wp","href":"https:\/\/api.w.org\/{rel}","templated":true}]}}