{"id":123,"date":"2022-10-03T13:07:24","date_gmt":"2022-10-03T12:07:24","guid":{"rendered":"http:\/\/mmabay.co.uk\/spruta\/"},"modified":"2022-10-03T13:07:24","modified_gmt":"2022-10-03T12:07:24","slug":"spruta","status":"publish","type":"page","link":"https:\/\/mmabay.co.uk\/sv\/spruta\/","title":{"rendered":"Spruta"},"content":{"rendered":"<p>Det finns m\u00e5nga olika dejtingappar tillg\u00e4ngliga, var och en med sina egna funktioner och m\u00e5lgrupp. En app som har blivit popul\u00e4r nyligen \u00e4r dock Squirt. Denna app \u00e4r unik genom att den \u00e4r speciellt utformad f\u00f6r personer som \u00e4r intresserade av att hitta avslappnade, sexuella m\u00f6ten.<\/p>\n<p>\u00c4ven om detta kan l\u00e5ta som en anslutningsapp, kan den faktiskt ocks\u00e5 anv\u00e4ndas f\u00f6r dejting. M\u00e5nga anv\u00e4nder det f\u00f6r att tr\u00e4ffa nya m\u00e4nniskor och se om det finns en sexuell koppling. Om det finns, kan de ta saker till n\u00e4sta niv\u00e5 och tr\u00e4ffas personligen. Om inte, kan de bara g\u00e5 vidare och chatta med n\u00e5gon annan. Squirt \u00e4r ett utm\u00e4rkt alternativ f\u00f6r m\u00e4nniskor som letar efter n\u00e5got lite annorlunda \u00e4n den traditionella dejtingsappen. Det \u00e4r perfekt f\u00f6r dem som vill krydda sitt k\u00e4rleksliv eller bara tr\u00e4ffa nya m\u00e4nniskor f\u00f6r avslappnad kul.<\/p>\n<h2>Typ av funktioner<\/h2>\n<p>Squirt \u00e4r en relativt ny dejtingapp som erbjuder en unik syn p\u00e5 online-datingupplevelsen. Till skillnad fr\u00e5n de flesta dejtingappar l\u00e5ter Squirt dig s\u00f6ka efter potentiella matchningar med en m\u00e4ngd olika kriterier. Detta inkluderar saker som plats, \u00e5lder, intressen och till och med fysiska attribut.<\/p>\n<p>En av de b\u00e4sta funktionerna i Squirt \u00e4r m\u00f6jligheten att se vem som \u00e4r online samtidigt som du. Detta g\u00f6r det enkelt att hitta n\u00e5gon att chatta med eller till och med tr\u00e4ffa personligen. En annan bra funktion \u00e4r m\u00f6jligheten att filtrera dina s\u00f6kresultat. Det betyder att du kan hitta exakt vad du letar efter, oavsett om det \u00e4r en avslappnad anslutning eller n\u00e5got mer allvarligt. Sammantaget \u00e4r Squirt ett utm\u00e4rkt alternativ f\u00f6r alla som letar efter en mer flexibel och skr\u00e4ddarsydd online-datingupplevelse. Om du \u00e4r tr\u00f6tt p\u00e5 samma gamla, samma gamla, ge Squirt ett f\u00f6rs\u00f6k.<\/p>\n<h2>Paket att prova<\/h2>\n<p>Det finns n\u00e5gra olika &#8221;sprutpaket&#8221; som du kan prova p\u00e5 n\u00e5gra av de popul\u00e4ra dejtingapparna. Den f\u00f6rsta \u00e4r &#8221;Tinder Plus&#8221; -paketet, som ger dig tillg\u00e5ng till premiumfunktioner i appen mot en m\u00e5nadsavgift. Detta kan inkludera saker som obegr\u00e4nsade likes, m\u00f6jligheten att spola tillbaka ditt senaste svep och mer. Den andra \u00e4r paketet &#8221;Bumble Boost&#8221;, som ger dig tillg\u00e5ng till premiumfunktioner i appen mot en m\u00e5nadsavgift. Detta kan inkludera saker som m\u00f6jligheten att se vem som redan har gillat dig, f\u00f6rl\u00e4nga dina matcher i ytterligare 24 timmar och mer. Den tredje \u00e4r paketet &#8221;OkCupid A-List&#8221;, som ger dig tillg\u00e5ng till premiumfunktioner i appen mot en m\u00e5nadsavgift. Detta kan inkludera saker som att se vem som gillar dig innan du gillar dem, avancerade s\u00f6kfilter och mer.<\/p>\n<h2>Kostnad<\/h2>\n<p>Squirt \u00e4r en ny dejtingsapp som l\u00e5ter anv\u00e4ndare betala f\u00f6r att skicka flirtiga meddelanden till potentiella matchningar. Appen \u00e4r f\u00f6r n\u00e4rvarande tillg\u00e4nglig i USA och Storbritannien. Kostnaden f\u00f6r att anv\u00e4nda appen varierar beroende p\u00e5 hur m\u00e5nga meddelanden du vill skicka. Ett enda meddelande kostar $ 0.99 och ett 10-meddelandepaket kostar $ 4.99. Det finns ocks\u00e5 ett m\u00e5natligt prenumerationsalternativ som ger dig obegr\u00e4nsade meddelanden f\u00f6r $ 9.99.<\/p>\n<h2>Inst\u00e4llning av profil<\/h2>\n<p>Om du vill skapa en profil i en dejtingapp som Squirt m\u00e5ste du ange grundl\u00e4ggande information om dig sj\u00e4lv. Detta inkluderar saker som ditt namn, \u00e5lder och plats. Du m\u00e5ste ocks\u00e5 skriva en kort bio om dig sj\u00e4lv. I din bio b\u00f6r du n\u00e4mna saker som dina intressen och vad du letar efter hos en partner. N\u00e4r du har skapat din profil kan du b\u00f6rja bl\u00e4ddra bland andra anv\u00e4ndares profiler och skicka meddelanden.<\/p>\n<h2>Webbplatser som liknar Squirt<\/h2>\n<p>Det finns en hel del webbplatser och appar som liknar Squirt n\u00e4r det g\u00e4ller funktionalitet och syfte. Dessa inkluderar Grindr, Scruff och Jack&#8217;d. Alla dessa appar till\u00e5ter anv\u00e4ndare att hitta potentiella anslutningar eller datum i sitt omr\u00e5de. De har alla ocks\u00e5 funktioner som g\u00f6r det m\u00f6jligt f\u00f6r anv\u00e4ndare att chatta och utbyta foton eller videor. N\u00e4r det g\u00e4ller skillnader har var och en av dessa appar sina egna unika funktioner och anv\u00e4ndarbas. Grindr, till exempel, \u00e4r mer inriktad p\u00e5 homosexuella och bisexuella m\u00e4n, medan Scruff \u00e4r mer mot killar som gillar bj\u00f6rnar och h\u00e5riga m\u00e4n.<\/p>\n<p>Squirt \u00e4r en s\u00e4ker dejtingsapp som g\u00f6r det m\u00f6jligt f\u00f6r anv\u00e4ndare att f\u00e5 kontakt med likasinnade m\u00e4nniskor i sitt omr\u00e5de. Appen \u00e4r utformad f\u00f6r att anv\u00e4ndas av samtyckande vuxna \u00f6ver 18 \u00e5r och \u00e4r inte avsedd att anv\u00e4ndas av minder\u00e5riga. Appen \u00e4r gratis att ladda ner och anv\u00e4nda, och det kr\u00e4vs inga k\u00f6p i appen. Squirt \u00e4r ett tryggt och enkelt s\u00e4tt att tr\u00e4ffa nya m\u00e4nniskor och utforska sin sexualitet.<\/p>\n<h2>\u00c4r Squirt v\u00e4rt det?<\/h2>\n<p>Det finns m\u00e5nga dejtingappar d\u00e4r ute och det kan vara sv\u00e5rt att best\u00e4mma vilken man ska g\u00e5 med. Vissa m\u00e4nniskor sv\u00e4r vid Squirt och s\u00e4ger att det \u00e4r v\u00e4rt kostnaden. Andra tycker att det \u00e4r sl\u00f6seri med pengar. Det beror verkligen p\u00e5 vad du letar efter och hur mycket du \u00e4r villig att spendera.<\/p>\n","protected":false},"excerpt":{"rendered":"<div class=\"mh-excerpt\"><p>Det finns m\u00e5nga olika dejtingappar tillg\u00e4ngliga, var och en med sina egna funktioner och m\u00e5lgrupp. En app som har blivit popul\u00e4r nyligen \u00e4r dock Squirt. <a class=\"mh-excerpt-more\" href=\"https:\/\/mmabay.co.uk\/sv\/spruta\/\" title=\"Spruta\">[&#8230;]<\/a><\/p>\n<\/div>","protected":false},"author":1,"featured_media":0,"parent":0,"menu_order":0,"comment_status":"closed","ping_status":"closed","template":"","meta":[],"yoast_head":"<!-- This site is optimized with the Yoast SEO plugin v17.7.1 - https:\/\/yoast.com\/wordpress\/plugins\/seo\/ -->\n<title>Spruta - Bay Reviews<\/title>\n<meta name=\"robots\" content=\"index, follow, max-snippet:-1, max-image-preview:large, max-video-preview:-1\" \/>\n<link rel=\"canonical\" href=\"https:\/\/mmabay.co.uk\/sv\/spruta\/\" \/>\n<meta property=\"og:locale\" content=\"sv_SE\" \/>\n<meta property=\"og:type\" content=\"article\" \/>\n<meta property=\"og:title\" content=\"Spruta - Bay Reviews\" \/>\n<meta property=\"og:description\" content=\"Det finns m\u00e5nga olika dejtingappar tillg\u00e4ngliga, var och en med sina egna funktioner och m\u00e5lgrupp. En app som har blivit popul\u00e4r nyligen \u00e4r dock Squirt. [...]\" \/>\n<meta property=\"og:url\" content=\"https:\/\/mmabay.co.uk\/sv\/spruta\/\" \/>\n<meta property=\"og:site_name\" content=\"Bay Reviews\" \/>\n<meta name=\"twitter:card\" content=\"summary_large_image\" \/>\n<meta name=\"twitter:label1\" content=\"Ber\u00e4knad l\u00e4stid\" \/>\n\t<meta name=\"twitter:data1\" content=\"4 minuter\" \/>\n<script type=\"application\/ld+json\" class=\"yoast-schema-graph\">{\"@context\":\"https:\/\/schema.org\",\"@graph\":[{\"@type\":\"WebSite\",\"@id\":\"https:\/\/mmabay.co.uk\/sv\/#website\",\"url\":\"https:\/\/mmabay.co.uk\/sv\/\",\"name\":\"Bay Reviews\",\"description\":\"Casual Hookup Finder\",\"potentialAction\":[{\"@type\":\"SearchAction\",\"target\":{\"@type\":\"EntryPoint\",\"urlTemplate\":\"https:\/\/mmabay.co.uk\/sv\/?s={search_term_string}\"},\"query-input\":\"required name=search_term_string\"}],\"inLanguage\":\"sv-SE\"},{\"@type\":\"WebPage\",\"@id\":\"https:\/\/mmabay.co.uk\/sv\/spruta\/#webpage\",\"url\":\"https:\/\/mmabay.co.uk\/sv\/spruta\/\",\"name\":\"Spruta - Bay Reviews\",\"isPartOf\":{\"@id\":\"https:\/\/mmabay.co.uk\/sv\/#website\"},\"datePublished\":\"2022-10-03T12:07:24+00:00\",\"dateModified\":\"2022-10-03T12:07:24+00:00\",\"breadcrumb\":{\"@id\":\"https:\/\/mmabay.co.uk\/sv\/spruta\/#breadcrumb\"},\"inLanguage\":\"sv-SE\",\"potentialAction\":[{\"@type\":\"ReadAction\",\"target\":[\"https:\/\/mmabay.co.uk\/sv\/spruta\/\"]}]},{\"@type\":\"BreadcrumbList\",\"@id\":\"https:\/\/mmabay.co.uk\/sv\/spruta\/#breadcrumb\",\"itemListElement\":[{\"@type\":\"ListItem\",\"position\":1,\"name\":\"Home\",\"item\":\"https:\/\/mmabay.co.uk\/sv\/\"},{\"@type\":\"ListItem\",\"position\":2,\"name\":\"Spruta\"}]}]}<\/script>\n<!-- \/ Yoast SEO plugin. -->","yoast_head_json":{"title":"Spruta - Bay Reviews","robots":{"index":"index","follow":"follow","max-snippet":"max-snippet:-1","max-image-preview":"max-image-preview:large","max-video-preview":"max-video-preview:-1"},"canonical":"https:\/\/mmabay.co.uk\/sv\/spruta\/","og_locale":"sv_SE","og_type":"article","og_title":"Spruta - Bay Reviews","og_description":"Det finns m\u00e5nga olika dejtingappar tillg\u00e4ngliga, var och en med sina egna funktioner och m\u00e5lgrupp. En app som har blivit popul\u00e4r nyligen \u00e4r dock Squirt. [...]","og_url":"https:\/\/mmabay.co.uk\/sv\/spruta\/","og_site_name":"Bay Reviews","twitter_card":"summary_large_image","twitter_misc":{"Ber\u00e4knad l\u00e4stid":"4 minuter"},"schema":{"@context":"https:\/\/schema.org","@graph":[{"@type":"WebSite","@id":"https:\/\/mmabay.co.uk\/sv\/#website","url":"https:\/\/mmabay.co.uk\/sv\/","name":"Bay Reviews","description":"Casual Hookup Finder","potentialAction":[{"@type":"SearchAction","target":{"@type":"EntryPoint","urlTemplate":"https:\/\/mmabay.co.uk\/sv\/?s={search_term_string}"},"query-input":"required name=search_term_string"}],"inLanguage":"sv-SE"},{"@type":"WebPage","@id":"https:\/\/mmabay.co.uk\/sv\/spruta\/#webpage","url":"https:\/\/mmabay.co.uk\/sv\/spruta\/","name":"Spruta - Bay Reviews","isPartOf":{"@id":"https:\/\/mmabay.co.uk\/sv\/#website"},"datePublished":"2022-10-03T12:07:24+00:00","dateModified":"2022-10-03T12:07:24+00:00","breadcrumb":{"@id":"https:\/\/mmabay.co.uk\/sv\/spruta\/#breadcrumb"},"inLanguage":"sv-SE","potentialAction":[{"@type":"ReadAction","target":["https:\/\/mmabay.co.uk\/sv\/spruta\/"]}]},{"@type":"BreadcrumbList","@id":"https:\/\/mmabay.co.uk\/sv\/spruta\/#breadcrumb","itemListElement":[{"@type":"ListItem","position":1,"name":"Home","item":"https:\/\/mmabay.co.uk\/sv\/"},{"@type":"ListItem","position":2,"name":"Spruta"}]}]}},"_links":{"self":[{"href":"https:\/\/mmabay.co.uk\/sv\/wp-json\/wp\/v2\/pages\/123"}],"collection":[{"href":"https:\/\/mmabay.co.uk\/sv\/wp-json\/wp\/v2\/pages"}],"about":[{"href":"https:\/\/mmabay.co.uk\/sv\/wp-json\/wp\/v2\/types\/page"}],"author":[{"embeddable":true,"href":"https:\/\/mmabay.co.uk\/sv\/wp-json\/wp\/v2\/users\/1"}],"replies":[{"embeddable":true,"href":"https:\/\/mmabay.co.uk\/sv\/wp-json\/wp\/v2\/comments?post=123"}],"version-history":[{"count":0,"href":"https:\/\/mmabay.co.uk\/sv\/wp-json\/wp\/v2\/pages\/123\/revisions"}],"wp:attachment":[{"href":"https:\/\/mmabay.co.uk\/sv\/wp-json\/wp\/v2\/media?parent=123"}],"curies":[{"name":"wp","href":"https:\/\/api.w.org\/{rel}","templated":true}]}}