{"id":158,"date":"2022-10-03T13:10:53","date_gmt":"2022-10-03T12:10:53","guid":{"rendered":"http:\/\/mmabay.co.uk\/rubmaps\/"},"modified":"2022-10-03T13:10:53","modified_gmt":"2022-10-03T12:10:53","slug":"rubmaps","status":"publish","type":"page","link":"https:\/\/mmabay.co.uk\/sv\/rubmaps\/","title":{"rendered":"Rubmaps"},"content":{"rendered":"<p>Rubmaps \u00e4r en lokal dejtingsapp som l\u00e5ter anv\u00e4ndare hitta Rubmaps-anv\u00e4ndare i sitt omr\u00e5de och chatta med dem. Appen till\u00e5ter ocks\u00e5 anv\u00e4ndare att dela sin plats med andra Rubmaps-anv\u00e4ndare, s\u00e5 att de kan hitta lokala Rubmaps-anv\u00e4ndare att chatta med. Appen \u00e4r tillg\u00e4nglig gratis i App Store och Google Play.<\/p>\n<h2>Matchande system<\/h2>\n<p>Rubmaps matchningssystem \u00e4r ett utm\u00e4rkt s\u00e4tt att hitta potentiella matchningar f\u00f6r din dejtingapp. Den anv\u00e4nder en m\u00e4ngd olika kriterier f\u00f6r att hitta matchningar, inklusive plats, \u00e5lder, k\u00f6n och intressen. Du kan ocks\u00e5 st\u00e4lla in dina egna kriterier, till exempel avst\u00e5nd fr\u00e5n dig, \u00e5ldersintervall och k\u00f6n. Systemet s\u00f6ker sedan efter matchningar och ger dig en lista \u00f6ver potentiella matchningar.<\/p>\n<h2>Val<\/h2>\n<p>Det finns en m\u00e4ngd olika dejtingsappar tillg\u00e4ngliga som tillgodoser olika Rubmaps-val. Vissa appar \u00e4r utformade f\u00f6r specifika m\u00e5lgrupper, medan andra \u00e4r mer allm\u00e4nna. N\u00e5gra popul\u00e4ra dejtingappar inkluderar Tinder, Bumble och Grindr. Varje app har sina egna f\u00f6rdelar och nackdelar, s\u00e5 det \u00e4r viktigt att v\u00e4lja den som b\u00e4st passar dina behov. Tinder \u00e4r ett popul\u00e4rt val f\u00f6r m\u00e5nga m\u00e4nniskor, eftersom det \u00e4r l\u00e4tt att anv\u00e4nda och det finns m\u00e5nga potentiella matchningar tillg\u00e4ngliga. Det \u00e4r dock viktigt att vara medveten om att Tinder \u00e4r k\u00e4nt f\u00f6r att vara en anslutningsapp, s\u00e5 det \u00e4r inte det b\u00e4sta valet om du letar efter ett seri\u00f6st f\u00f6rh\u00e5llande. Bumble \u00e4r en annan popul\u00e4r dejtingsapp som liknar Tinder, men den l\u00e4gger st\u00f6rre vikt vid s\u00e4kerhet och respekt. Grindr \u00e4r en dejtingapp designad speciellt f\u00f6r HBTQ + -personer, och det \u00e4r ett utm\u00e4rkt val om du letar efter en s\u00e4ker och inkluderande gemenskap.<\/p>\n<h2>S\u00e4kerhet<\/h2>\n<p>Rubmaps \u00e4r en dejtingapp som l\u00e5ter anv\u00e4ndare <a href=\"http:\/\/mmabay.co.uk\/sv\/uppvarmdaaffairer\/\">hitta potentiella matchningar<\/a> inom sitt lokala omr\u00e5de. Appen \u00e4r gratis att ladda ner och anv\u00e4nda, och den \u00e4r tillg\u00e4nglig f\u00f6r b\u00e5de iOS- och Android-enheter. Rubmaps \u00e4r ett s\u00e4kert och s\u00e4kert s\u00e4tt att tr\u00e4ffa nya m\u00e4nniskor, och det \u00e4r en av de mest popul\u00e4ra dejtingapparna i v\u00e4rlden. Mer \u00e4n 50 miljoner m\u00e4nniskor har anv\u00e4nt Rubmaps f\u00f6r att hitta en matchning, och appen har ett 4.5-stj\u00e4rnigt betyg i App Store. Rubmaps \u00e4r ett bra s\u00e4tt att tr\u00e4ffa nya m\u00e4nniskor, och det \u00e4r ett tryggt och s\u00e4kert s\u00e4tt att hitta en matchning.<\/p>\n<h2>Medlemskostnader<\/h2>\n<p>F\u00f6rutsatt att du h\u00e4nvisar till webbplatsen Rubmaps kostar ett m\u00e5natligt medlemskap $ 15.95. Det finns dock ocks\u00e5 en tre dagars provperiod tillg\u00e4nglig f\u00f6r $ 4.95. Rubmaps \u00e4r i huvudsak en katalog \u00f6ver massagesalonger som har granskats av webbplatsens anv\u00e4ndare. Recensionerna inneh\u00e5ller information om kvaliteten p\u00e5 massagen, priset och den \u00f6vergripande upplevelsen. F\u00f6rutom recensionerna erbjuder Rubmaps ocks\u00e5 ett forum d\u00e4r anv\u00e4ndare kan diskutera sina erfarenheter.<\/p>\n<h2>Profil och registrering<\/h2>\n<p>Rubmaps \u00e4r en popul\u00e4r dejtingsapp som l\u00e5ter anv\u00e4ndare hitta potentiella matchningar baserat p\u00e5 deras plats. Appen inneh\u00e5ller ocks\u00e5 en meddelandefunktion som g\u00f6r det l\u00e4ttare f\u00f6r anv\u00e4ndare att ansluta till varandra. F\u00f6r att kunna anv\u00e4nda appen m\u00e5ste anv\u00e4ndarna dock skapa en profil och registrera sig f\u00f6r ett konto. Processen \u00e4r enkel och okomplicerad och det tar bara n\u00e5gra minuter att slutf\u00f6ra. N\u00e4r anv\u00e4ndare har registrerat sig kan de b\u00f6rja bl\u00e4ddra igenom potentiella matchningar. Om de hittar n\u00e5gon de \u00e4r intresserade av kan de skicka ett meddelande och b\u00f6rja chatta. Appen \u00e4r gratis att ladda ner och anv\u00e4nda, och den \u00e4r tillg\u00e4nglig f\u00f6r b\u00e5de iOS- och Android-enheter.<\/p>\n<h2>Alternativ till Rubmaps<\/h2>\n<p>Det finns n\u00e5gra alternativ till Rubmaps om du letar efter en dejtingsapp. Ett alternativ \u00e4r att anv\u00e4nda en traditionell dejtingsajt som Match.com eller eHarmony. Dessa webbplatser kr\u00e4ver att du skapar en profil och svarar p\u00e5 fr\u00e5gor om dig sj\u00e4lv, som kan anv\u00e4ndas f\u00f6r att matcha dig med potentiella datum.<\/p>\n<p>Ett annat alternativ \u00e4r att anv\u00e4nda en mobil dejtingsapp som Tinder eller Bumble. Med dessa appar kan du bl\u00e4ddra igenom profiler f\u00f6r andra anv\u00e4ndare i ditt omr\u00e5de och svepa \u00e5t h\u00f6ger om du \u00e4r intresserad av n\u00e5gon. Om de ocks\u00e5 sveper \u00e5t h\u00f6ger p\u00e5 dig matchas du och kan chatta med varandra.<\/p>\n<p>Slutligen kan du prova att anv\u00e4nda en online dating service speciellt f\u00f6r massage terapeuter. Dessa webbplatser kan hj\u00e4lpa dig att f\u00e5 kontakt med andra massageterapeuter i ditt omr\u00e5de som kan vara intresserade av att dejta.<\/p>\n<h2>\u00c4r Rubmaps v\u00e4rt det?<\/h2>\n<p>Om du letar efter en dejtingsapp som l\u00e5ter dig ansluta till andra anv\u00e4ndare i ditt omr\u00e5de \u00e4r Rubmaps definitivt v\u00e4rt kostnaden. Appen \u00e4r enkel att anv\u00e4nda och det \u00e4r ett bra s\u00e4tt att tr\u00e4ffa nya m\u00e4nniskor i ditt omr\u00e5de. T\u00e4nk dock p\u00e5 att Rubmaps \u00e4r en anslutningsapp, s\u00e5 om du letar efter ett seri\u00f6st f\u00f6rh\u00e5llande kanske det h\u00e4r inte \u00e4r appen f\u00f6r dig.<\/p>\n","protected":false},"excerpt":{"rendered":"<div class=\"mh-excerpt\"><p>Rubmaps \u00e4r en lokal dejtingsapp som l\u00e5ter anv\u00e4ndare hitta Rubmaps-anv\u00e4ndare i sitt omr\u00e5de och chatta med dem. Appen till\u00e5ter ocks\u00e5 anv\u00e4ndare att dela sin plats <a class=\"mh-excerpt-more\" href=\"https:\/\/mmabay.co.uk\/sv\/rubmaps\/\" title=\"Rubmaps\">[&#8230;]<\/a><\/p>\n<\/div>","protected":false},"author":1,"featured_media":0,"parent":0,"menu_order":0,"comment_status":"closed","ping_status":"closed","template":"","meta":[],"yoast_head":"<!-- This site is optimized with the Yoast SEO plugin v17.7.1 - https:\/\/yoast.com\/wordpress\/plugins\/seo\/ -->\n<title>Rubmaps - Bay Reviews<\/title>\n<meta name=\"robots\" content=\"index, follow, max-snippet:-1, max-image-preview:large, max-video-preview:-1\" \/>\n<link rel=\"canonical\" href=\"https:\/\/mmabay.co.uk\/sv\/rubmaps\/\" \/>\n<meta property=\"og:locale\" content=\"sv_SE\" \/>\n<meta property=\"og:type\" content=\"article\" \/>\n<meta property=\"og:title\" content=\"Rubmaps - Bay Reviews\" \/>\n<meta property=\"og:description\" content=\"Rubmaps \u00e4r en lokal dejtingsapp som l\u00e5ter anv\u00e4ndare hitta Rubmaps-anv\u00e4ndare i sitt omr\u00e5de och chatta med dem. Appen till\u00e5ter ocks\u00e5 anv\u00e4ndare att dela sin plats [...]\" \/>\n<meta property=\"og:url\" content=\"https:\/\/mmabay.co.uk\/sv\/rubmaps\/\" \/>\n<meta property=\"og:site_name\" content=\"Bay Reviews\" \/>\n<meta name=\"twitter:card\" content=\"summary_large_image\" \/>\n<meta name=\"twitter:label1\" content=\"Ber\u00e4knad l\u00e4stid\" \/>\n\t<meta name=\"twitter:data1\" content=\"4 minuter\" \/>\n<script type=\"application\/ld+json\" class=\"yoast-schema-graph\">{\"@context\":\"https:\/\/schema.org\",\"@graph\":[{\"@type\":\"WebSite\",\"@id\":\"https:\/\/mmabay.co.uk\/sv\/#website\",\"url\":\"https:\/\/mmabay.co.uk\/sv\/\",\"name\":\"Bay Reviews\",\"description\":\"Casual Hookup Finder\",\"potentialAction\":[{\"@type\":\"SearchAction\",\"target\":{\"@type\":\"EntryPoint\",\"urlTemplate\":\"https:\/\/mmabay.co.uk\/sv\/?s={search_term_string}\"},\"query-input\":\"required name=search_term_string\"}],\"inLanguage\":\"sv-SE\"},{\"@type\":\"WebPage\",\"@id\":\"https:\/\/mmabay.co.uk\/sv\/rubmaps\/#webpage\",\"url\":\"https:\/\/mmabay.co.uk\/sv\/rubmaps\/\",\"name\":\"Rubmaps - Bay Reviews\",\"isPartOf\":{\"@id\":\"https:\/\/mmabay.co.uk\/sv\/#website\"},\"datePublished\":\"2022-10-03T12:10:53+00:00\",\"dateModified\":\"2022-10-03T12:10:53+00:00\",\"breadcrumb\":{\"@id\":\"https:\/\/mmabay.co.uk\/sv\/rubmaps\/#breadcrumb\"},\"inLanguage\":\"sv-SE\",\"potentialAction\":[{\"@type\":\"ReadAction\",\"target\":[\"https:\/\/mmabay.co.uk\/sv\/rubmaps\/\"]}]},{\"@type\":\"BreadcrumbList\",\"@id\":\"https:\/\/mmabay.co.uk\/sv\/rubmaps\/#breadcrumb\",\"itemListElement\":[{\"@type\":\"ListItem\",\"position\":1,\"name\":\"Home\",\"item\":\"https:\/\/mmabay.co.uk\/sv\/\"},{\"@type\":\"ListItem\",\"position\":2,\"name\":\"Rubmaps\"}]}]}<\/script>\n<!-- \/ Yoast SEO plugin. -->","yoast_head_json":{"title":"Rubmaps - Bay Reviews","robots":{"index":"index","follow":"follow","max-snippet":"max-snippet:-1","max-image-preview":"max-image-preview:large","max-video-preview":"max-video-preview:-1"},"canonical":"https:\/\/mmabay.co.uk\/sv\/rubmaps\/","og_locale":"sv_SE","og_type":"article","og_title":"Rubmaps - Bay Reviews","og_description":"Rubmaps \u00e4r en lokal dejtingsapp som l\u00e5ter anv\u00e4ndare hitta Rubmaps-anv\u00e4ndare i sitt omr\u00e5de och chatta med dem. Appen till\u00e5ter ocks\u00e5 anv\u00e4ndare att dela sin plats [...]","og_url":"https:\/\/mmabay.co.uk\/sv\/rubmaps\/","og_site_name":"Bay Reviews","twitter_card":"summary_large_image","twitter_misc":{"Ber\u00e4knad l\u00e4stid":"4 minuter"},"schema":{"@context":"https:\/\/schema.org","@graph":[{"@type":"WebSite","@id":"https:\/\/mmabay.co.uk\/sv\/#website","url":"https:\/\/mmabay.co.uk\/sv\/","name":"Bay Reviews","description":"Casual Hookup Finder","potentialAction":[{"@type":"SearchAction","target":{"@type":"EntryPoint","urlTemplate":"https:\/\/mmabay.co.uk\/sv\/?s={search_term_string}"},"query-input":"required name=search_term_string"}],"inLanguage":"sv-SE"},{"@type":"WebPage","@id":"https:\/\/mmabay.co.uk\/sv\/rubmaps\/#webpage","url":"https:\/\/mmabay.co.uk\/sv\/rubmaps\/","name":"Rubmaps - Bay Reviews","isPartOf":{"@id":"https:\/\/mmabay.co.uk\/sv\/#website"},"datePublished":"2022-10-03T12:10:53+00:00","dateModified":"2022-10-03T12:10:53+00:00","breadcrumb":{"@id":"https:\/\/mmabay.co.uk\/sv\/rubmaps\/#breadcrumb"},"inLanguage":"sv-SE","potentialAction":[{"@type":"ReadAction","target":["https:\/\/mmabay.co.uk\/sv\/rubmaps\/"]}]},{"@type":"BreadcrumbList","@id":"https:\/\/mmabay.co.uk\/sv\/rubmaps\/#breadcrumb","itemListElement":[{"@type":"ListItem","position":1,"name":"Home","item":"https:\/\/mmabay.co.uk\/sv\/"},{"@type":"ListItem","position":2,"name":"Rubmaps"}]}]}},"_links":{"self":[{"href":"https:\/\/mmabay.co.uk\/sv\/wp-json\/wp\/v2\/pages\/158"}],"collection":[{"href":"https:\/\/mmabay.co.uk\/sv\/wp-json\/wp\/v2\/pages"}],"about":[{"href":"https:\/\/mmabay.co.uk\/sv\/wp-json\/wp\/v2\/types\/page"}],"author":[{"embeddable":true,"href":"https:\/\/mmabay.co.uk\/sv\/wp-json\/wp\/v2\/users\/1"}],"replies":[{"embeddable":true,"href":"https:\/\/mmabay.co.uk\/sv\/wp-json\/wp\/v2\/comments?post=158"}],"version-history":[{"count":0,"href":"https:\/\/mmabay.co.uk\/sv\/wp-json\/wp\/v2\/pages\/158\/revisions"}],"wp:attachment":[{"href":"https:\/\/mmabay.co.uk\/sv\/wp-json\/wp\/v2\/media?parent=158"}],"curies":[{"name":"wp","href":"https:\/\/api.w.org\/{rel}","templated":true}]}}