{"id":164,"date":"2022-10-03T13:15:06","date_gmt":"2022-10-03T12:15:06","guid":{"rendered":"http:\/\/mmabay.co.uk\/fabswingers\/"},"modified":"2022-10-03T13:15:06","modified_gmt":"2022-10-03T12:15:06","slug":"fabswingers","status":"publish","type":"page","link":"https:\/\/mmabay.co.uk\/sv\/fabswingers\/","title":{"rendered":"FabSwingers"},"content":{"rendered":"<p>Det finns m\u00e5nga dejtingappar d\u00e4r ute, men FabSwingers \u00e4r en av de enda specifikt f\u00f6r swingers. Detta g\u00f6r det till ett utm\u00e4rkt alternativ f\u00f6r m\u00e4nniskor som gillar den livsstilen. Appen \u00e4r enkel att anv\u00e4nda och har m\u00e5nga funktioner, vilket g\u00f6r den till ett utm\u00e4rkt alternativ f\u00f6r swingers som vill tr\u00e4ffa andra swingers. Appen \u00e4r ocks\u00e5 gratis att anv\u00e4nda, vilket \u00e4r en annan bra f\u00f6rdel. Sammantaget \u00e4r FabSwingers ett utm\u00e4rkt alternativ f\u00f6r swingers som vill tr\u00e4ffa andra swingers i sitt omr\u00e5de.<\/p>\n<h2>Hur ser funktionerna ut?<\/h2>\n<p>FabSwingers \u00e4r en dejtingsapp som <a href=\"http:\/\/mmabay.co.uk\/sv\/xcheaters\/\">till\u00e5ter anv\u00e4ndare att f\u00e5 kontakt med andra likasinnade m\u00e4nniskor i sitt omr\u00e5de<\/a>. Appen har en m\u00e4ngd olika funktioner som g\u00f6r det enkelt att hitta och ansluta till potentiella matchningar. Anv\u00e4ndare kan s\u00f6ka efter andra medlemmar efter plats, \u00e5lder och intressen. De kan ocks\u00e5 visa profiler och foton och skicka meddelanden. Appen har ocks\u00e5 en chattfunktion s\u00e5 att anv\u00e4ndare kan chatta med andra medlemmar i realtid.<\/p>\n<h2>Alternativ f\u00f6r medlemskap<\/h2>\n<p>FabSwingers \u00e4r en dejtingsapp som l\u00e5ter dig ansluta till andra swingers i ditt omr\u00e5de. Det finns tv\u00e5 medlemsalternativ tillg\u00e4ngliga: gratis och betalt. Det kostnadsfria medlemskapet ger dig tillg\u00e5ng till appens grundl\u00e4ggande funktioner, medan det betalda medlemskapet ger dig tillg\u00e5ng till alla funktioner i appen. Det betalda medlemskapet ger dig ocks\u00e5 tillg\u00e5ng till exklusiva funktioner, till exempel m\u00f6jligheten att se vem som \u00e4r online och vem som inte \u00e4r det.<\/p>\n<p>Kostnaden f\u00f6r ett FabSwingers-medlemskap \u00e4r mycket rimligt j\u00e4mf\u00f6rt med andra dejtingsappar. F\u00f6r en m\u00e5nadsavgift f\u00e5r du tillg\u00e5ng till alla funktioner p\u00e5 webbplatsen, inklusive meddelanden, s\u00f6kning och profilvisningar. Du f\u00e5r ocks\u00e5 tillg\u00e5ng till webbplatsens omfattande databas med medlemmar. Kostnaden f\u00f6r ett FabSwingers-medlemskap \u00e4r mycket rimligt j\u00e4mf\u00f6rt med andra dejtingsappar.<\/p>\n<h2>Registrera dig &#8211; \u00e4r det enkelt?<\/h2>\n<p>Ja, det \u00e4r enkelt att registrera sig f\u00f6r FabSwingers! G\u00e5 bara till webbplatsen och fyll i ett snabbt formul\u00e4r med din e-postadress, anv\u00e4ndarnamn och l\u00f6senord. N\u00e4r du \u00e4r klar kan du b\u00f6rja bl\u00e4ddra igenom profiler, skicka meddelanden och ordna m\u00f6ten med andra medlemmar. Hela processen b\u00f6r bara ta n\u00e5gra minuter, och sedan \u00e4r du p\u00e5 v\u00e4g att tr\u00e4ffa nya m\u00e4nniskor och njuta av alla f\u00f6rdelar med webbplatsen.<\/p>\n<h2>Alternativ till FabSwingers<\/h2>\n<p>Det finns n\u00e5gra alternativ till FabSwingers som tillgodoser dem som \u00e4r intresserade av den sv\u00e4ngiga livsstilen. SDC (Swingers Date Club) och Kasidie \u00e4r tv\u00e5 popul\u00e4ra alternativ. B\u00e5da plattformarna erbjuder en liknande upplevelse som FabSwingers, med en stor anv\u00e4ndarbas och olika funktioner som hj\u00e4lper dig att ansluta till andra swingers.<\/p>\n<p>Om du inte \u00e4r intresserad av den sv\u00e4ngiga livsstilen finns det m\u00e5nga andra dejtingappar d\u00e4r ute som kan tillgodose dina behov. Tinder, Bumble och Hinge \u00e4r alla popul\u00e4ra val f\u00f6r dem som letar efter en mer traditionell dejtingupplevelse.<\/p>\n<p>FabSwingers \u00e4r en av de s\u00e4kraste dejtingapparna som finns tillg\u00e4ngliga. Appen kr\u00e4ver att alla anv\u00e4ndare verifierar sin identitet med en giltig e-postadress, och alla anv\u00e4ndarprofiler kontrolleras noggrant av FabSwingers-teamet. Dessutom anv\u00e4nder appen en strikt sekretesspolicy f\u00f6r att h\u00e5lla anv\u00e4ndardata s\u00e4kra och s\u00e4kra. Sammantaget \u00e4r FabSwingers ett s\u00e4kert och p\u00e5litligt alternativ f\u00f6r dem som letar efter en sv\u00e4ngande partner.<\/p>\n<h2>\u00c4r FabSwingers v\u00e4rt det?<\/h2>\n<p>Det finns m\u00e5nga dejtingappar d\u00e4r ute och det kan vara sv\u00e5rt att best\u00e4mma vilken man ska g\u00e5 med. Vissa m\u00e4nniskor sv\u00e4r vid Tinder medan andra f\u00f6redrar Bumble. Sedan finns det appar som Plenty of Fish och Match.com. Och gl\u00f6m inte alla nischade dejtingappar som Jdate och Christian Mingle. S\u00e5 var passar FabSwingers in? Tja, om du letar efter en dejtingsapp som v\u00e4nder sig till swingers, \u00e4r FabSwingers definitivt v\u00e4rt kostnaden. Appen \u00e4r enkel att anv\u00e4nda och har m\u00e5nga fantastiska funktioner. Dessutom \u00e4r det mycket billigare \u00e4n de flesta andra dejtingsappar d\u00e4r ute.<\/p>\n<p>S\u00e5 om du vill l\u00e4gga till lite krydda i ditt dejtingsliv, \u00e4r FabSwingers definitivt v\u00e4gen att g\u00e5.<\/p>\n","protected":false},"excerpt":{"rendered":"<div class=\"mh-excerpt\"><p>Det finns m\u00e5nga dejtingappar d\u00e4r ute, men FabSwingers \u00e4r en av de enda specifikt f\u00f6r swingers. Detta g\u00f6r det till ett utm\u00e4rkt alternativ f\u00f6r m\u00e4nniskor <a class=\"mh-excerpt-more\" href=\"https:\/\/mmabay.co.uk\/sv\/fabswingers\/\" title=\"FabSwingers\">[&#8230;]<\/a><\/p>\n<\/div>","protected":false},"author":1,"featured_media":0,"parent":0,"menu_order":0,"comment_status":"closed","ping_status":"closed","template":"","meta":[],"yoast_head":"<!-- This site is optimized with the Yoast SEO plugin v17.7.1 - https:\/\/yoast.com\/wordpress\/plugins\/seo\/ -->\n<title>FabSwingers - Bay Reviews<\/title>\n<meta name=\"robots\" content=\"index, follow, max-snippet:-1, max-image-preview:large, max-video-preview:-1\" \/>\n<link rel=\"canonical\" href=\"https:\/\/mmabay.co.uk\/sv\/fabswingers\/\" \/>\n<meta property=\"og:locale\" content=\"sv_SE\" \/>\n<meta property=\"og:type\" content=\"article\" \/>\n<meta property=\"og:title\" content=\"FabSwingers - Bay Reviews\" \/>\n<meta property=\"og:description\" content=\"Det finns m\u00e5nga dejtingappar d\u00e4r ute, men FabSwingers \u00e4r en av de enda specifikt f\u00f6r swingers. Detta g\u00f6r det till ett utm\u00e4rkt alternativ f\u00f6r m\u00e4nniskor [...]\" \/>\n<meta property=\"og:url\" content=\"https:\/\/mmabay.co.uk\/sv\/fabswingers\/\" \/>\n<meta property=\"og:site_name\" content=\"Bay Reviews\" \/>\n<meta name=\"twitter:card\" content=\"summary_large_image\" \/>\n<meta name=\"twitter:label1\" content=\"Ber\u00e4knad l\u00e4stid\" \/>\n\t<meta name=\"twitter:data1\" content=\"4 minuter\" \/>\n<script type=\"application\/ld+json\" class=\"yoast-schema-graph\">{\"@context\":\"https:\/\/schema.org\",\"@graph\":[{\"@type\":\"WebSite\",\"@id\":\"https:\/\/mmabay.co.uk\/sv\/#website\",\"url\":\"https:\/\/mmabay.co.uk\/sv\/\",\"name\":\"Bay Reviews\",\"description\":\"Casual Hookup Finder\",\"potentialAction\":[{\"@type\":\"SearchAction\",\"target\":{\"@type\":\"EntryPoint\",\"urlTemplate\":\"https:\/\/mmabay.co.uk\/sv\/?s={search_term_string}\"},\"query-input\":\"required name=search_term_string\"}],\"inLanguage\":\"sv-SE\"},{\"@type\":\"WebPage\",\"@id\":\"https:\/\/mmabay.co.uk\/sv\/fabswingers\/#webpage\",\"url\":\"https:\/\/mmabay.co.uk\/sv\/fabswingers\/\",\"name\":\"FabSwingers - Bay Reviews\",\"isPartOf\":{\"@id\":\"https:\/\/mmabay.co.uk\/sv\/#website\"},\"datePublished\":\"2022-10-03T12:15:06+00:00\",\"dateModified\":\"2022-10-03T12:15:06+00:00\",\"breadcrumb\":{\"@id\":\"https:\/\/mmabay.co.uk\/sv\/fabswingers\/#breadcrumb\"},\"inLanguage\":\"sv-SE\",\"potentialAction\":[{\"@type\":\"ReadAction\",\"target\":[\"https:\/\/mmabay.co.uk\/sv\/fabswingers\/\"]}]},{\"@type\":\"BreadcrumbList\",\"@id\":\"https:\/\/mmabay.co.uk\/sv\/fabswingers\/#breadcrumb\",\"itemListElement\":[{\"@type\":\"ListItem\",\"position\":1,\"name\":\"Home\",\"item\":\"https:\/\/mmabay.co.uk\/sv\/\"},{\"@type\":\"ListItem\",\"position\":2,\"name\":\"FabSwingers\"}]}]}<\/script>\n<!-- \/ Yoast SEO plugin. -->","yoast_head_json":{"title":"FabSwingers - Bay Reviews","robots":{"index":"index","follow":"follow","max-snippet":"max-snippet:-1","max-image-preview":"max-image-preview:large","max-video-preview":"max-video-preview:-1"},"canonical":"https:\/\/mmabay.co.uk\/sv\/fabswingers\/","og_locale":"sv_SE","og_type":"article","og_title":"FabSwingers - Bay Reviews","og_description":"Det finns m\u00e5nga dejtingappar d\u00e4r ute, men FabSwingers \u00e4r en av de enda specifikt f\u00f6r swingers. Detta g\u00f6r det till ett utm\u00e4rkt alternativ f\u00f6r m\u00e4nniskor [...]","og_url":"https:\/\/mmabay.co.uk\/sv\/fabswingers\/","og_site_name":"Bay Reviews","twitter_card":"summary_large_image","twitter_misc":{"Ber\u00e4knad l\u00e4stid":"4 minuter"},"schema":{"@context":"https:\/\/schema.org","@graph":[{"@type":"WebSite","@id":"https:\/\/mmabay.co.uk\/sv\/#website","url":"https:\/\/mmabay.co.uk\/sv\/","name":"Bay Reviews","description":"Casual Hookup Finder","potentialAction":[{"@type":"SearchAction","target":{"@type":"EntryPoint","urlTemplate":"https:\/\/mmabay.co.uk\/sv\/?s={search_term_string}"},"query-input":"required name=search_term_string"}],"inLanguage":"sv-SE"},{"@type":"WebPage","@id":"https:\/\/mmabay.co.uk\/sv\/fabswingers\/#webpage","url":"https:\/\/mmabay.co.uk\/sv\/fabswingers\/","name":"FabSwingers - Bay Reviews","isPartOf":{"@id":"https:\/\/mmabay.co.uk\/sv\/#website"},"datePublished":"2022-10-03T12:15:06+00:00","dateModified":"2022-10-03T12:15:06+00:00","breadcrumb":{"@id":"https:\/\/mmabay.co.uk\/sv\/fabswingers\/#breadcrumb"},"inLanguage":"sv-SE","potentialAction":[{"@type":"ReadAction","target":["https:\/\/mmabay.co.uk\/sv\/fabswingers\/"]}]},{"@type":"BreadcrumbList","@id":"https:\/\/mmabay.co.uk\/sv\/fabswingers\/#breadcrumb","itemListElement":[{"@type":"ListItem","position":1,"name":"Home","item":"https:\/\/mmabay.co.uk\/sv\/"},{"@type":"ListItem","position":2,"name":"FabSwingers"}]}]}},"_links":{"self":[{"href":"https:\/\/mmabay.co.uk\/sv\/wp-json\/wp\/v2\/pages\/164"}],"collection":[{"href":"https:\/\/mmabay.co.uk\/sv\/wp-json\/wp\/v2\/pages"}],"about":[{"href":"https:\/\/mmabay.co.uk\/sv\/wp-json\/wp\/v2\/types\/page"}],"author":[{"embeddable":true,"href":"https:\/\/mmabay.co.uk\/sv\/wp-json\/wp\/v2\/users\/1"}],"replies":[{"embeddable":true,"href":"https:\/\/mmabay.co.uk\/sv\/wp-json\/wp\/v2\/comments?post=164"}],"version-history":[{"count":0,"href":"https:\/\/mmabay.co.uk\/sv\/wp-json\/wp\/v2\/pages\/164\/revisions"}],"wp:attachment":[{"href":"https:\/\/mmabay.co.uk\/sv\/wp-json\/wp\/v2\/media?parent=164"}],"curies":[{"name":"wp","href":"https:\/\/api.w.org\/{rel}","templated":true}]}}