{"id":171,"date":"2022-10-03T13:10:32","date_gmt":"2022-10-03T12:10:32","guid":{"rendered":"http:\/\/mmabay.co.uk\/uppvarmdaaffairer\/"},"modified":"2022-10-03T13:10:32","modified_gmt":"2022-10-03T12:10:32","slug":"uppvarmdaaffairer","status":"publish","type":"page","link":"https:\/\/mmabay.co.uk\/sv\/uppvarmdaaffairer\/","title":{"rendered":"Uppv\u00e4rmdaaffairer"},"content":{"rendered":"<p>HeatedAffairs \u00e4r en av de mest popul\u00e4ra sexting-apparna som finns tillg\u00e4ngliga idag. Appen till\u00e5ter anv\u00e4ndare att skicka och ta emot sexuella meddelanden och bilder, samt ansluta till andra anv\u00e4ndare som \u00e4r intresserade av sexting. HeatedAffairs \u00e4r ett bra s\u00e4tt att krydda ditt sexliv eller l\u00e4gga till lite extra sp\u00e4nning i ditt f\u00f6rh\u00e5llande. <a href=\"http:\/\/mmabay.co.uk\/sv\/dubbellista\/\">Appen \u00e4r gratis att ladda ner och anv\u00e4nda<\/a>, och det finns inga prenumerationsavgifter.<\/p>\n<h2>Gr\u00e4nssnitt<\/h2>\n<p>HeatedAffairs-gr\u00e4nssnittet \u00e4r super anv\u00e4ndarv\u00e4nligt och l\u00e4tt att navigera. Du kan hitta det du letar efter snabbt och enkelt, och designen \u00e4r snygg och modern. Appen \u00e4r ocks\u00e5 mycket intuitiv och lyh\u00f6rd, s\u00e5 du har inga problem med att anv\u00e4nda den. Sammantaget \u00e4r HeatedAffairs-gr\u00e4nssnittet ett av de b\u00e4sta i branschen och g\u00f6r det enkelt och roligt att hitta ett datum.<\/p>\n<h2>Dina alternativ<\/h2>\n<p>Det finns m\u00e5nga olika dejtingappar d\u00e4r ute och det kan vara sv\u00e5rt att avg\u00f6ra vilken som \u00e4r r\u00e4tt f\u00f6r dig. Om du letar efter n\u00e5got lite mer \u00e5ngande och mindre allvarligt kan Heated Affairs vara ett bra alternativ f\u00f6r dig. Den h\u00e4r appen \u00e4r utformad f\u00f6r personer som letar efter avslappnade anslutningar och aff\u00e4rer, s\u00e5 du kan definitivt f\u00f6rv\u00e4nta dig att hitta n\u00e5gra m\u00e4nniskor som bara letar efter en fysisk anslutning. Det finns dock ocks\u00e5 m\u00e5nga m\u00e4nniskor i appen som letar efter n\u00e5got mer k\u00e4nslom\u00e4ssigt och l\u00e5ngsiktigt, s\u00e5 det \u00e4r definitivt v\u00e4rt att kolla in om du \u00e4r \u00f6ppen f\u00f6r b\u00e5da alternativen. Det fantastiska med Heated Affairs \u00e4r att det \u00e4r en bed\u00f6mningsfri zon, s\u00e5 du kan g\u00e4rna vara dig sj\u00e4lv och utforska din sexualitet utan oro.<\/p>\n<p>Kostnaden f\u00f6r HeatedAffairs \u00e4r $ 39.99 f\u00f6r en m\u00e5nads medlemskap och $ 19.99 f\u00f6r ett tre m\u00e5naders medlemskap. Det finns ocks\u00e5 ett sex m\u00e5naders medlemskap tillg\u00e4ngligt f\u00f6r $ 9.99. HeatedAffairs erbjuder en m\u00e4ngd olika funktioner f\u00f6r sina medlemmar, inklusive m\u00f6jligheten att s\u00f6ka efter medlemmar efter plats, \u00e5lder, k\u00f6n och intressen. HeatedAffairs erbjuder ocks\u00e5 en m\u00e4ngd olika kommunikationsverktyg, s\u00e5som chattrum, snabbmeddelanden och e-post. HeatedAffairs \u00e4r en dejtingapp som v\u00e4nder sig till gifta och bifogade individer som letar efter lite extra sp\u00e4nning i sina liv.<\/p>\n<h2>S\u00e4kerhet<\/h2>\n<p>Det finns m\u00e5nga dejtingappar d\u00e4r ute och det kan vara sv\u00e5rt att veta vilka som \u00e4r s\u00e4kra att anv\u00e4nda. HeatedAffairs \u00e4r en dejtingapp som \u00e4r utformad f\u00f6r att vara s\u00e4ker och s\u00e4ker f\u00f6r sina anv\u00e4ndare. Appen har ett antal funktioner som hj\u00e4lper till att h\u00e5lla sina anv\u00e4ndare s\u00e4kra, inklusive en strikt verifieringsprocess, ett rapporteringssystem f\u00f6r anv\u00e4ndare som k\u00e4nner sig os\u00e4kra och en blockfunktion f\u00f6r anv\u00e4ndare som inte vill bli kontaktade av vissa personer. HeatedAffairs har ocks\u00e5 ett team av moderatorer som arbetar f\u00f6r att h\u00e5lla appen s\u00e4ker och ren f\u00f6r sina anv\u00e4ndare. Sammantaget \u00e4r HeatedAffairs en s\u00e4ker och s\u00e4ker dejtingsapp som du kan lita p\u00e5.<\/p>\n<h2>Medlemskap Process<\/h2>\n<p>F\u00f6r att bli medlem i Heated Affairs m\u00e5ste du f\u00f6rst skapa ett konto. Du kommer d\u00e5 att bli ombedd att ange din e-postadress, skapa ett l\u00f6senord och v\u00e4lja ditt k\u00f6n och det k\u00f6n du s\u00f6ker. N\u00e4r detta \u00e4r gjort kommer du att kunna komma \u00e5t webbplatsens funktioner. F\u00f6r att kunna anv\u00e4nda webbplatsens meddelandesystem m\u00e5ste du uppgradera till ett betalt medlemskap. Betalda medlemskap ger tillg\u00e5ng till ytterligare funktioner, till exempel m\u00f6jligheten att se vem som har tittat p\u00e5 din profil, skicka och ta emot obegr\u00e4nsade meddelanden och visa medlemsfoton.<\/p>\n<h2>Webbplatser som liknar HeatedAffairs<\/h2>\n<p>Det finns m\u00e5nga webbplatser som liknar HeatedAffairs n\u00e4r det g\u00e4ller online dating. N\u00e5gra andra popul\u00e4ra dejtingappar \u00e4r Tinder, OkCupid och Bumble. Alla dessa appar till\u00e5ter anv\u00e4ndare att skapa en profil, l\u00e4gga till foton och svepa \u00e5t v\u00e4nster eller h\u00f6ger p\u00e5 andra anv\u00e4ndare f\u00f6r att indikera intresse. Dessa appar liknar HeatedAffairs genom att de alla \u00e4r utformade f\u00f6r att hj\u00e4lpa anv\u00e4ndare att tr\u00e4ffa nya m\u00e4nniskor. Varje app har dock sina egna unika funktioner och anv\u00e4ndarbas. Till exempel \u00e4r Tinder k\u00e4nt f\u00f6r sin anslutningskultur, medan OkCupid \u00e4r mer inriktad p\u00e5 relationer. Bumble \u00e4r unikt genom att det bara till\u00e5ter kvinnor att initiera kontakt med m\u00e4n. HeatedAffairs liknar dessa andra appar genom att det \u00e4r en plattform f\u00f6r att tr\u00e4ffa nya m\u00e4nniskor, men det har ocks\u00e5 unika funktioner som skiljer det \u00e5t. Till exempel har HeatedAffairs fokus p\u00e5 utom\u00e4ktenskapliga aff\u00e4rer och diskreta m\u00f6ten. Detta g\u00f6r det till ett bra alternativ f\u00f6r dem som letar efter n\u00e5got utanf\u00f6r<\/p>\n<h2>\u00c4r HeatedAffairs v\u00e4rt det?<\/h2>\n<p>Det finns m\u00e5nga dejtingappar tillg\u00e4ngliga och det kan vara sv\u00e5rt att best\u00e4mma vilken man ska anv\u00e4nda. HeatedAffairs \u00e4r ett popul\u00e4rt alternativ och det har m\u00e5nga funktioner som tilltalar anv\u00e4ndarna. Det \u00e4r viktigt att notera att det \u00e4r en betald app, s\u00e5 du m\u00e5ste best\u00e4mma om kostnaden \u00e4r v\u00e4rt det f\u00f6r dig. Vissa m\u00e4nniskor tycker att funktionerna och kvaliteten p\u00e5 HeatedAffairs \u00e4r v\u00e4rda priset, medan andra inte g\u00f6r det. Det \u00e4r ett personligt beslut och du b\u00f6r v\u00e4ga f\u00f6r- och nackdelar innan du fattar ett beslut.<\/p>\n","protected":false},"excerpt":{"rendered":"<div class=\"mh-excerpt\"><p>HeatedAffairs \u00e4r en av de mest popul\u00e4ra sexting-apparna som finns tillg\u00e4ngliga idag. Appen till\u00e5ter anv\u00e4ndare att skicka och ta emot sexuella meddelanden och bilder, samt <a class=\"mh-excerpt-more\" href=\"https:\/\/mmabay.co.uk\/sv\/uppvarmdaaffairer\/\" title=\"Uppv\u00e4rmdaaffairer\">[&#8230;]<\/a><\/p>\n<\/div>","protected":false},"author":1,"featured_media":0,"parent":0,"menu_order":0,"comment_status":"closed","ping_status":"closed","template":"","meta":[],"yoast_head":"<!-- This site is optimized with the Yoast SEO plugin v17.7.1 - https:\/\/yoast.com\/wordpress\/plugins\/seo\/ -->\n<title>Uppv\u00e4rmdaaffairer - Bay Reviews<\/title>\n<meta name=\"robots\" content=\"index, follow, max-snippet:-1, max-image-preview:large, max-video-preview:-1\" \/>\n<link rel=\"canonical\" href=\"https:\/\/mmabay.co.uk\/sv\/uppvarmdaaffairer\/\" \/>\n<meta property=\"og:locale\" content=\"sv_SE\" \/>\n<meta property=\"og:type\" content=\"article\" \/>\n<meta property=\"og:title\" content=\"Uppv\u00e4rmdaaffairer - Bay Reviews\" \/>\n<meta property=\"og:description\" content=\"HeatedAffairs \u00e4r en av de mest popul\u00e4ra sexting-apparna som finns tillg\u00e4ngliga idag. Appen till\u00e5ter anv\u00e4ndare att skicka och ta emot sexuella meddelanden och bilder, samt [...]\" \/>\n<meta property=\"og:url\" content=\"https:\/\/mmabay.co.uk\/sv\/uppvarmdaaffairer\/\" \/>\n<meta property=\"og:site_name\" content=\"Bay Reviews\" \/>\n<meta name=\"twitter:card\" content=\"summary_large_image\" \/>\n<meta name=\"twitter:label1\" content=\"Ber\u00e4knad l\u00e4stid\" \/>\n\t<meta name=\"twitter:data1\" content=\"5 minuter\" \/>\n<script type=\"application\/ld+json\" class=\"yoast-schema-graph\">{\"@context\":\"https:\/\/schema.org\",\"@graph\":[{\"@type\":\"WebSite\",\"@id\":\"https:\/\/mmabay.co.uk\/sv\/#website\",\"url\":\"https:\/\/mmabay.co.uk\/sv\/\",\"name\":\"Bay Reviews\",\"description\":\"Casual Hookup Finder\",\"potentialAction\":[{\"@type\":\"SearchAction\",\"target\":{\"@type\":\"EntryPoint\",\"urlTemplate\":\"https:\/\/mmabay.co.uk\/sv\/?s={search_term_string}\"},\"query-input\":\"required name=search_term_string\"}],\"inLanguage\":\"sv-SE\"},{\"@type\":\"WebPage\",\"@id\":\"https:\/\/mmabay.co.uk\/sv\/uppvarmdaaffairer\/#webpage\",\"url\":\"https:\/\/mmabay.co.uk\/sv\/uppvarmdaaffairer\/\",\"name\":\"Uppv\\u00e4rmdaaffairer - Bay Reviews\",\"isPartOf\":{\"@id\":\"https:\/\/mmabay.co.uk\/sv\/#website\"},\"datePublished\":\"2022-10-03T12:10:32+00:00\",\"dateModified\":\"2022-10-03T12:10:32+00:00\",\"breadcrumb\":{\"@id\":\"https:\/\/mmabay.co.uk\/sv\/uppvarmdaaffairer\/#breadcrumb\"},\"inLanguage\":\"sv-SE\",\"potentialAction\":[{\"@type\":\"ReadAction\",\"target\":[\"https:\/\/mmabay.co.uk\/sv\/uppvarmdaaffairer\/\"]}]},{\"@type\":\"BreadcrumbList\",\"@id\":\"https:\/\/mmabay.co.uk\/sv\/uppvarmdaaffairer\/#breadcrumb\",\"itemListElement\":[{\"@type\":\"ListItem\",\"position\":1,\"name\":\"Home\",\"item\":\"https:\/\/mmabay.co.uk\/sv\/\"},{\"@type\":\"ListItem\",\"position\":2,\"name\":\"Uppv\\u00e4rmdaaffairer\"}]}]}<\/script>\n<!-- \/ Yoast SEO plugin. -->","yoast_head_json":{"title":"Uppv\u00e4rmdaaffairer - Bay Reviews","robots":{"index":"index","follow":"follow","max-snippet":"max-snippet:-1","max-image-preview":"max-image-preview:large","max-video-preview":"max-video-preview:-1"},"canonical":"https:\/\/mmabay.co.uk\/sv\/uppvarmdaaffairer\/","og_locale":"sv_SE","og_type":"article","og_title":"Uppv\u00e4rmdaaffairer - Bay Reviews","og_description":"HeatedAffairs \u00e4r en av de mest popul\u00e4ra sexting-apparna som finns tillg\u00e4ngliga idag. Appen till\u00e5ter anv\u00e4ndare att skicka och ta emot sexuella meddelanden och bilder, samt [...]","og_url":"https:\/\/mmabay.co.uk\/sv\/uppvarmdaaffairer\/","og_site_name":"Bay Reviews","twitter_card":"summary_large_image","twitter_misc":{"Ber\u00e4knad l\u00e4stid":"5 minuter"},"schema":{"@context":"https:\/\/schema.org","@graph":[{"@type":"WebSite","@id":"https:\/\/mmabay.co.uk\/sv\/#website","url":"https:\/\/mmabay.co.uk\/sv\/","name":"Bay Reviews","description":"Casual Hookup Finder","potentialAction":[{"@type":"SearchAction","target":{"@type":"EntryPoint","urlTemplate":"https:\/\/mmabay.co.uk\/sv\/?s={search_term_string}"},"query-input":"required name=search_term_string"}],"inLanguage":"sv-SE"},{"@type":"WebPage","@id":"https:\/\/mmabay.co.uk\/sv\/uppvarmdaaffairer\/#webpage","url":"https:\/\/mmabay.co.uk\/sv\/uppvarmdaaffairer\/","name":"Uppv\u00e4rmdaaffairer - Bay Reviews","isPartOf":{"@id":"https:\/\/mmabay.co.uk\/sv\/#website"},"datePublished":"2022-10-03T12:10:32+00:00","dateModified":"2022-10-03T12:10:32+00:00","breadcrumb":{"@id":"https:\/\/mmabay.co.uk\/sv\/uppvarmdaaffairer\/#breadcrumb"},"inLanguage":"sv-SE","potentialAction":[{"@type":"ReadAction","target":["https:\/\/mmabay.co.uk\/sv\/uppvarmdaaffairer\/"]}]},{"@type":"BreadcrumbList","@id":"https:\/\/mmabay.co.uk\/sv\/uppvarmdaaffairer\/#breadcrumb","itemListElement":[{"@type":"ListItem","position":1,"name":"Home","item":"https:\/\/mmabay.co.uk\/sv\/"},{"@type":"ListItem","position":2,"name":"Uppv\u00e4rmdaaffairer"}]}]}},"_links":{"self":[{"href":"https:\/\/mmabay.co.uk\/sv\/wp-json\/wp\/v2\/pages\/171"}],"collection":[{"href":"https:\/\/mmabay.co.uk\/sv\/wp-json\/wp\/v2\/pages"}],"about":[{"href":"https:\/\/mmabay.co.uk\/sv\/wp-json\/wp\/v2\/types\/page"}],"author":[{"embeddable":true,"href":"https:\/\/mmabay.co.uk\/sv\/wp-json\/wp\/v2\/users\/1"}],"replies":[{"embeddable":true,"href":"https:\/\/mmabay.co.uk\/sv\/wp-json\/wp\/v2\/comments?post=171"}],"version-history":[{"count":0,"href":"https:\/\/mmabay.co.uk\/sv\/wp-json\/wp\/v2\/pages\/171\/revisions"}],"wp:attachment":[{"href":"https:\/\/mmabay.co.uk\/sv\/wp-json\/wp\/v2\/media?parent=171"}],"curies":[{"name":"wp","href":"https:\/\/api.w.org\/{rel}","templated":true}]}}