{"id":180,"date":"2022-10-03T13:14:33","date_gmt":"2022-10-03T12:14:33","guid":{"rendered":"http:\/\/mmabay.co.uk\/xcheaters\/"},"modified":"2022-10-03T13:14:33","modified_gmt":"2022-10-03T12:14:33","slug":"xcheaters","status":"publish","type":"page","link":"https:\/\/mmabay.co.uk\/sv\/xcheaters\/","title":{"rendered":"XCheaters"},"content":{"rendered":"<p>Det finns m\u00e5nga anslutningssidor d\u00e4r ute som tillgodoser m\u00e4nniskor som letar efter ett avslappnat f\u00f6rh\u00e5llande utan str\u00e4ngar. XCheaters \u00e4r en av dessa webbplatser. Det \u00e4r en popul\u00e4r webbplats f\u00f6r m\u00e4nniskor som letar efter en snabb anslutning, och det \u00e4r ocks\u00e5 en bra webbplats f\u00f6r m\u00e4nniskor som letar efter ett l\u00e5ngsiktigt f\u00f6rh\u00e5llande. Webbplatsen har m\u00e5nga funktioner som g\u00f6r det enkelt att hitta matchningar, och den har ocks\u00e5 m\u00e5nga medlemmar, s\u00e5 du \u00e4r s\u00e4ker p\u00e5 att hitta n\u00e5gon som \u00e4r kompatibel med dig.<\/p>\n<h2>Anslutningsfunktioner<\/h2>\n<p>XCheaters Hookup \u00e4r en ny dejtingsapp som g\u00f6r det m\u00f6jligt f\u00f6r anv\u00e4ndare att ansluta till potentiella matchningar i deras omr\u00e5de. Appen erbjuder en m\u00e4ngd olika funktioner som g\u00f6r det enkelt att hitta och ansluta till potentiella matchningar. Appen till\u00e5ter ocks\u00e5 anv\u00e4ndare att chatta med potentiella matchningar i realtid. Appen \u00e4r gratis att ladda ner och anv\u00e4nda.<\/p>\n<h2>Ditt val<\/h2>\n<p>Det finns m\u00e5nga dejtingappar d\u00e4r ute, men XCheaters \u00e4r definitivt en av de b\u00e4sta. Det \u00e4r l\u00e4tt att anv\u00e4nda och har massor av funktioner som g\u00f6r det bra f\u00f6r att hitta ett datum eller bara en anslutning. S\u00f6kfunktionen \u00e4r riktigt bra, och du kan begr\u00e4nsa dina resultat med massor av olika kriterier. Meddelandesystemet \u00e4r ocks\u00e5 bra, och du kan enkelt h\u00e5lla reda p\u00e5 dina konversationer. Sammantaget \u00e4r XCheaters ett bra alternativ f\u00f6r alla som letar efter en dejtingsapp.<\/p>\n<h2>Avgifter<\/h2>\n<p>Det r\u00e5der ingen tvekan om att dejtingappar har revolutionerat hur vi dejtar och tr\u00e4ffar m\u00e4nniskor. Men tillsammans med bekv\u00e4mligheten de har medf\u00f6rt finns det ocks\u00e5 en ny upps\u00e4ttning utmaningar. En av de st\u00f6rsta \u00e4r fr\u00e5gan om avgifter. Vissa dejtingappar, som Tinder, \u00e4r helt gratis att anv\u00e4nda. Andra, som Bumble, tar ut en m\u00e5natlig prenumerationsavgift. Och fortfarande andra, som eHarmony, tar ut en avgift per tj\u00e4nst (i det h\u00e4r fallet f\u00f6r varje meddelande du skickar). Problemet \u00e4r att dessa avgifter kan l\u00e4gga till, och de \u00e4r inte alltid tydliga. Till exempel annonseras Bumbles prenumerationsavgift som $ 8.99 per m\u00e5nad. Men om du vill anv\u00e4nda deras premiumfunktioner, som &#8221;SuperSwipes&#8221;, m\u00e5ste du betala ytterligare $ 9.99 per m\u00e5nad. S\u00e5 det \u00e4r verkligen $ 18 per m\u00e5nad. Och s\u00e5 finns det de dolda avgifterna. Vissa appar, som Hinge, tar ut $ 3.99<\/p>\n<h2>Var registreringen l\u00e4tt?<\/h2>\n<p>Om du letar efter ett enkelt s\u00e4tt att tr\u00e4ffa nya m\u00e4nniskor \u00e4r XCheaters definitivt v\u00e4gen att g\u00e5. Registreringsprocessen \u00e4r snabb och enkel och du kan b\u00f6rja chatta med m\u00e4nniskor p\u00e5 bara n\u00e5gra minuter. Gr\u00e4nssnittet \u00e4r anv\u00e4ndarv\u00e4nligt och l\u00e4tt att navigera, och hela upplevelsen \u00e4r bara \u00f6vergripande trevlig. Jag skulle definitivt rekommendera XCheaters till alla som letar efter en ny dejtingapp.<\/p>\n<h2>Webbplatser som XCheaters<\/h2>\n<p>Det finns n\u00e5gra webbplatser som XCheaters som \u00e4r popul\u00e4ra bland m\u00e4nniskor som letar efter dejtingsappar. Dessa webbplatser erbjuder en m\u00e4ngd olika funktioner som g\u00f6r det m\u00f6jligt f\u00f6r anv\u00e4ndare att hitta potentiella matchningar och chatta med dem. N\u00e5gra av de funktioner som erbjuds av dessa webbplatser inkluderar:<\/p>\n<ul>\n<li>Avancerade s\u00f6kalternativ som g\u00f6r det m\u00f6jligt f\u00f6r anv\u00e4ndare att hitta matchningar baserat p\u00e5 deras plats, \u00e5lder, intressen och mer.<\/li>\n<li>Ett brett utbud av kommunikationsverktyg som g\u00f6r det m\u00f6jligt f\u00f6r anv\u00e4ndare att chatta med matchningar och l\u00e4ra k\u00e4nna dem b\u00e4ttre.<\/li>\n<li>M\u00f6jligheten att ladda upp foton och videor s\u00e5 att matchningar kan f\u00e5 en b\u00e4ttre uppfattning om vem de pratar med.<\/li>\n<li>En m\u00e4ngd olika funktioner som g\u00f6r det enkelt att hitta och chatta med matchningar.<\/li>\n<\/ul>\n<p>Om du letar efter en dejtingsapp som erbjuder alla dessa funktioner, b\u00f6r du definitivt kolla in en av webbplatserna som XCheaters.<\/p>\n<p>Om du letar efter en s\u00e4ker dejtingsapp \u00e4r XCheaters ett bra alternativ. Appen erbjuder en s\u00e4ker plattform f\u00f6r anv\u00e4ndare att ansluta och kommunicera med varandra. All personlig information krypteras och lagras s\u00e4kert p\u00e5 appens servrar. Dessutom erbjuder XCheaters ett antal s\u00e4kerhetsfunktioner, inklusive en blockeringsfunktion och en rapporteringsfunktion. Om du st\u00f6ter p\u00e5 n\u00e5gra problem eller misst\u00e4nker att n\u00e5gon inte \u00e4r den de s\u00e4ger att de \u00e4r kan du rapportera dem till appens supportteam. XCheaters \u00e4r ett utm\u00e4rkt alternativ f\u00f6r dem som vill ha ett s\u00e4kert och s\u00e4kert s\u00e4tt att f\u00e5 kontakt med andra.<\/p>\n<h2>\u00c4r XCheaters v\u00e4rt det?<\/h2>\n<p>Det finns m\u00e5nga dejtingappar d\u00e4r ute och det kan vara sv\u00e5rt att best\u00e4mma vilken man ska g\u00e5 med. XCheaters \u00e4r en nyare dejtingsapp och den har definitivt mycket potential. Den st\u00f6rsta f\u00f6rs\u00e4ljningsargumentet f\u00f6r den h\u00e4r appen \u00e4r definitivt priset. Det \u00e4r bara $ 4.99 per m\u00e5nad, vilket \u00e4r mycket billigare \u00e4n de flesta andra dejtingsappar. Appen har ocks\u00e5 m\u00e5nga funktioner som andra dejtingappar inte har, som en avancerad s\u00f6kfunktion och m\u00f6jligheten att se vem som har tittat p\u00e5 din profil. Nackdelen med den h\u00e4r appen \u00e4r att den inte har en mycket stor anv\u00e4ndarbas \u00e4nnu, s\u00e5 du kanske inte har s\u00e5 mycket tur att hitta matchningar. Sammantaget \u00e4r XCheaters definitivt v\u00e4rt kostnaden och \u00e4r definitivt v\u00e4rt att kolla in.<\/p>\n","protected":false},"excerpt":{"rendered":"<div class=\"mh-excerpt\"><p>Det finns m\u00e5nga anslutningssidor d\u00e4r ute som tillgodoser m\u00e4nniskor som letar efter ett avslappnat f\u00f6rh\u00e5llande utan str\u00e4ngar. XCheaters \u00e4r en av dessa webbplatser. Det \u00e4r <a class=\"mh-excerpt-more\" href=\"https:\/\/mmabay.co.uk\/sv\/xcheaters\/\" title=\"XCheaters\">[&#8230;]<\/a><\/p>\n<\/div>","protected":false},"author":1,"featured_media":0,"parent":0,"menu_order":0,"comment_status":"closed","ping_status":"closed","template":"","meta":[],"yoast_head":"<!-- This site is optimized with the Yoast SEO plugin v17.7.1 - https:\/\/yoast.com\/wordpress\/plugins\/seo\/ -->\n<title>XCheaters - Bay Reviews<\/title>\n<meta name=\"robots\" content=\"index, follow, max-snippet:-1, max-image-preview:large, max-video-preview:-1\" \/>\n<link rel=\"canonical\" href=\"https:\/\/mmabay.co.uk\/sv\/xcheaters\/\" \/>\n<meta property=\"og:locale\" content=\"sv_SE\" \/>\n<meta property=\"og:type\" content=\"article\" \/>\n<meta property=\"og:title\" content=\"XCheaters - Bay Reviews\" \/>\n<meta property=\"og:description\" content=\"Det finns m\u00e5nga anslutningssidor d\u00e4r ute som tillgodoser m\u00e4nniskor som letar efter ett avslappnat f\u00f6rh\u00e5llande utan str\u00e4ngar. XCheaters \u00e4r en av dessa webbplatser. Det \u00e4r [...]\" \/>\n<meta property=\"og:url\" content=\"https:\/\/mmabay.co.uk\/sv\/xcheaters\/\" \/>\n<meta property=\"og:site_name\" content=\"Bay Reviews\" \/>\n<meta name=\"twitter:card\" content=\"summary_large_image\" \/>\n<meta name=\"twitter:label1\" content=\"Ber\u00e4knad l\u00e4stid\" \/>\n\t<meta name=\"twitter:data1\" content=\"4 minuter\" \/>\n<script type=\"application\/ld+json\" class=\"yoast-schema-graph\">{\"@context\":\"https:\/\/schema.org\",\"@graph\":[{\"@type\":\"WebSite\",\"@id\":\"https:\/\/mmabay.co.uk\/sv\/#website\",\"url\":\"https:\/\/mmabay.co.uk\/sv\/\",\"name\":\"Bay Reviews\",\"description\":\"Casual Hookup Finder\",\"potentialAction\":[{\"@type\":\"SearchAction\",\"target\":{\"@type\":\"EntryPoint\",\"urlTemplate\":\"https:\/\/mmabay.co.uk\/sv\/?s={search_term_string}\"},\"query-input\":\"required name=search_term_string\"}],\"inLanguage\":\"sv-SE\"},{\"@type\":\"WebPage\",\"@id\":\"https:\/\/mmabay.co.uk\/sv\/xcheaters\/#webpage\",\"url\":\"https:\/\/mmabay.co.uk\/sv\/xcheaters\/\",\"name\":\"XCheaters - Bay Reviews\",\"isPartOf\":{\"@id\":\"https:\/\/mmabay.co.uk\/sv\/#website\"},\"datePublished\":\"2022-10-03T12:14:33+00:00\",\"dateModified\":\"2022-10-03T12:14:33+00:00\",\"breadcrumb\":{\"@id\":\"https:\/\/mmabay.co.uk\/sv\/xcheaters\/#breadcrumb\"},\"inLanguage\":\"sv-SE\",\"potentialAction\":[{\"@type\":\"ReadAction\",\"target\":[\"https:\/\/mmabay.co.uk\/sv\/xcheaters\/\"]}]},{\"@type\":\"BreadcrumbList\",\"@id\":\"https:\/\/mmabay.co.uk\/sv\/xcheaters\/#breadcrumb\",\"itemListElement\":[{\"@type\":\"ListItem\",\"position\":1,\"name\":\"Home\",\"item\":\"https:\/\/mmabay.co.uk\/sv\/\"},{\"@type\":\"ListItem\",\"position\":2,\"name\":\"XCheaters\"}]}]}<\/script>\n<!-- \/ Yoast SEO plugin. -->","yoast_head_json":{"title":"XCheaters - Bay Reviews","robots":{"index":"index","follow":"follow","max-snippet":"max-snippet:-1","max-image-preview":"max-image-preview:large","max-video-preview":"max-video-preview:-1"},"canonical":"https:\/\/mmabay.co.uk\/sv\/xcheaters\/","og_locale":"sv_SE","og_type":"article","og_title":"XCheaters - Bay Reviews","og_description":"Det finns m\u00e5nga anslutningssidor d\u00e4r ute som tillgodoser m\u00e4nniskor som letar efter ett avslappnat f\u00f6rh\u00e5llande utan str\u00e4ngar. XCheaters \u00e4r en av dessa webbplatser. Det \u00e4r [...]","og_url":"https:\/\/mmabay.co.uk\/sv\/xcheaters\/","og_site_name":"Bay Reviews","twitter_card":"summary_large_image","twitter_misc":{"Ber\u00e4knad l\u00e4stid":"4 minuter"},"schema":{"@context":"https:\/\/schema.org","@graph":[{"@type":"WebSite","@id":"https:\/\/mmabay.co.uk\/sv\/#website","url":"https:\/\/mmabay.co.uk\/sv\/","name":"Bay Reviews","description":"Casual Hookup Finder","potentialAction":[{"@type":"SearchAction","target":{"@type":"EntryPoint","urlTemplate":"https:\/\/mmabay.co.uk\/sv\/?s={search_term_string}"},"query-input":"required name=search_term_string"}],"inLanguage":"sv-SE"},{"@type":"WebPage","@id":"https:\/\/mmabay.co.uk\/sv\/xcheaters\/#webpage","url":"https:\/\/mmabay.co.uk\/sv\/xcheaters\/","name":"XCheaters - Bay Reviews","isPartOf":{"@id":"https:\/\/mmabay.co.uk\/sv\/#website"},"datePublished":"2022-10-03T12:14:33+00:00","dateModified":"2022-10-03T12:14:33+00:00","breadcrumb":{"@id":"https:\/\/mmabay.co.uk\/sv\/xcheaters\/#breadcrumb"},"inLanguage":"sv-SE","potentialAction":[{"@type":"ReadAction","target":["https:\/\/mmabay.co.uk\/sv\/xcheaters\/"]}]},{"@type":"BreadcrumbList","@id":"https:\/\/mmabay.co.uk\/sv\/xcheaters\/#breadcrumb","itemListElement":[{"@type":"ListItem","position":1,"name":"Home","item":"https:\/\/mmabay.co.uk\/sv\/"},{"@type":"ListItem","position":2,"name":"XCheaters"}]}]}},"_links":{"self":[{"href":"https:\/\/mmabay.co.uk\/sv\/wp-json\/wp\/v2\/pages\/180"}],"collection":[{"href":"https:\/\/mmabay.co.uk\/sv\/wp-json\/wp\/v2\/pages"}],"about":[{"href":"https:\/\/mmabay.co.uk\/sv\/wp-json\/wp\/v2\/types\/page"}],"author":[{"embeddable":true,"href":"https:\/\/mmabay.co.uk\/sv\/wp-json\/wp\/v2\/users\/1"}],"replies":[{"embeddable":true,"href":"https:\/\/mmabay.co.uk\/sv\/wp-json\/wp\/v2\/comments?post=180"}],"version-history":[{"count":0,"href":"https:\/\/mmabay.co.uk\/sv\/wp-json\/wp\/v2\/pages\/180\/revisions"}],"wp:attachment":[{"href":"https:\/\/mmabay.co.uk\/sv\/wp-json\/wp\/v2\/media?parent=180"}],"curies":[{"name":"wp","href":"https:\/\/api.w.org\/{rel}","templated":true}]}}