{"id":196,"date":"2022-10-03T13:09:41","date_gmt":"2022-10-03T12:09:41","guid":{"rendered":"http:\/\/mmabay.co.uk\/dubbellista\/"},"modified":"2022-10-03T13:09:41","modified_gmt":"2022-10-03T12:09:41","slug":"dubbellista","status":"publish","type":"page","link":"https:\/\/mmabay.co.uk\/sv\/dubbellista\/","title":{"rendered":"Dubbellista"},"content":{"rendered":"<p>Det finns en ny dejtingapp p\u00e5 scenen, och den heter DoubleList. Till skillnad fr\u00e5n andra dejtingappar \u00e4r DoubleList speciellt utformad f\u00f6r personer som letar efter NSA -sex (utan f\u00f6rbeh\u00e5ll).<\/p>\n<p>Om du \u00e4r tr\u00f6tt p\u00e5 att svepa \u00e5t v\u00e4nster och h\u00f6ger, bara f\u00f6r att bli besviken \u00f6ver resultaten, kan DoubleList vara v\u00e4rt att kolla in. Appen \u00e4r fortfarande i ett tidigt skede, men den har redan f\u00e5tt mycket dragkraft hos anv\u00e4ndare som letar efter n\u00e5got lite annorlunda. S\u00e5 om du \u00e4r intresserad av att utforska din sexualitet utan n\u00e5gra str\u00e4ngar, kan DoubleList bara vara appen f\u00f6r dig.<\/p>\n<h2>App-funktioner<\/h2>\n<p>DoubleList \u00e4r en ny dejtingapp som l\u00e5ter anv\u00e4ndare <a href=\"http:\/\/mmabay.co.uk\/xpickup\/\">hitta matchningar baserat p\u00e5 deras plats och intressen<\/a>. Appen till\u00e5ter ocks\u00e5 anv\u00e4ndare att skapa en profil och l\u00e4gga till foton, s\u00e5 att potentiella matchningar kan l\u00e4ra sig mer om dem. En av de unika funktionerna i DoubleList \u00e4r m\u00f6jligheten att se vem som har gillat dig innan du ens har matchat med dem. Det betyder att du kan b\u00f6rja chatta med n\u00e5gon direkt utan att beh\u00f6va v\u00e4nta p\u00e5 att de ska gilla dig tillbaka. DoubleList \u00e4r ocks\u00e5 en av de enda dejtingapparna som till\u00e5ter anv\u00e4ndare att s\u00f6ka efter matchningar efter nyckelord, s\u00e5 att du kan hitta n\u00e5gon som delar dina intressen. Appen \u00e4r gratis att ladda ner och anv\u00e4nda, och den \u00e4r tillg\u00e4nglig p\u00e5 b\u00e5de iOS och Android.<\/p>\n<h2>Ditt val<\/h2>\n<p>Det r\u00e5der ingen tvekan om att dejtingappar har f\u00f6r\u00e4ndrat hur vi dejtar. Vi \u00e4r inte l\u00e4ngre begr\u00e4nsade till att tr\u00e4ffa n\u00e5gon p\u00e5 en bar eller genom en gemensam v\u00e4n. Nu kan vi helt enkelt svepa \u00e5t h\u00f6ger f\u00f6r att f\u00e5 kontakt med n\u00e5gon som f\u00e5ngar v\u00e5rt \u00f6ga.<\/p>\n<p>Men med s\u00e5 m\u00e5nga dejtingappar att v\u00e4lja mellan kan det vara sv\u00e5rt att veta vilken som \u00e4r r\u00e4tt f\u00f6r dig. Det \u00e4r d\u00e4rf\u00f6r vi har skapat en lista \u00f6ver de b\u00e4sta dejtingapparna, s\u00e5 att du kan fatta ett v\u00e4lgrundat beslut om vilken app som passar dig. Om du letar efter ett seri\u00f6st f\u00f6rh\u00e5llande rekommenderar vi eHarmony. Denna app \u00e4r utformad f\u00f6r att hj\u00e4lpa dig att hitta en l\u00e5ngsiktig partner, och det \u00e4r en av de mest popul\u00e4ra dejtingsapparna d\u00e4r ute. Om du letar efter n\u00e5got lite mer avslappnat rekommenderar vi Tinder. Denna app \u00e4r perfekt f\u00f6r m\u00e4nniskor som bara letar efter en snabb anslutning.<\/p>\n<p>Och om du letar efter n\u00e5got d\u00e4remellan rekommenderar vi DoubleList!<\/p>\n<h2>Premium kostnader<\/h2>\n<p>DoubleList \u00e4r en dejtingsapp som g\u00f6r det m\u00f6jligt f\u00f6r anv\u00e4ndare att ansluta till varandra av olika sk\u00e4l, inklusive dejting, anslutning eller helt enkelt f\u00e5 nya v\u00e4nner. Appen \u00e4r gratis att ladda ner och anv\u00e4nda, men den erbjuder ocks\u00e5 en premiumprenumeration som ger anv\u00e4ndarna tillg\u00e5ng till ytterligare funktioner, till exempel avancerade s\u00f6kalternativ och m\u00f6jligheten att se vem som har tittat p\u00e5 din profil. Premiumprenumerationen kostar $ 9.99 per m\u00e5nad, och den f\u00f6rnyas automatiskt varje m\u00e5nad om du inte avbryter den. Appen till\u00e5ter ocks\u00e5 anv\u00e4ndare att registrera sig f\u00f6r ett konto och logga in. Appen har ett enkelt gr\u00e4nssnitt och \u00e4r l\u00e4tt att anv\u00e4nda. DoubleList \u00e4r en bra app f\u00f6r att tr\u00e4ffa nya m\u00e4nniskor och f\u00e5 kontakt med andra anv\u00e4ndare.<\/p>\n<h2>Alternativ till DoubleList<\/h2>\n<p>Det finns m\u00e5nga alternativ till DoubleList f\u00f6r dem som letar efter en dejtingapp. N\u00e5gra av dessa inkluderar Tinder, Bumble, OkCupid och Match.com. Alla dessa appar har sina egna unika funktioner och tillgodoser olika m\u00e5lgrupper. Till exempel \u00e4r Tinder en av de mest popul\u00e4ra dejtingapparna och \u00e4r k\u00e4nd f\u00f6r sin svepfunktion. Bumble \u00e4r en annan popul\u00e4r app som g\u00f6r det m\u00f6jligt f\u00f6r kvinnor att g\u00f6ra det f\u00f6rsta steget. OkCupid \u00e4r en gratis app som \u00e4r k\u00e4nd f\u00f6r sina djupg\u00e5ende profiler och Match.com \u00e4r en betald app som anses vara mer seri\u00f6s.<\/p>\n<h2>S\u00e4kerhet<\/h2>\n<p>N\u00e4r det g\u00e4ller n\u00e4tdejting \u00e4r s\u00e4kerheten alltid ett stort problem. Du kan dock vara s\u00e4ker p\u00e5 att DoubleList \u00e4r en trygg och s\u00e4ker dejtingapp. All din personliga information \u00e4r skyddad och appen anv\u00e4nder SSL-kryptering f\u00f6r att h\u00e5lla dina data s\u00e4kra. Dessutom anst\u00e4ller DoubleList ett team av s\u00e4kerhetsexperter som alltid arbetar f\u00f6r att h\u00e5lla appen s\u00e4ker och s\u00e4ker. S\u00e5 du kan fokusera p\u00e5 att hitta din perfekta matchning utan att oroa dig f\u00f6r din s\u00e4kerhet.<\/p>\n<h2>\u00c4r DoubleList v\u00e4rt det?<\/h2>\n<p>Det finns m\u00e5nga dejtingappar d\u00e4r ute, s\u00e5 det kan vara sv\u00e5rt att best\u00e4mma vilken du ska spendera dina pengar p\u00e5. Om du funderar p\u00e5 DoubleList \u00e4r det v\u00e4rt att \u00f6verv\u00e4ga kostnaden. En m\u00e5nadsprenumeration p\u00e5 appen kostar $ 9.99, vilket inte \u00e4r s\u00e5 illa. Men du m\u00e5ste ocks\u00e5 betala $ 0.99 per meddelande du skickar, vilket kan l\u00e4gga till om du \u00e4r en tung anv\u00e4ndare.<\/p>\n<p>S\u00e5 \u00e4r DoubleList v\u00e4rt kostnaden? Det beror p\u00e5 hur du anv\u00e4nder det. Om du \u00e4r en avslappnad anv\u00e4ndare som bara skickar n\u00e5gra meddelanden i m\u00e5naden \u00e4r det f\u00f6rmodligen inte v\u00e4rt det. Men om du \u00e4r en tung anv\u00e4ndare som skickar m\u00e5nga meddelanden kan det vara v\u00e4rt kostnaden.<\/p>\n","protected":false},"excerpt":{"rendered":"<div class=\"mh-excerpt\"><p>Det finns en ny dejtingapp p\u00e5 scenen, och den heter DoubleList. Till skillnad fr\u00e5n andra dejtingappar \u00e4r DoubleList speciellt utformad f\u00f6r personer som letar efter <a class=\"mh-excerpt-more\" href=\"https:\/\/mmabay.co.uk\/sv\/dubbellista\/\" title=\"Dubbellista\">[&#8230;]<\/a><\/p>\n<\/div>","protected":false},"author":1,"featured_media":0,"parent":0,"menu_order":0,"comment_status":"closed","ping_status":"closed","template":"","meta":[],"yoast_head":"<!-- This site is optimized with the Yoast SEO plugin v17.7.1 - https:\/\/yoast.com\/wordpress\/plugins\/seo\/ -->\n<title>Dubbellista - Bay Reviews<\/title>\n<meta name=\"robots\" content=\"index, follow, max-snippet:-1, max-image-preview:large, max-video-preview:-1\" \/>\n<link rel=\"canonical\" href=\"https:\/\/mmabay.co.uk\/sv\/dubbellista\/\" \/>\n<meta property=\"og:locale\" content=\"sv_SE\" \/>\n<meta property=\"og:type\" content=\"article\" \/>\n<meta property=\"og:title\" content=\"Dubbellista - Bay Reviews\" \/>\n<meta property=\"og:description\" content=\"Det finns en ny dejtingapp p\u00e5 scenen, och den heter DoubleList. Till skillnad fr\u00e5n andra dejtingappar \u00e4r DoubleList speciellt utformad f\u00f6r personer som letar efter [...]\" \/>\n<meta property=\"og:url\" content=\"https:\/\/mmabay.co.uk\/sv\/dubbellista\/\" \/>\n<meta property=\"og:site_name\" content=\"Bay Reviews\" \/>\n<meta name=\"twitter:card\" content=\"summary_large_image\" \/>\n<meta name=\"twitter:label1\" content=\"Ber\u00e4knad l\u00e4stid\" \/>\n\t<meta name=\"twitter:data1\" content=\"5 minuter\" \/>\n<script type=\"application\/ld+json\" class=\"yoast-schema-graph\">{\"@context\":\"https:\/\/schema.org\",\"@graph\":[{\"@type\":\"WebSite\",\"@id\":\"https:\/\/mmabay.co.uk\/sv\/#website\",\"url\":\"https:\/\/mmabay.co.uk\/sv\/\",\"name\":\"Bay Reviews\",\"description\":\"Casual Hookup Finder\",\"potentialAction\":[{\"@type\":\"SearchAction\",\"target\":{\"@type\":\"EntryPoint\",\"urlTemplate\":\"https:\/\/mmabay.co.uk\/sv\/?s={search_term_string}\"},\"query-input\":\"required name=search_term_string\"}],\"inLanguage\":\"sv-SE\"},{\"@type\":\"WebPage\",\"@id\":\"https:\/\/mmabay.co.uk\/sv\/dubbellista\/#webpage\",\"url\":\"https:\/\/mmabay.co.uk\/sv\/dubbellista\/\",\"name\":\"Dubbellista - Bay Reviews\",\"isPartOf\":{\"@id\":\"https:\/\/mmabay.co.uk\/sv\/#website\"},\"datePublished\":\"2022-10-03T12:09:41+00:00\",\"dateModified\":\"2022-10-03T12:09:41+00:00\",\"breadcrumb\":{\"@id\":\"https:\/\/mmabay.co.uk\/sv\/dubbellista\/#breadcrumb\"},\"inLanguage\":\"sv-SE\",\"potentialAction\":[{\"@type\":\"ReadAction\",\"target\":[\"https:\/\/mmabay.co.uk\/sv\/dubbellista\/\"]}]},{\"@type\":\"BreadcrumbList\",\"@id\":\"https:\/\/mmabay.co.uk\/sv\/dubbellista\/#breadcrumb\",\"itemListElement\":[{\"@type\":\"ListItem\",\"position\":1,\"name\":\"Home\",\"item\":\"https:\/\/mmabay.co.uk\/sv\/\"},{\"@type\":\"ListItem\",\"position\":2,\"name\":\"Dubbellista\"}]}]}<\/script>\n<!-- \/ Yoast SEO plugin. -->","yoast_head_json":{"title":"Dubbellista - Bay Reviews","robots":{"index":"index","follow":"follow","max-snippet":"max-snippet:-1","max-image-preview":"max-image-preview:large","max-video-preview":"max-video-preview:-1"},"canonical":"https:\/\/mmabay.co.uk\/sv\/dubbellista\/","og_locale":"sv_SE","og_type":"article","og_title":"Dubbellista - Bay Reviews","og_description":"Det finns en ny dejtingapp p\u00e5 scenen, och den heter DoubleList. Till skillnad fr\u00e5n andra dejtingappar \u00e4r DoubleList speciellt utformad f\u00f6r personer som letar efter [...]","og_url":"https:\/\/mmabay.co.uk\/sv\/dubbellista\/","og_site_name":"Bay Reviews","twitter_card":"summary_large_image","twitter_misc":{"Ber\u00e4knad l\u00e4stid":"5 minuter"},"schema":{"@context":"https:\/\/schema.org","@graph":[{"@type":"WebSite","@id":"https:\/\/mmabay.co.uk\/sv\/#website","url":"https:\/\/mmabay.co.uk\/sv\/","name":"Bay Reviews","description":"Casual Hookup Finder","potentialAction":[{"@type":"SearchAction","target":{"@type":"EntryPoint","urlTemplate":"https:\/\/mmabay.co.uk\/sv\/?s={search_term_string}"},"query-input":"required name=search_term_string"}],"inLanguage":"sv-SE"},{"@type":"WebPage","@id":"https:\/\/mmabay.co.uk\/sv\/dubbellista\/#webpage","url":"https:\/\/mmabay.co.uk\/sv\/dubbellista\/","name":"Dubbellista - Bay Reviews","isPartOf":{"@id":"https:\/\/mmabay.co.uk\/sv\/#website"},"datePublished":"2022-10-03T12:09:41+00:00","dateModified":"2022-10-03T12:09:41+00:00","breadcrumb":{"@id":"https:\/\/mmabay.co.uk\/sv\/dubbellista\/#breadcrumb"},"inLanguage":"sv-SE","potentialAction":[{"@type":"ReadAction","target":["https:\/\/mmabay.co.uk\/sv\/dubbellista\/"]}]},{"@type":"BreadcrumbList","@id":"https:\/\/mmabay.co.uk\/sv\/dubbellista\/#breadcrumb","itemListElement":[{"@type":"ListItem","position":1,"name":"Home","item":"https:\/\/mmabay.co.uk\/sv\/"},{"@type":"ListItem","position":2,"name":"Dubbellista"}]}]}},"_links":{"self":[{"href":"https:\/\/mmabay.co.uk\/sv\/wp-json\/wp\/v2\/pages\/196"}],"collection":[{"href":"https:\/\/mmabay.co.uk\/sv\/wp-json\/wp\/v2\/pages"}],"about":[{"href":"https:\/\/mmabay.co.uk\/sv\/wp-json\/wp\/v2\/types\/page"}],"author":[{"embeddable":true,"href":"https:\/\/mmabay.co.uk\/sv\/wp-json\/wp\/v2\/users\/1"}],"replies":[{"embeddable":true,"href":"https:\/\/mmabay.co.uk\/sv\/wp-json\/wp\/v2\/comments?post=196"}],"version-history":[{"count":0,"href":"https:\/\/mmabay.co.uk\/sv\/wp-json\/wp\/v2\/pages\/196\/revisions"}],"wp:attachment":[{"href":"https:\/\/mmabay.co.uk\/sv\/wp-json\/wp\/v2\/media?parent=196"}],"curies":[{"name":"wp","href":"https:\/\/api.w.org\/{rel}","templated":true}]}}