{"id":218,"date":"2022-10-03T13:09:10","date_gmt":"2022-10-03T12:09:10","guid":{"rendered":"http:\/\/mmabay.co.uk\/xpickup\/"},"modified":"2022-10-03T13:09:10","modified_gmt":"2022-10-03T12:09:10","slug":"xpickup","status":"publish","type":"page","link":"https:\/\/mmabay.co.uk\/sv\/xpickup\/","title":{"rendered":"XPickup"},"content":{"rendered":"<p>Det finns n\u00e5gra olika typer av <a href=\"http:\/\/mmabay.co.uk\/onebbw\/\">pickup-sexsajter<\/a>. Vissa \u00e4r inriktade p\u00e5 att hj\u00e4lpa m\u00e4nniskor att ansluta sig till fr\u00e4mlingar f\u00f6r one night stands. Andra \u00e4r mer som dejtingappar, men med den extra funktionen att hj\u00e4lpa dig att hitta n\u00e5gon att ha sex med.<\/p>\n<p>Om du letar efter ett one night stand kan en webbplats som Pure eller Tinder vara ett bra alternativ. Dessa webbplatser handlar om att tr\u00e4ffa n\u00e5gon och sedan komma ig\u00e5ng. Det finns ingen anledning att r\u00f6ra sig med sm\u00e5prat eller oroa sig f\u00f6r vad man ska g\u00f6ra h\u00e4rn\u00e4st.<\/p>\n<p>Om du letar efter n\u00e5got lite mer allvarligt kan en webbplats som OkCupid vara ett b\u00e4ttre alternativ. Dessa webbplatser handlar fortfarande om att ansluta, men de l\u00e5ter dig ocks\u00e5 l\u00e4ra k\u00e4nna n\u00e5gon lite b\u00e4ttre innan du tr\u00e4ffas. Detta kan hj\u00e4lpa till att se till att ni b\u00e5da \u00e4r p\u00e5 samma sida innan ni blir fysiska.<\/p>\n<h2>Typ av funktioner<\/h2>\n<p>Det finns m\u00e5nga olika typer av funktioner som finns p\u00e5 dejtingappar. N\u00e5gra av de mest popul\u00e4ra inkluderar m\u00f6jligheten att s\u00f6ka efter andra anv\u00e4ndare efter plats, \u00e5lder, k\u00f6n och intressen; f\u00f6rm\u00e5gan att meddela andra anv\u00e4ndare; f\u00f6rm\u00e5gan att se vem som har tittat p\u00e5 din profil; och m\u00f6jligheten att se vem som \u00e4r online. Andra funktioner som blir allt vanligare inkluderar m\u00f6jligheten att se vem som har gillat din profil, m\u00f6jligheten att se vem som har favoriterat dig och m\u00f6jligheten att se vem som har skickat dig en flirt.<\/p>\n<h2>Ditt val<\/h2>\n<p>Det finns gott om dejtingappar att v\u00e4lja mellan idag och det kan vara sv\u00e5rt att ta reda p\u00e5 vilken som passar dig. Men om du letar efter n\u00e5got lite annorlunda kan XPickup vara v\u00e4rt att kolla in.<\/p>\n<p>Till skillnad fr\u00e5n vissa andra dejtingappar handlar XPickup om att ge anv\u00e4ndarna m\u00f6jlighet att v\u00e4lja vem de vill prata med. Du kan bl\u00e4ddra igenom profiler och v\u00e4lja ut de som intresserar dig. Och om du inte \u00e4r s\u00e4ker p\u00e5 n\u00e5gon kan du alltid bara skicka dem en &#8221;h\u00e4mtning&#8221; och se om de \u00e4r intresserade.<\/p>\n<p>XPickup \u00e4r ocks\u00e5 bra f\u00f6r m\u00e4nniskor som \u00e4r blyga eller introverta, eftersom du kan ta dig tid och v\u00e4lja vem du vill prata med. Det finns ingen press att skicka meddelanden till n\u00e5gon direkt och du kan bara chatta n\u00e4r du \u00e4r redo.<\/p>\n<p>S\u00e5 om du \u00e4r tr\u00f6tt p\u00e5 samma gamla dejtingappar, prova XPickup. Det kanske bara \u00e4r pick-me-up<\/p>\n<p>Det finns m\u00e5nga dejtingappar d\u00e4r ute, och var och en har en annan prislapp. Vissa \u00e4r gratis, medan andra tar ut en m\u00e5nads- eller \u00e5rsavgift. XPickup \u00e4r en av de billigare dejtingapparna och kostar bara $ 9.99 per m\u00e5nad. Detta g\u00f6r det till ett utm\u00e4rkt alternativ f\u00f6r dem som har en budget. Dessutom erbjuder XPickup en 7-dagars provperiod s\u00e5 att du kan prova det innan du f\u00f6rbinder dig till en betald prenumeration. Detta \u00e4r ett utm\u00e4rkt s\u00e4tt att se om appen \u00e4r r\u00e4tt f\u00f6r dig. Om du letar efter en dejtingsapp som inte kommer att bryta banken \u00e4r XPickup definitivt v\u00e4rt att kolla in.<\/p>\n<h2>Medlemskap Process<\/h2>\n<p>XPickup \u00e4r en ny dejtingsapp som g\u00f6r det m\u00f6jligt f\u00f6r anv\u00e4ndare att ansluta till potentiella matchningar i deras omr\u00e5de. Appen \u00e4r gratis att ladda ner och skapa en profil. F\u00f6r att bli medlem m\u00e5ste anv\u00e4ndarna registrera sig f\u00f6r en m\u00e5nadsprenumeration. Prenumerationen ger anv\u00e4ndarna tillg\u00e5ng till XPickups exklusiva funktioner, till exempel m\u00f6jligheten att se vem som har tittat p\u00e5 deras profil, skicka obegr\u00e4nsade meddelanden och se potentiella matchningsprofiler. XPickup erbjuder ocks\u00e5 ett VIP-medlemskap, vilket ger anv\u00e4ndarna \u00e4nnu mer tillg\u00e5ng till exklusiva funktioner, till exempel m\u00f6jligheten att se vem som har gillat deras profil, skicka obegr\u00e4nsade meddelanden och se potentiella matchningsprofiler.<\/p>\n<h2>Liknar XPickup<\/h2>\n<p>Det finns m\u00e5nga dejtingappar p\u00e5 marknaden, var och en med sina egna unika funktioner. En sak som m\u00e5nga av dessa appar har gemensamt \u00e4r dock m\u00f6jligheten att l\u00e5ta anv\u00e4ndare &#8221;h\u00e4mta&#8221; andra anv\u00e4ndare som \u00e4r i n\u00e4rheten. Den h\u00e4r funktionen \u00e4r extremt praktisk f\u00f6r anv\u00e4ndare som vill tr\u00e4ffa nya m\u00e4nniskor i sitt omr\u00e5de.<\/p>\n<p>XPickup \u00e4r en dejtingapp som tar detta koncept ett steg l\u00e4ngre. Det till\u00e5ter inte bara anv\u00e4ndare att plocka upp andra anv\u00e4ndare som \u00e4r i n\u00e4rheten, men det l\u00e5ter dem ocks\u00e5 se en karta \u00f6ver var dessa anv\u00e4ndare befinner sig. Detta g\u00f6r det \u00e4nnu enklare att hitta n\u00e5gon som \u00e4r n\u00e4ra och som du kanske \u00e4r intresserad av att tr\u00e4ffa.<\/p>\n<p>Om du \u00e4r tr\u00f6tt p\u00e5 samma gamla dejtingsappar \u00e4r XPickup definitivt v\u00e4rt att kolla in. Det \u00e4r ett bra s\u00e4tt att tr\u00e4ffa nya m\u00e4nniskor i ditt omr\u00e5de, och du vet aldrig, du kanske bara hittar din perfekta match.<\/p>\n<h2>S\u00e4kerhet<\/h2>\n<p>Det finns m\u00e5nga dejtingappar d\u00e4r ute och det kan vara sv\u00e5rt att veta vilka som \u00e4r s\u00e4kra att anv\u00e4nda. XPickup \u00e4r en dejtingapp som fokuserar p\u00e5 s\u00e4kerhet och trygghet. De har ett team av experter som arbetar h\u00e5rt f\u00f6r att h\u00e5lla appen s\u00e4ker och s\u00e4ker f\u00f6r anv\u00e4ndarna. XPickup har ocks\u00e5 ett antal funktioner som hj\u00e4lper till att h\u00e5lla anv\u00e4ndarna s\u00e4kra, till exempel ett fotoverifieringssystem. Det betyder att du kan vara s\u00e4ker p\u00e5 att personen du pratar med \u00e4r den de s\u00e4ger att de \u00e4r. XPickup \u00e4r ett utm\u00e4rkt alternativ f\u00f6r dem som letar efter en s\u00e4ker och s\u00e4ker dejtingsapp.<\/p>\n<h2>\u00c4r XPickup v\u00e4rt det?<\/h2>\n<p>Det finns m\u00e5nga olika dejtingappar d\u00e4r ute och det kan vara sv\u00e5rt att avg\u00f6ra vilken som \u00e4r r\u00e4tt f\u00f6r dig. Om du letar efter n\u00e5got lite mer allvarligt \u00e4n en anslutning kan XPickup vara v\u00e4rt kostnaden. Appen \u00e4r utformad f\u00f6r att hj\u00e4lpa dig att hitta l\u00e5ngsiktiga relationer, s\u00e5 det \u00e4r ett bra alternativ om du vill sl\u00e5 dig ner. Det \u00e4r dock viktigt att komma ih\u00e5g att ingen dejtingsapp \u00e4r perfekt, och du m\u00e5ste fortfarande anstr\u00e4nga dig f\u00f6r att hitta en kompatibel match.<\/p>\n","protected":false},"excerpt":{"rendered":"<div class=\"mh-excerpt\"><p>Det finns n\u00e5gra olika typer av pickup-sexsajter. Vissa \u00e4r inriktade p\u00e5 att hj\u00e4lpa m\u00e4nniskor att ansluta sig till fr\u00e4mlingar f\u00f6r one night stands. Andra \u00e4r <a class=\"mh-excerpt-more\" href=\"https:\/\/mmabay.co.uk\/sv\/xpickup\/\" title=\"XPickup\">[&#8230;]<\/a><\/p>\n<\/div>","protected":false},"author":1,"featured_media":0,"parent":0,"menu_order":0,"comment_status":"closed","ping_status":"closed","template":"","meta":[],"yoast_head":"<!-- This site is optimized with the Yoast SEO plugin v17.7.1 - https:\/\/yoast.com\/wordpress\/plugins\/seo\/ -->\n<title>XPickup - Bay Reviews<\/title>\n<meta name=\"robots\" content=\"index, follow, max-snippet:-1, max-image-preview:large, max-video-preview:-1\" \/>\n<link rel=\"canonical\" href=\"https:\/\/mmabay.co.uk\/sv\/xpickup\/\" \/>\n<meta property=\"og:locale\" content=\"sv_SE\" \/>\n<meta property=\"og:type\" content=\"article\" \/>\n<meta property=\"og:title\" content=\"XPickup - Bay Reviews\" \/>\n<meta property=\"og:description\" content=\"Det finns n\u00e5gra olika typer av pickup-sexsajter. Vissa \u00e4r inriktade p\u00e5 att hj\u00e4lpa m\u00e4nniskor att ansluta sig till fr\u00e4mlingar f\u00f6r one night stands. Andra \u00e4r [...]\" \/>\n<meta property=\"og:url\" content=\"https:\/\/mmabay.co.uk\/sv\/xpickup\/\" \/>\n<meta property=\"og:site_name\" content=\"Bay Reviews\" \/>\n<meta name=\"twitter:card\" content=\"summary_large_image\" \/>\n<meta name=\"twitter:label1\" content=\"Ber\u00e4knad l\u00e4stid\" \/>\n\t<meta name=\"twitter:data1\" content=\"5 minuter\" \/>\n<script type=\"application\/ld+json\" class=\"yoast-schema-graph\">{\"@context\":\"https:\/\/schema.org\",\"@graph\":[{\"@type\":\"WebSite\",\"@id\":\"https:\/\/mmabay.co.uk\/sv\/#website\",\"url\":\"https:\/\/mmabay.co.uk\/sv\/\",\"name\":\"Bay Reviews\",\"description\":\"Casual Hookup Finder\",\"potentialAction\":[{\"@type\":\"SearchAction\",\"target\":{\"@type\":\"EntryPoint\",\"urlTemplate\":\"https:\/\/mmabay.co.uk\/sv\/?s={search_term_string}\"},\"query-input\":\"required name=search_term_string\"}],\"inLanguage\":\"sv-SE\"},{\"@type\":\"WebPage\",\"@id\":\"https:\/\/mmabay.co.uk\/sv\/xpickup\/#webpage\",\"url\":\"https:\/\/mmabay.co.uk\/sv\/xpickup\/\",\"name\":\"XPickup - Bay Reviews\",\"isPartOf\":{\"@id\":\"https:\/\/mmabay.co.uk\/sv\/#website\"},\"datePublished\":\"2022-10-03T12:09:10+00:00\",\"dateModified\":\"2022-10-03T12:09:10+00:00\",\"breadcrumb\":{\"@id\":\"https:\/\/mmabay.co.uk\/sv\/xpickup\/#breadcrumb\"},\"inLanguage\":\"sv-SE\",\"potentialAction\":[{\"@type\":\"ReadAction\",\"target\":[\"https:\/\/mmabay.co.uk\/sv\/xpickup\/\"]}]},{\"@type\":\"BreadcrumbList\",\"@id\":\"https:\/\/mmabay.co.uk\/sv\/xpickup\/#breadcrumb\",\"itemListElement\":[{\"@type\":\"ListItem\",\"position\":1,\"name\":\"Home\",\"item\":\"https:\/\/mmabay.co.uk\/sv\/\"},{\"@type\":\"ListItem\",\"position\":2,\"name\":\"XPickup\"}]}]}<\/script>\n<!-- \/ Yoast SEO plugin. -->","yoast_head_json":{"title":"XPickup - Bay Reviews","robots":{"index":"index","follow":"follow","max-snippet":"max-snippet:-1","max-image-preview":"max-image-preview:large","max-video-preview":"max-video-preview:-1"},"canonical":"https:\/\/mmabay.co.uk\/sv\/xpickup\/","og_locale":"sv_SE","og_type":"article","og_title":"XPickup - Bay Reviews","og_description":"Det finns n\u00e5gra olika typer av pickup-sexsajter. Vissa \u00e4r inriktade p\u00e5 att hj\u00e4lpa m\u00e4nniskor att ansluta sig till fr\u00e4mlingar f\u00f6r one night stands. Andra \u00e4r [...]","og_url":"https:\/\/mmabay.co.uk\/sv\/xpickup\/","og_site_name":"Bay Reviews","twitter_card":"summary_large_image","twitter_misc":{"Ber\u00e4knad l\u00e4stid":"5 minuter"},"schema":{"@context":"https:\/\/schema.org","@graph":[{"@type":"WebSite","@id":"https:\/\/mmabay.co.uk\/sv\/#website","url":"https:\/\/mmabay.co.uk\/sv\/","name":"Bay Reviews","description":"Casual Hookup Finder","potentialAction":[{"@type":"SearchAction","target":{"@type":"EntryPoint","urlTemplate":"https:\/\/mmabay.co.uk\/sv\/?s={search_term_string}"},"query-input":"required name=search_term_string"}],"inLanguage":"sv-SE"},{"@type":"WebPage","@id":"https:\/\/mmabay.co.uk\/sv\/xpickup\/#webpage","url":"https:\/\/mmabay.co.uk\/sv\/xpickup\/","name":"XPickup - Bay Reviews","isPartOf":{"@id":"https:\/\/mmabay.co.uk\/sv\/#website"},"datePublished":"2022-10-03T12:09:10+00:00","dateModified":"2022-10-03T12:09:10+00:00","breadcrumb":{"@id":"https:\/\/mmabay.co.uk\/sv\/xpickup\/#breadcrumb"},"inLanguage":"sv-SE","potentialAction":[{"@type":"ReadAction","target":["https:\/\/mmabay.co.uk\/sv\/xpickup\/"]}]},{"@type":"BreadcrumbList","@id":"https:\/\/mmabay.co.uk\/sv\/xpickup\/#breadcrumb","itemListElement":[{"@type":"ListItem","position":1,"name":"Home","item":"https:\/\/mmabay.co.uk\/sv\/"},{"@type":"ListItem","position":2,"name":"XPickup"}]}]}},"_links":{"self":[{"href":"https:\/\/mmabay.co.uk\/sv\/wp-json\/wp\/v2\/pages\/218"}],"collection":[{"href":"https:\/\/mmabay.co.uk\/sv\/wp-json\/wp\/v2\/pages"}],"about":[{"href":"https:\/\/mmabay.co.uk\/sv\/wp-json\/wp\/v2\/types\/page"}],"author":[{"embeddable":true,"href":"https:\/\/mmabay.co.uk\/sv\/wp-json\/wp\/v2\/users\/1"}],"replies":[{"embeddable":true,"href":"https:\/\/mmabay.co.uk\/sv\/wp-json\/wp\/v2\/comments?post=218"}],"version-history":[{"count":0,"href":"https:\/\/mmabay.co.uk\/sv\/wp-json\/wp\/v2\/pages\/218\/revisions"}],"wp:attachment":[{"href":"https:\/\/mmabay.co.uk\/sv\/wp-json\/wp\/v2\/media?parent=218"}],"curies":[{"name":"wp","href":"https:\/\/api.w.org\/{rel}","templated":true}]}}