{"id":229,"date":"2022-10-03T13:08:00","date_gmt":"2022-10-03T12:08:00","guid":{"rendered":"http:\/\/mmabay.co.uk\/instasex\/"},"modified":"2022-10-03T13:08:00","modified_gmt":"2022-10-03T12:08:00","slug":"instasex","status":"publish","type":"page","link":"https:\/\/mmabay.co.uk\/sv\/instasex\/","title":{"rendered":"Instasex"},"content":{"rendered":"<p>Om du letar efter ett nytt s\u00e4tt att krydda ditt dejtingliv, leta inte l\u00e4ngre \u00e4n Instasex. Den h\u00e4r nya appen \u00e4r utformad speciellt f\u00f6r att hj\u00e4lpa dig att hitta nya sexpartners, oavsett om du \u00e4r singel eller i ett f\u00f6rh\u00e5llande. Instasex g\u00f6r det enkelt och roligt att hitta nya partners, och du kan till och med s\u00f6ka efter specifika typer av partners baserat p\u00e5 dina sexuella preferenser. S\u00e5 om du letar efter ett nytt s\u00e4tt att l\u00e4gga dig, eller bara vill l\u00e4gga till lite krydda i ditt sexliv, se till att kolla in Instasex.<\/p>\n<h2>Matchande system<\/h2>\n<p>Instasex Matching System \u00e4r en revolutionerande ny <a href=\"http:\/\/mmabay.co.uk\/findmyflings\/\">dejtingapp<\/a> som anv\u00e4nder en unik algoritm f\u00f6r att matcha anv\u00e4ndare med potentiella sexpartners. Appen \u00e4r utformad f\u00f6r att hj\u00e4lpa anv\u00e4ndare att hitta sin perfekta matchning, och algoritmen tar h\u00e4nsyn till en m\u00e4ngd olika faktorer inklusive sexuella preferenser, plats och intressen. Appen \u00e4r f\u00f6r n\u00e4rvarande tillg\u00e4nglig p\u00e5 iOS och Android, och anv\u00e4ndare kan registrera sig gratis.<\/p>\n<h2>Alternativ<\/h2>\n<p>Instasex \u00e4r ett alternativ som g\u00f6r det m\u00f6jligt f\u00f6r anv\u00e4ndare att hitta sexpartners snabbt och enkelt. Det \u00e4r ett av de mest popul\u00e4ra alternativen p\u00e5 dejtingappar och webbplatser. Instasex g\u00f6r det enkelt att hitta n\u00e5gon som \u00e4r intresserad av samma sak som du. Allt du beh\u00f6ver g\u00f6ra \u00e4r att svepa \u00e5t h\u00f6ger p\u00e5 deras profil och du kan b\u00f6rja chatta.<\/p>\n<p>Instasex \u00e4r ett utm\u00e4rkt alternativ f\u00f6r m\u00e4nniskor som letar efter en snabb anslutning. Det \u00e4r ocks\u00e5 ett bra alternativ f\u00f6r m\u00e4nniskor som \u00e4r nya p\u00e5 dejtingscenen och inte \u00e4r s\u00e4kra p\u00e5 vad de letar efter. Instasex \u00e4r ett s\u00e4kert och enkelt s\u00e4tt att hitta sexpartners.<\/p>\n<p>Appen till\u00e5ter anv\u00e4ndare att v\u00e4lja ett datum och sedan betala f\u00f6r det via appen. P\u00e5 s\u00e5 s\u00e4tt kan anv\u00e4ndare undvika besv\u00e4ret med att b\u00e4ra kontanter eller anv\u00e4nda ett kreditkort. Appen \u00e4r f\u00f6r n\u00e4rvarande tillg\u00e4nglig i USA och Storbritannien.<\/p>\n<h2>Medlemskap Registrera dig<\/h2>\n<p>Instasex \u00e4r en ny dejtingapp som snabbt blir popul\u00e4r bland anv\u00e4ndarna. Appen till\u00e5ter anv\u00e4ndare att hitta potentiella sexpartners i sitt omr\u00e5de och sedan chatta, utbyta foton och ordna att tr\u00e4ffas. Appen \u00e4r gratis att ladda ner och anv\u00e4nda, men det finns ocks\u00e5 ett betalt medlemskapsalternativ som ger anv\u00e4ndarna tillg\u00e5ng till ytterligare funktioner.<\/p>\n<p>Det betalda medlemskapet ger anv\u00e4ndarna m\u00f6jlighet att se vem som har tittat p\u00e5 deras profil, skicka obegr\u00e4nsade meddelanden och se vem som \u00e4r online n\u00e4r de \u00e4r det. Det till\u00e5ter ocks\u00e5 anv\u00e4ndare att se obegr\u00e4nsade profiler och se vem som \u00e4r ny i deras omr\u00e5de. Det betalda medlemskapet \u00e4r $ 9.99 per m\u00e5nad, men det finns ocks\u00e5 en 7 dagars gratis provperiod tillg\u00e4nglig.<\/p>\n<p>Instasex \u00e4r ett utm\u00e4rkt alternativ f\u00f6r dem som letar efter ett nytt s\u00e4tt att tr\u00e4ffa potentiella sexpartners. Appen \u00e4r enkel att anv\u00e4nda och har m\u00e5nga funktioner som \u00e4r f\u00f6rdelaktiga f\u00f6r anv\u00e4ndarna. Det betalda medlemskapet \u00e4r definitivt v\u00e4rt priset f\u00f6r dem som vill f\u00e5 ut det mesta av appen.<\/p>\n<h2>Webbplatser som Instasex<\/h2>\n<p>Det finns m\u00e5nga webbplatser som Instasex som fokuserar p\u00e5 att hj\u00e4lpa m\u00e4nniskor att f\u00e5 kontakt med andra f\u00f6r sexuella m\u00f6ten. Dessa webbplatser kan vara till stor hj\u00e4lp f\u00f6r dem som vill krydda sitt sexliv eller f\u00f6r dem som helt enkelt letar efter en ny partner. M\u00e5nga av dessa webbplatser erbjuder en m\u00e4ngd olika funktioner, till exempel chattrum, snabbmeddelanden och till och med videochatt, vilket kan g\u00f6ra det mycket l\u00e4ttare att hitta r\u00e4tt person f\u00f6r dig.<\/p>\n<p>Instasex \u00e4r en av de s\u00e4kraste dejtingapparna som finns. Den anv\u00e4nder en strikt verifieringsprocess f\u00f6r att s\u00e4kerst\u00e4lla att alla anv\u00e4ndare \u00e4r riktiga, och den anv\u00e4nder ett team av moderatorer som h\u00e5ller ett \u00f6ga p\u00e5 appen 24\/7 f\u00f6r att se till att inget ol\u00e4mpligt inneh\u00e5ll publiceras. Dessutom erbjuder appen ett antal funktioner f\u00f6r att h\u00e5lla anv\u00e4ndarna s\u00e4kra, till exempel m\u00f6jligheten att rapportera och blockera andra anv\u00e4ndare och en inbyggd chattfunktion som g\u00f6r det m\u00f6jligt f\u00f6r anv\u00e4ndare att l\u00e4ra k\u00e4nna varandra innan de tr\u00e4ffas personligen. Sammantaget \u00e4r Instasex ett s\u00e4kert och p\u00e5litligt alternativ f\u00f6r dem som letar efter ett s\u00e4kert och bekv\u00e4mt s\u00e4tt att tr\u00e4ffa nya m\u00e4nniskor.<\/p>\n<h2>\u00c4r Instasex v\u00e4rt det?<\/h2>\n<p>Det finns inget enkelt svar n\u00e4r det g\u00e4ller huruvida dejtingappen Instasex \u00e4r v\u00e4rd kostnaden eller inte. \u00c5 ena sidan erbjuder appen en unik upplevelse som g\u00f6r det m\u00f6jligt f\u00f6r anv\u00e4ndare att ansluta till varandra p\u00e5 ett mer intimt s\u00e4tt. \u00c5 andra sidan \u00e4r appen ganska dyr, och det \u00e4r inte klart om den erbjuder tillr\u00e4ckligt med v\u00e4rde f\u00f6r att motivera kostnaden. I slut\u00e4ndan kommer beslutet om huruvida Instasex ska anv\u00e4ndas eller inte att komma ner till varje individs behov och budget.<\/p>\n","protected":false},"excerpt":{"rendered":"<div class=\"mh-excerpt\"><p>Om du letar efter ett nytt s\u00e4tt att krydda ditt dejtingliv, leta inte l\u00e4ngre \u00e4n Instasex. Den h\u00e4r nya appen \u00e4r utformad speciellt f\u00f6r att <a class=\"mh-excerpt-more\" href=\"https:\/\/mmabay.co.uk\/sv\/instasex\/\" title=\"Instasex\">[&#8230;]<\/a><\/p>\n<\/div>","protected":false},"author":1,"featured_media":0,"parent":0,"menu_order":0,"comment_status":"closed","ping_status":"closed","template":"","meta":[],"yoast_head":"<!-- This site is optimized with the Yoast SEO plugin v17.7.1 - https:\/\/yoast.com\/wordpress\/plugins\/seo\/ -->\n<title>Instasex - Bay Reviews<\/title>\n<meta name=\"robots\" content=\"index, follow, max-snippet:-1, max-image-preview:large, max-video-preview:-1\" \/>\n<link rel=\"canonical\" href=\"https:\/\/mmabay.co.uk\/sv\/instasex\/\" \/>\n<meta property=\"og:locale\" content=\"sv_SE\" \/>\n<meta property=\"og:type\" content=\"article\" \/>\n<meta property=\"og:title\" content=\"Instasex - Bay Reviews\" \/>\n<meta property=\"og:description\" content=\"Om du letar efter ett nytt s\u00e4tt att krydda ditt dejtingliv, leta inte l\u00e4ngre \u00e4n Instasex. Den h\u00e4r nya appen \u00e4r utformad speciellt f\u00f6r att [...]\" \/>\n<meta property=\"og:url\" content=\"https:\/\/mmabay.co.uk\/sv\/instasex\/\" \/>\n<meta property=\"og:site_name\" content=\"Bay Reviews\" \/>\n<meta name=\"twitter:card\" content=\"summary_large_image\" \/>\n<meta name=\"twitter:label1\" content=\"Ber\u00e4knad l\u00e4stid\" \/>\n\t<meta name=\"twitter:data1\" content=\"4 minuter\" \/>\n<script type=\"application\/ld+json\" class=\"yoast-schema-graph\">{\"@context\":\"https:\/\/schema.org\",\"@graph\":[{\"@type\":\"WebSite\",\"@id\":\"https:\/\/mmabay.co.uk\/sv\/#website\",\"url\":\"https:\/\/mmabay.co.uk\/sv\/\",\"name\":\"Bay Reviews\",\"description\":\"Casual Hookup Finder\",\"potentialAction\":[{\"@type\":\"SearchAction\",\"target\":{\"@type\":\"EntryPoint\",\"urlTemplate\":\"https:\/\/mmabay.co.uk\/sv\/?s={search_term_string}\"},\"query-input\":\"required name=search_term_string\"}],\"inLanguage\":\"sv-SE\"},{\"@type\":\"WebPage\",\"@id\":\"https:\/\/mmabay.co.uk\/sv\/instasex\/#webpage\",\"url\":\"https:\/\/mmabay.co.uk\/sv\/instasex\/\",\"name\":\"Instasex - Bay Reviews\",\"isPartOf\":{\"@id\":\"https:\/\/mmabay.co.uk\/sv\/#website\"},\"datePublished\":\"2022-10-03T12:08:00+00:00\",\"dateModified\":\"2022-10-03T12:08:00+00:00\",\"breadcrumb\":{\"@id\":\"https:\/\/mmabay.co.uk\/sv\/instasex\/#breadcrumb\"},\"inLanguage\":\"sv-SE\",\"potentialAction\":[{\"@type\":\"ReadAction\",\"target\":[\"https:\/\/mmabay.co.uk\/sv\/instasex\/\"]}]},{\"@type\":\"BreadcrumbList\",\"@id\":\"https:\/\/mmabay.co.uk\/sv\/instasex\/#breadcrumb\",\"itemListElement\":[{\"@type\":\"ListItem\",\"position\":1,\"name\":\"Home\",\"item\":\"https:\/\/mmabay.co.uk\/sv\/\"},{\"@type\":\"ListItem\",\"position\":2,\"name\":\"Instasex\"}]}]}<\/script>\n<!-- \/ Yoast SEO plugin. -->","yoast_head_json":{"title":"Instasex - Bay Reviews","robots":{"index":"index","follow":"follow","max-snippet":"max-snippet:-1","max-image-preview":"max-image-preview:large","max-video-preview":"max-video-preview:-1"},"canonical":"https:\/\/mmabay.co.uk\/sv\/instasex\/","og_locale":"sv_SE","og_type":"article","og_title":"Instasex - Bay Reviews","og_description":"Om du letar efter ett nytt s\u00e4tt att krydda ditt dejtingliv, leta inte l\u00e4ngre \u00e4n Instasex. Den h\u00e4r nya appen \u00e4r utformad speciellt f\u00f6r att [...]","og_url":"https:\/\/mmabay.co.uk\/sv\/instasex\/","og_site_name":"Bay Reviews","twitter_card":"summary_large_image","twitter_misc":{"Ber\u00e4knad l\u00e4stid":"4 minuter"},"schema":{"@context":"https:\/\/schema.org","@graph":[{"@type":"WebSite","@id":"https:\/\/mmabay.co.uk\/sv\/#website","url":"https:\/\/mmabay.co.uk\/sv\/","name":"Bay Reviews","description":"Casual Hookup Finder","potentialAction":[{"@type":"SearchAction","target":{"@type":"EntryPoint","urlTemplate":"https:\/\/mmabay.co.uk\/sv\/?s={search_term_string}"},"query-input":"required name=search_term_string"}],"inLanguage":"sv-SE"},{"@type":"WebPage","@id":"https:\/\/mmabay.co.uk\/sv\/instasex\/#webpage","url":"https:\/\/mmabay.co.uk\/sv\/instasex\/","name":"Instasex - Bay Reviews","isPartOf":{"@id":"https:\/\/mmabay.co.uk\/sv\/#website"},"datePublished":"2022-10-03T12:08:00+00:00","dateModified":"2022-10-03T12:08:00+00:00","breadcrumb":{"@id":"https:\/\/mmabay.co.uk\/sv\/instasex\/#breadcrumb"},"inLanguage":"sv-SE","potentialAction":[{"@type":"ReadAction","target":["https:\/\/mmabay.co.uk\/sv\/instasex\/"]}]},{"@type":"BreadcrumbList","@id":"https:\/\/mmabay.co.uk\/sv\/instasex\/#breadcrumb","itemListElement":[{"@type":"ListItem","position":1,"name":"Home","item":"https:\/\/mmabay.co.uk\/sv\/"},{"@type":"ListItem","position":2,"name":"Instasex"}]}]}},"_links":{"self":[{"href":"https:\/\/mmabay.co.uk\/sv\/wp-json\/wp\/v2\/pages\/229"}],"collection":[{"href":"https:\/\/mmabay.co.uk\/sv\/wp-json\/wp\/v2\/pages"}],"about":[{"href":"https:\/\/mmabay.co.uk\/sv\/wp-json\/wp\/v2\/types\/page"}],"author":[{"embeddable":true,"href":"https:\/\/mmabay.co.uk\/sv\/wp-json\/wp\/v2\/users\/1"}],"replies":[{"embeddable":true,"href":"https:\/\/mmabay.co.uk\/sv\/wp-json\/wp\/v2\/comments?post=229"}],"version-history":[{"count":0,"href":"https:\/\/mmabay.co.uk\/sv\/wp-json\/wp\/v2\/pages\/229\/revisions"}],"wp:attachment":[{"href":"https:\/\/mmabay.co.uk\/sv\/wp-json\/wp\/v2\/media?parent=229"}],"curies":[{"name":"wp","href":"https:\/\/api.w.org\/{rel}","templated":true}]}}