{"id":232,"date":"2022-10-03T13:07:38","date_gmt":"2022-10-03T12:07:38","guid":{"rendered":"http:\/\/mmabay.co.uk\/findmyflings\/"},"modified":"2022-10-03T13:07:38","modified_gmt":"2022-10-03T12:07:38","slug":"findmyflings","status":"publish","type":"page","link":"https:\/\/mmabay.co.uk\/sv\/findmyflings\/","title":{"rendered":"FindMyFlings"},"content":{"rendered":"<p>FindMyFlings \u00e4r en <a href=\"http:\/\/mmabay.co.uk\/squirt\/\">fantastisk ny dejtingsapp<\/a> som hj\u00e4lper dig att hitta lokala singlar som letar efter samma sak som du. Oavsett om du letar efter en avslappnad anslutning eller ett mer seri\u00f6st f\u00f6rh\u00e5llande kan FindMyFlings hj\u00e4lpa dig att hitta din perfekta match. Appen \u00e4r enkel att anv\u00e4nda och har massor av fantastiska funktioner, som ett inbyggt chattsystem och en &#8221;flirta&#8221; -funktion som l\u00e5ter dig l\u00e5ta andra anv\u00e4ndare veta att du \u00e4r intresserad av dem. B\u00e4st av allt, det \u00e4r helt gratis att anv\u00e4nda!<\/p>\n<h2>Anslutningsfunktioner<\/h2>\n<p>FindMyFlings \u00e4r en anslutningsapp som l\u00e5ter dig hitta potentiella anslutningar n\u00e4ra dig. Appen \u00e4r gratis att ladda ner och anv\u00e4nda, och den erbjuder en m\u00e4ngd olika funktioner som hj\u00e4lper dig att hitta en matchning. Du kan visa profiler f\u00f6r andra anv\u00e4ndare, skicka meddelanden och foton och till och med tr\u00e4ffas personligen om ni b\u00e5da \u00e4r intresserade. Appen har ocks\u00e5 en &#8221;fling finder&#8221; -funktion som l\u00e5ter dig s\u00f6ka efter potentiella anslutningar i ditt omr\u00e5de. Oavsett om du letar efter en eng\u00e5ngsanslutning eller ett l\u00e5ngsiktigt f\u00f6rh\u00e5llande kan FindMyFlings hj\u00e4lpa dig att hitta det du letar efter.<\/p>\n<h2>Alternativ f\u00f6r medlemskap<\/h2>\n<p>Det finns n\u00e5gra olika medlemsalternativ f\u00f6r FindMyFlings. Du kan registrera dig f\u00f6r ett gratis konto, vilket ger dig begr\u00e4nsad tillg\u00e5ng till webbplatsen, eller s\u00e5 kan du uppgradera till ett betalt konto. Betalda konton b\u00f6rjar p\u00e5 $ 9.99 per m\u00e5nad, och de kommer med n\u00e5gra ytterligare funktioner, som obegr\u00e4nsade meddelanden och tillg\u00e5ng till premiums\u00f6kfilter.<\/p>\n<p>Om du letar efter en dejtingsapp som kan hj\u00e4lpa dig att hitta en avslappnad fling, \u00e4r FindMyFlings definitivt v\u00e4rt att kolla in. Det kostnadsfria kontot \u00e4r ett utm\u00e4rkt s\u00e4tt att komma ig\u00e5ng, men om du verkligen vill f\u00e5 ut det mesta av webbplatsen \u00e4r det definitivt v\u00e4rt att uppgradera till ett betalt konto.<\/p>\n<h2>Medlemsavgifter<\/h2>\n<p>FindMyFlings erbjuder en m\u00e4ngd olika medlemsalternativ som passar dina behov. Du kan v\u00e4lja att betala m\u00e5nadsvis, kvartalsvis eller \u00e5rligen. M\u00e5nadsavgiften \u00e4r $ 24.99, kvartalsavgiften \u00e4r $ 69.99 och \u00e5rsavgiften \u00e4r $ 119.99. FindMyFlings erbjuder ocks\u00e5 en 7-dagars gratis provperiod s\u00e5 att du kan prova innan du k\u00f6per.<\/p>\n<p>FindMyFlings \u00e4r ett utm\u00e4rkt alternativ f\u00f6r dem som letar efter en dejtingsapp som erbjuder en m\u00e4ngd olika funktioner och alternativ. Medlemsavgifterna \u00e4r rimliga, och den 7-dagars kostnadsfria provperioden \u00e4r ett utm\u00e4rkt s\u00e4tt att prova appen innan du f\u00f6rbinder dig till ett betalt medlemskap.<\/p>\n<h2>Profil och registrering<\/h2>\n<p>Om du letar efter en fling \u00e4r FindMyFlings dejtingsappen f\u00f6r dig. Med \u00f6ver 50 miljoner anv\u00e4ndare \u00e4r FindMyFlings den st\u00f6rsta dejtingsappen f\u00f6r singlar som letar efter en fling. FindMyFlings \u00e4r gratis att ladda ner och anv\u00e4nda, och du kan registrera dig f\u00f6r ett konto p\u00e5 bara n\u00e5gra sekunder. N\u00e4r du har registrerat dig kan du b\u00f6rja bl\u00e4ddra igenom profiler av singlar i ditt omr\u00e5de. N\u00e4r du hittar n\u00e5gon du \u00e4r intresserad av kan du skicka ett meddelande till dem och b\u00f6rja chatta. FindMyFlings \u00e4r ett bra s\u00e4tt att tr\u00e4ffa nya m\u00e4nniskor och ha det bra.<\/p>\n<h2>Webbplatser som FindMyFlings<\/h2>\n<p>Det finns en m\u00e4ngd olika appar som tillgodoser olika behov n\u00e4r det g\u00e4ller dejting. FindMyFlings \u00e4r ett alternativ som fokuserar p\u00e5 att ansluta m\u00e4nniskor f\u00f6r avslappnade m\u00f6ten. Appen \u00e4r tillg\u00e4nglig gratis p\u00e5 iOS och Android, och det \u00e4r ett av de mer popul\u00e4ra valen f\u00f6r dem som letar efter en fling.<\/p>\n<p>FindMyFlings \u00e4r ganska enkelt &#8211; du skapar en profil med n\u00e5gra foton och lite om dig sj\u00e4lv, och sedan kan du bl\u00e4ddra igenom profiler f\u00f6r andra anv\u00e4ndare i ditt omr\u00e5de. Om du hittar n\u00e5gon du \u00e4r intresserad av kan du skicka ett meddelande till dem och se om det finns en anslutning.<\/p>\n<p>Appen anv\u00e4nds mest av m\u00e4nniskor i 20- och 30-\u00e5rs\u00e5ldern, och det \u00e4r ett utm\u00e4rkt s\u00e4tt att tr\u00e4ffa n\u00e5gon f\u00f6r ett avslappnat m\u00f6te om det \u00e4r det du letar efter. Men eftersom det \u00e4r fokuserat p\u00e5 anslutningar kanske det inte \u00e4r det b\u00e4sta valet om du letar efter<\/p>\n<p>FindMyFlings \u00e4r en s\u00e4ker dejtingsapp som l\u00e5ter dig hitta potentiella partners i ditt omr\u00e5de. Appen anv\u00e4nder din plats f\u00f6r att hitta matchningar och l\u00e5ter dig chatta med dem. Du kan ocks\u00e5 se deras profiler och foton. FindMyFlings \u00e4r en s\u00e4ker app som anv\u00e4nder SSL-kryptering f\u00f6r att skydda dina data. Appen har ocks\u00e5 en sekretesspolicy som l\u00e5ter dig styra vem som kan se din information. FindMyFlings \u00e4r en s\u00e4ker dejtingsapp som du kan anv\u00e4nda f\u00f6r att hitta potentiella partners i ditt omr\u00e5de.<\/p>\n<h2>\u00c4r FindMyFlings v\u00e4rt det?<\/h2>\n<p>Det finns s\u00e5 m\u00e5nga dejtingappar p\u00e5 marknaden, det kan vara sv\u00e5rt att veta vilken som \u00e4r r\u00e4tt f\u00f6r dig. Om du letar efter n\u00e5got allvarligt kan FindMyFlings vara v\u00e4rt kostnaden. Det \u00e4r en popul\u00e4r app med gott rykte f\u00f6r att hj\u00e4lpa m\u00e4nniskor att hitta l\u00e5ngsiktiga relationer. Nackdelen \u00e4r att det inte \u00e4r gratis att anv\u00e4nda, s\u00e5 du m\u00e5ste best\u00e4mma om det \u00e4r v\u00e4rt investeringen.<\/p>\n","protected":false},"excerpt":{"rendered":"<div class=\"mh-excerpt\"><p>FindMyFlings \u00e4r en fantastisk ny dejtingsapp som hj\u00e4lper dig att hitta lokala singlar som letar efter samma sak som du. Oavsett om du letar efter <a class=\"mh-excerpt-more\" href=\"https:\/\/mmabay.co.uk\/sv\/findmyflings\/\" title=\"FindMyFlings\">[&#8230;]<\/a><\/p>\n<\/div>","protected":false},"author":1,"featured_media":0,"parent":0,"menu_order":0,"comment_status":"closed","ping_status":"closed","template":"","meta":[],"yoast_head":"<!-- This site is optimized with the Yoast SEO plugin v17.7.1 - https:\/\/yoast.com\/wordpress\/plugins\/seo\/ -->\n<title>FindMyFlings - Bay Reviews<\/title>\n<meta name=\"robots\" content=\"index, follow, max-snippet:-1, max-image-preview:large, max-video-preview:-1\" \/>\n<link rel=\"canonical\" href=\"https:\/\/mmabay.co.uk\/sv\/findmyflings\/\" \/>\n<meta property=\"og:locale\" content=\"sv_SE\" \/>\n<meta property=\"og:type\" content=\"article\" \/>\n<meta property=\"og:title\" content=\"FindMyFlings - Bay Reviews\" \/>\n<meta property=\"og:description\" content=\"FindMyFlings \u00e4r en fantastisk ny dejtingsapp som hj\u00e4lper dig att hitta lokala singlar som letar efter samma sak som du. Oavsett om du letar efter [...]\" \/>\n<meta property=\"og:url\" content=\"https:\/\/mmabay.co.uk\/sv\/findmyflings\/\" \/>\n<meta property=\"og:site_name\" content=\"Bay Reviews\" \/>\n<meta name=\"twitter:card\" content=\"summary_large_image\" \/>\n<meta name=\"twitter:label1\" content=\"Ber\u00e4knad l\u00e4stid\" \/>\n\t<meta name=\"twitter:data1\" content=\"5 minuter\" \/>\n<script type=\"application\/ld+json\" class=\"yoast-schema-graph\">{\"@context\":\"https:\/\/schema.org\",\"@graph\":[{\"@type\":\"WebSite\",\"@id\":\"https:\/\/mmabay.co.uk\/sv\/#website\",\"url\":\"https:\/\/mmabay.co.uk\/sv\/\",\"name\":\"Bay Reviews\",\"description\":\"Casual Hookup Finder\",\"potentialAction\":[{\"@type\":\"SearchAction\",\"target\":{\"@type\":\"EntryPoint\",\"urlTemplate\":\"https:\/\/mmabay.co.uk\/sv\/?s={search_term_string}\"},\"query-input\":\"required name=search_term_string\"}],\"inLanguage\":\"sv-SE\"},{\"@type\":\"WebPage\",\"@id\":\"https:\/\/mmabay.co.uk\/sv\/findmyflings\/#webpage\",\"url\":\"https:\/\/mmabay.co.uk\/sv\/findmyflings\/\",\"name\":\"FindMyFlings - Bay Reviews\",\"isPartOf\":{\"@id\":\"https:\/\/mmabay.co.uk\/sv\/#website\"},\"datePublished\":\"2022-10-03T12:07:38+00:00\",\"dateModified\":\"2022-10-03T12:07:38+00:00\",\"breadcrumb\":{\"@id\":\"https:\/\/mmabay.co.uk\/sv\/findmyflings\/#breadcrumb\"},\"inLanguage\":\"sv-SE\",\"potentialAction\":[{\"@type\":\"ReadAction\",\"target\":[\"https:\/\/mmabay.co.uk\/sv\/findmyflings\/\"]}]},{\"@type\":\"BreadcrumbList\",\"@id\":\"https:\/\/mmabay.co.uk\/sv\/findmyflings\/#breadcrumb\",\"itemListElement\":[{\"@type\":\"ListItem\",\"position\":1,\"name\":\"Home\",\"item\":\"https:\/\/mmabay.co.uk\/sv\/\"},{\"@type\":\"ListItem\",\"position\":2,\"name\":\"FindMyFlings\"}]}]}<\/script>\n<!-- \/ Yoast SEO plugin. -->","yoast_head_json":{"title":"FindMyFlings - Bay Reviews","robots":{"index":"index","follow":"follow","max-snippet":"max-snippet:-1","max-image-preview":"max-image-preview:large","max-video-preview":"max-video-preview:-1"},"canonical":"https:\/\/mmabay.co.uk\/sv\/findmyflings\/","og_locale":"sv_SE","og_type":"article","og_title":"FindMyFlings - Bay Reviews","og_description":"FindMyFlings \u00e4r en fantastisk ny dejtingsapp som hj\u00e4lper dig att hitta lokala singlar som letar efter samma sak som du. Oavsett om du letar efter [...]","og_url":"https:\/\/mmabay.co.uk\/sv\/findmyflings\/","og_site_name":"Bay Reviews","twitter_card":"summary_large_image","twitter_misc":{"Ber\u00e4knad l\u00e4stid":"5 minuter"},"schema":{"@context":"https:\/\/schema.org","@graph":[{"@type":"WebSite","@id":"https:\/\/mmabay.co.uk\/sv\/#website","url":"https:\/\/mmabay.co.uk\/sv\/","name":"Bay Reviews","description":"Casual Hookup Finder","potentialAction":[{"@type":"SearchAction","target":{"@type":"EntryPoint","urlTemplate":"https:\/\/mmabay.co.uk\/sv\/?s={search_term_string}"},"query-input":"required name=search_term_string"}],"inLanguage":"sv-SE"},{"@type":"WebPage","@id":"https:\/\/mmabay.co.uk\/sv\/findmyflings\/#webpage","url":"https:\/\/mmabay.co.uk\/sv\/findmyflings\/","name":"FindMyFlings - Bay Reviews","isPartOf":{"@id":"https:\/\/mmabay.co.uk\/sv\/#website"},"datePublished":"2022-10-03T12:07:38+00:00","dateModified":"2022-10-03T12:07:38+00:00","breadcrumb":{"@id":"https:\/\/mmabay.co.uk\/sv\/findmyflings\/#breadcrumb"},"inLanguage":"sv-SE","potentialAction":[{"@type":"ReadAction","target":["https:\/\/mmabay.co.uk\/sv\/findmyflings\/"]}]},{"@type":"BreadcrumbList","@id":"https:\/\/mmabay.co.uk\/sv\/findmyflings\/#breadcrumb","itemListElement":[{"@type":"ListItem","position":1,"name":"Home","item":"https:\/\/mmabay.co.uk\/sv\/"},{"@type":"ListItem","position":2,"name":"FindMyFlings"}]}]}},"_links":{"self":[{"href":"https:\/\/mmabay.co.uk\/sv\/wp-json\/wp\/v2\/pages\/232"}],"collection":[{"href":"https:\/\/mmabay.co.uk\/sv\/wp-json\/wp\/v2\/pages"}],"about":[{"href":"https:\/\/mmabay.co.uk\/sv\/wp-json\/wp\/v2\/types\/page"}],"author":[{"embeddable":true,"href":"https:\/\/mmabay.co.uk\/sv\/wp-json\/wp\/v2\/users\/1"}],"replies":[{"embeddable":true,"href":"https:\/\/mmabay.co.uk\/sv\/wp-json\/wp\/v2\/comments?post=232"}],"version-history":[{"count":0,"href":"https:\/\/mmabay.co.uk\/sv\/wp-json\/wp\/v2\/pages\/232\/revisions"}],"wp:attachment":[{"href":"https:\/\/mmabay.co.uk\/sv\/wp-json\/wp\/v2\/media?parent=232"}],"curies":[{"name":"wp","href":"https:\/\/api.w.org\/{rel}","templated":true}]}}